{"id":3737,"date":"2026-03-16T17:40:30","date_gmt":"2026-03-16T22:40:30","guid":{"rendered":"https:\/\/elrincondelquimico.com\/?post_type=product&#038;p=3737"},"modified":"2026-03-16T17:43:03","modified_gmt":"2026-03-16T22:43:03","slug":"goma-xanthan-80-mesh-x-500-gr-insumos-quimicos-agroquimica","status":"publish","type":"product","link":"https:\/\/elrincondelquimico.com\/?product=goma-xanthan-80-mesh-x-500-gr-insumos-quimicos-agroquimica","title":{"rendered":"GOMA XANTHAN 80 MESH X 500 GR &#8211; INSUMOS QUIMICOS &#8211; AGROQUIMICA"},"content":{"rendered":"<p><strong>Goma Xanthan 80 Mesh: El aliado perfecto para tus recetas y proyectos<\/strong>La<strong>\u00a0Goma Xanthan 80 Mesh<\/strong>\u00a0es un polisac\u00e1rido natural, de alto peso molecular producido por fermentaci\u00f3n de la sacarosa o glucosa por medio de bacterias\u00a0<em>Xanthomonas campestris<\/em>. Se caracteriza por ser un polvo fino, sin olor, de color blanco cremoso a color crema, se disuelve f\u00e1cilmente en agua caliente o fr\u00eda.El toque m\u00e1gico en tus recetas:\u00a0Olv\u00eddate de grumos y texturas indeseables. La Goma Xanthan 80 Mesh act\u00faa como un espesante y estabilizante natural, brindando a tus recetas la textura perfecta sin alterar el sabor. Ideal para salsas, cremas, helados, productos horneados y mucho m\u00e1s.<\/p>\n<h3>M\u00e1s que un simple espesante<\/h3>\n<p>La Goma Xanthan 80 Mesh no solo aporta textura, sino que tambi\u00e9n funciona como un emulsionante excepcional, permitiendo una mezcla homog\u00e9nea de ingredientes y una mejor suspensi\u00f3n de part\u00edculas.<\/p>\n<h3>Un aliado para la industria<\/h3>\n<p>La Goma Xanthan 80 Mesh es un ingrediente indispensable en la industria alimentaria, farmac\u00e9utica, agr\u00edcola, qu\u00edmica fina y en la extracci\u00f3n del petr\u00f3leo. Sus propiedades \u00fanicas la convierten en un componente esencial para diversos procesos industriales.<\/p>\n<h3><strong>Usos y Aplicaciones del Producto<\/strong><\/h3>\n<p>Es usado como aditivo alimenticio por sus propiedades como estabilizante, espesante y emulsionante. la producci\u00f3n de alimentos sin gluten. Adem\u00e1s se usa en la industria farmac\u00e9utica, en la agricultura, qu\u00edmica fina y en la extracci\u00f3n del petr\u00f3leo.No altera el sabor y se mezcla f\u00e1cilmente con cualquier tipo de alimento o bebida.Se usa en: vinagretas para ensaladas, postres congelados, salsas, jarabes, productos de panader\u00eda, bebidas, condimentos, entre otros.<\/p>\n<h3><strong>Caracter\u00edsticas F\u00edsicas y Qu\u00edmicas<\/strong><\/h3>\n<ul>\n<li>Apariencia (25\u00b0C) Polvo<\/li>\n<li>Color Beige<\/li>\n<li>Tama\u00f1o de part\u00edcula (%malla #80 pasa) 80<\/li>\n<li>Viscosidad (1%H2O+1%KCl\/bflvf60rpm\/cps) 1200-1600<\/li>\n<li>Metales pesados (ppm) 20.0 M\u00e1ximo<\/li>\n<li>Ars\u00e9nico (ppm) 3.0 M\u00e1ximo<\/li>\n<li>Plomo (ppm) 5.0 M\u00e1ximo<\/li>\n<li>Cuenta total 2000 UFC\/g<\/li>\n<li>Levaduras (ufc\/g) 200.0 M\u00e1ximo<\/li>\n<li>Hongos (ufc\/g) 200.0 M\u00e1ximo<\/li>\n<\/ul>\n<p>Solicita informaci\u00f3n al 955462277 o al correo marmedinversiones@hotmail.com<\/p>\n<p>Im\u00e1genes referenciales, color de frasco var\u00eda dependiendo del tipo de producto.<\/p>\n<p>&nbsp;<\/p>\n","protected":false},"excerpt":{"rendered":"<p><strong>Presentaci\u00f3n x 1 KG: S\/110.00 INC IGV<\/strong><\/p>\n<p><strong>Presentaci\u00f3n x 5 KG: S\/272.00 INC IGV<\/strong><\/p>\n<p><strong>Presentaci\u00f3n x 25 KG: S\/845.00 INC IGV<\/strong><\/p>\n<p><a href=\"www.elrincodelquimico.com\" target=\"_blank\" rel=\"noopener\"><img decoding=\"async\" class=\"alignnone\" src=\"https:\/\/upload.wikimedia.org\/wikipedia\/commons\/thumb\/8\/87\/PDF_file_icon.svg\/330px-PDF_file_icon.svg.png\" alt=\"Archivo:PDF file icon.svg - Wikipedia, la enciclopedia libre\" width=\"23\" height=\"28\" \/><\/a> Ficha T\u00e9cnica<\/p>\n","protected":false},"featured_media":3724,"comment_status":"open","ping_status":"closed","template":"","meta":{"inline_featured_image":false},"product_brand":[],"product_cat":[336,335],"product_tag":[337,339,338],"class_list":{"0":"post-3737","1":"product","2":"type-product","3":"status-publish","4":"has-post-thumbnail","6":"product_cat-agroquimica","7":"product_cat-otros-2","8":"product_tag-insumos","9":"product_tag-peru","10":"product_tag-quimicos","12":"first","13":"instock","14":"shipping-taxable","15":"purchasable","16":"product-type-simple"},"blog_post_layout_featured_media_urls":{"thumbnail":["https:\/\/elrincondelquimico.com\/wp-content\/uploads\/2026\/03\/Sin-titulo-2-150x150.jpg",150,150,true],"full":["https:\/\/elrincondelquimico.com\/wp-content\/uploads\/2026\/03\/Sin-titulo-2.jpg",2027,2027,false]},"categories":null,"categories_names":null,"comments_number":"0","_links":{"self":[{"href":"https:\/\/elrincondelquimico.com\/index.php?rest_route=\/wp\/v2\/product\/3737","targetHints":{"allow":["GET"]}}],"collection":[{"href":"https:\/\/elrincondelquimico.com\/index.php?rest_route=\/wp\/v2\/product"}],"about":[{"href":"https:\/\/elrincondelquimico.com\/index.php?rest_route=\/wp\/v2\/types\/product"}],"replies":[{"embeddable":true,"href":"https:\/\/elrincondelquimico.com\/index.php?rest_route=%2Fwp%2Fv2%2Fcomments&post=3737"}],"wp:featuredmedia":[{"embeddable":true,"href":"https:\/\/elrincondelquimico.com\/index.php?rest_route=\/wp\/v2\/media\/3724"}],"wp:attachment":[{"href":"https:\/\/elrincondelquimico.com\/index.php?rest_route=%2Fwp%2Fv2%2Fmedia&parent=3737"}],"wp:term":[{"taxonomy":"product_brand","embeddable":true,"href":"https:\/\/elrincondelquimico.com\/index.php?rest_route=%2Fwp%2Fv2%2Fproduct_brand&post=3737"},{"taxonomy":"product_cat","embeddable":true,"href":"https:\/\/elrincondelquimico.com\/index.php?rest_route=%2Fwp%2Fv2%2Fproduct_cat&post=3737"},{"taxonomy":"product_tag","embeddable":true,"href":"https:\/\/elrincondelquimico.com\/index.php?rest_route=%2Fwp%2Fv2%2Fproduct_tag&post=3737"}],"curies":[{"name":"wp","href":"https:\/\/api.w.org\/{rel}","templated":true}]}}