{"id":3728,"date":"2026-03-09T17:58:02","date_gmt":"2026-03-09T22:58:02","guid":{"rendered":"https:\/\/elrincondelquimico.com\/?post_type=product&#038;p=3728"},"modified":"2026-03-09T17:59:19","modified_gmt":"2026-03-09T22:59:19","slug":"sulfato-de-cobre-pentahidratado-x-1-kg-insumos-quimicos-agroquimica","status":"publish","type":"product","link":"https:\/\/elrincondelquimico.com\/?product=sulfato-de-cobre-pentahidratado-x-1-kg-insumos-quimicos-agroquimica","title":{"rendered":"SULFATO DE COBRE PENTAHIDRATADO X 1 KG &#8211; INSUMOS QUIMICOS &#8211; AGROQUIMICA"},"content":{"rendered":"<p>El\u00a0<strong>Sulfato de Cobre Pentahidratado<\/strong>\u00a0 es un compuesto inorg\u00e1nico derivado es el producto de la reacci\u00f3n qu\u00edmica entre el sulfato de cobre (II), anhidro y agua. Es un polvo azul cristalino soluble en agua y metanol y ligeramente soluble en alcohol y glicerina. Tiene cambios de temperatura al a\u00f1adir agua. Generalmente se utiliza como base para la producci\u00f3n de otros compuestos qu\u00edmicos. <strong>Usos y Aplicaciones del Producto<\/strong> Se emplea para el control de del crecimiento de algas o materia org\u00e1nica en piscinas y aguas estancadas. Asimismo se usa en la fabricaci\u00f3n de concentrados alimenticios para animales, abonos, pesticidas, mordientes textiles, industria del cuero, pigmentos, bater\u00edas el\u00e9ctricas, recubrimiento galvanizados.\u00a0<strong>Caracter\u00edsticas F\u00edsicas y Qu\u00edmicas<\/strong>\u00a0Apariencia: Polvo cristalino Azul Densidad 3603 kg\/m\u00b3; 3,603 g\/cm\u00b3 Masa molar 158,881 g\/mol Punto de fusi\u00f3n 383 K (110 \u00b0C) Punto de ebullici\u00f3n 923 K (650 \u00b0C<\/p>\n<p>Solicita informaci\u00f3n al 955462277 o al correo marmedinversiones@hotmail.com<\/p>\n<p>Im\u00e1genes referenciales, color de frasco var\u00eda dependiendo del tipo de producto.<\/p>\n<p>&nbsp;<\/p>\n","protected":false},"excerpt":{"rendered":"<p><strong>Presentaci\u00f3n x 5 KG: S\/235.00 INC IGV<\/strong><\/p>\n<p><a href=\"www.elrincodelquimico.com\" target=\"_blank\" rel=\"noopener\"><img decoding=\"async\" class=\"alignnone\" src=\"https:\/\/upload.wikimedia.org\/wikipedia\/commons\/thumb\/8\/87\/PDF_file_icon.svg\/330px-PDF_file_icon.svg.png\" alt=\"Archivo:PDF file icon.svg - Wikipedia, la enciclopedia libre\" width=\"23\" height=\"28\" \/><\/a> Ficha T\u00e9cnica<\/p>\n","protected":false},"featured_media":3724,"comment_status":"open","ping_status":"closed","template":"","meta":{"inline_featured_image":false},"product_brand":[],"product_cat":[336,335],"product_tag":[337,339,338],"class_list":{"0":"post-3728","1":"product","2":"type-product","3":"status-publish","4":"has-post-thumbnail","6":"product_cat-agroquimica","7":"product_cat-otros-2","8":"product_tag-insumos","9":"product_tag-peru","10":"product_tag-quimicos","12":"first","13":"instock","14":"shipping-taxable","15":"purchasable","16":"product-type-simple"},"blog_post_layout_featured_media_urls":{"thumbnail":["https:\/\/elrincondelquimico.com\/wp-content\/uploads\/2026\/03\/Sin-titulo-2-150x150.jpg",150,150,true],"full":["https:\/\/elrincondelquimico.com\/wp-content\/uploads\/2026\/03\/Sin-titulo-2.jpg",2027,2027,false]},"categories":null,"categories_names":null,"comments_number":"0","_links":{"self":[{"href":"https:\/\/elrincondelquimico.com\/index.php?rest_route=\/wp\/v2\/product\/3728","targetHints":{"allow":["GET"]}}],"collection":[{"href":"https:\/\/elrincondelquimico.com\/index.php?rest_route=\/wp\/v2\/product"}],"about":[{"href":"https:\/\/elrincondelquimico.com\/index.php?rest_route=\/wp\/v2\/types\/product"}],"replies":[{"embeddable":true,"href":"https:\/\/elrincondelquimico.com\/index.php?rest_route=%2Fwp%2Fv2%2Fcomments&post=3728"}],"wp:featuredmedia":[{"embeddable":true,"href":"https:\/\/elrincondelquimico.com\/index.php?rest_route=\/wp\/v2\/media\/3724"}],"wp:attachment":[{"href":"https:\/\/elrincondelquimico.com\/index.php?rest_route=%2Fwp%2Fv2%2Fmedia&parent=3728"}],"wp:term":[{"taxonomy":"product_brand","embeddable":true,"href":"https:\/\/elrincondelquimico.com\/index.php?rest_route=%2Fwp%2Fv2%2Fproduct_brand&post=3728"},{"taxonomy":"product_cat","embeddable":true,"href":"https:\/\/elrincondelquimico.com\/index.php?rest_route=%2Fwp%2Fv2%2Fproduct_cat&post=3728"},{"taxonomy":"product_tag","embeddable":true,"href":"https:\/\/elrincondelquimico.com\/index.php?rest_route=%2Fwp%2Fv2%2Fproduct_tag&post=3728"}],"curies":[{"name":"wp","href":"https:\/\/api.w.org\/{rel}","templated":true}]}}