{"id":3725,"date":"2026-03-09T17:52:52","date_gmt":"2026-03-09T22:52:52","guid":{"rendered":"https:\/\/elrincondelquimico.com\/?post_type=product&#038;p=3725"},"modified":"2026-03-09T17:54:28","modified_gmt":"2026-03-09T22:54:28","slug":"urea-fertilizante-x-1-kg-insumos-quimicos-agroquimica","status":"publish","type":"product","link":"https:\/\/elrincondelquimico.com\/?product=urea-fertilizante-x-1-kg-insumos-quimicos-agroquimica","title":{"rendered":"UREA FERTILIZANTE X 1 KG &#8211; INSUMOS QUIMICOS &#8211; AGROQUIMICA"},"content":{"rendered":"<p>La<strong>\u00a0Urea<\/strong>\u00a0tambi\u00e9n llamada carbamida, carbonildiamida, es un compuesto qu\u00edmico y a su vez sustancia nitrogenada que producen abundantes seres vivos, para eliminar el amoniaco de sus organismos. Esta sustancia posee la capacidad de absorber agua atmosf\u00e9rica, es decir, es higrosc\u00f3pica.<strong>Usos y Aplicaciones del Producto<\/strong> Se emplea principalmente como fertilizante. Adem\u00e1s se usa como suplemento alimenticio para ganado pues aporta nitr\u00f3geno lo que es vital en la formacion de prote\u00ednas. En Industria qu\u00edmica y de pl\u00e1sticos se encuentra presente en adhesivos, resinas, tintas y acabados para productos textiles. De igual manera se usa en formulaciones cosm\u00e9ticas por sus propiedad hidratante y sus propiedades exfoliantes o queratol\u00edticas que ayuda a la remoci\u00f3n de c\u00e9lulas muertas.\u00a0<strong>Caracter\u00edsticas F\u00edsicas y Qu\u00edmicas<\/strong>\u00a0Apariencia: blanco Densidad: 740 kg\/m\u00b3; 0,74 g\/cm\u00b3 Masa molar: 60,024 g\/mol Punto de fusi\u00f3n: 405,8 K (133 \u00b0C) Acidez: 0.18 pKa Alcalinidad: 13.9 pKb<\/p>\n<p>Solicita informaci\u00f3n al 955462277 o al correo marmedinversiones@hotmail.com<\/p>\n<p>Im\u00e1genes referenciales, color de frasco var\u00eda dependiendo del tipo de producto.<\/p>\n<p>&nbsp;<\/p>\n","protected":false},"excerpt":{"rendered":"<p><strong>Presentaci\u00f3n x 5 KG: S\/140.00 INC IGV<\/strong><\/p>\n<p><a href=\"www.elrincodelquimico.com\" target=\"_blank\" rel=\"noopener\"><img decoding=\"async\" class=\"alignnone\" src=\"https:\/\/upload.wikimedia.org\/wikipedia\/commons\/thumb\/8\/87\/PDF_file_icon.svg\/330px-PDF_file_icon.svg.png\" alt=\"Archivo:PDF file icon.svg - Wikipedia, la enciclopedia libre\" width=\"23\" height=\"28\" \/><\/a> Ficha T\u00e9cnica<\/p>\n","protected":false},"featured_media":3724,"comment_status":"open","ping_status":"closed","template":"","meta":{"inline_featured_image":false},"product_brand":[],"product_cat":[336,335],"product_tag":[337,339,338],"class_list":{"0":"post-3725","1":"product","2":"type-product","3":"status-publish","4":"has-post-thumbnail","6":"product_cat-agroquimica","7":"product_cat-otros-2","8":"product_tag-insumos","9":"product_tag-peru","10":"product_tag-quimicos","12":"first","13":"instock","14":"shipping-taxable","15":"purchasable","16":"product-type-simple"},"blog_post_layout_featured_media_urls":{"thumbnail":["https:\/\/elrincondelquimico.com\/wp-content\/uploads\/2026\/03\/Sin-titulo-2-150x150.jpg",150,150,true],"full":["https:\/\/elrincondelquimico.com\/wp-content\/uploads\/2026\/03\/Sin-titulo-2.jpg",2027,2027,false]},"categories":null,"categories_names":null,"comments_number":"0","_links":{"self":[{"href":"https:\/\/elrincondelquimico.com\/index.php?rest_route=\/wp\/v2\/product\/3725","targetHints":{"allow":["GET"]}}],"collection":[{"href":"https:\/\/elrincondelquimico.com\/index.php?rest_route=\/wp\/v2\/product"}],"about":[{"href":"https:\/\/elrincondelquimico.com\/index.php?rest_route=\/wp\/v2\/types\/product"}],"replies":[{"embeddable":true,"href":"https:\/\/elrincondelquimico.com\/index.php?rest_route=%2Fwp%2Fv2%2Fcomments&post=3725"}],"wp:featuredmedia":[{"embeddable":true,"href":"https:\/\/elrincondelquimico.com\/index.php?rest_route=\/wp\/v2\/media\/3724"}],"wp:attachment":[{"href":"https:\/\/elrincondelquimico.com\/index.php?rest_route=%2Fwp%2Fv2%2Fmedia&parent=3725"}],"wp:term":[{"taxonomy":"product_brand","embeddable":true,"href":"https:\/\/elrincondelquimico.com\/index.php?rest_route=%2Fwp%2Fv2%2Fproduct_brand&post=3725"},{"taxonomy":"product_cat","embeddable":true,"href":"https:\/\/elrincondelquimico.com\/index.php?rest_route=%2Fwp%2Fv2%2Fproduct_cat&post=3725"},{"taxonomy":"product_tag","embeddable":true,"href":"https:\/\/elrincondelquimico.com\/index.php?rest_route=%2Fwp%2Fv2%2Fproduct_tag&post=3725"}],"curies":[{"name":"wp","href":"https:\/\/api.w.org\/{rel}","templated":true}]}}