{"id":3722,"date":"2026-03-09T17:31:35","date_gmt":"2026-03-09T22:31:35","guid":{"rendered":"https:\/\/elrincondelquimico.com\/?post_type=product&#038;p=3722"},"modified":"2026-03-09T17:52:23","modified_gmt":"2026-03-09T22:52:23","slug":"desengrasante-biodegradable-multiuso-x-1-lt-insumos-quimicos-agroquimica","status":"publish","type":"product","link":"https:\/\/elrincondelquimico.com\/?product=desengrasante-biodegradable-multiuso-x-1-lt-insumos-quimicos-agroquimica","title":{"rendered":"DESENGRASANTE BIODEGRADABLE MULTIUSO X 1 LT &#8211; INSUMOS QUIMICOS &#8211; AGROQUIMICA"},"content":{"rendered":"<h3>Descripci\u00f3n<\/h3>\n<p>Es un Desengrasante l\u00edquido alcalino base acuosa concentrado desarrollado para la eliminaci\u00f3n de la suciedad dif\u00edcil resultado de la acumulaci\u00f3n de grasas de origen animal, vegetal o mineral. La formulaci\u00f3n del\u00a0<strong>DESENGRASANTE\u00a0\u00a0<\/strong><strong>MULTIUSO<\/strong>\u00a0permite obtener excelentes resultandos en aguas duras o blandas. Adem\u00e1s, dadas las ventajas de su composici\u00f3n qu\u00edmica,\u00a0<strong>DESENGRASANTE MULTIUSO<\/strong>\u00a0pueden ser utilizados en todo tipo de superficies y materiales.<\/p>\n<h3>Aplicaciones del desengrasante:<\/h3>\n<p>Apl\u00edquese sobre piezas met\u00e1licas, m\u00e1quinas industriales, herramientas, paredes, pisos, motores, pisos porosos, superficies con grasa en plantas industriales, refiner\u00edas, procesadoras, contenedores, etc.<\/p>\n<h3>Propiedades:<\/h3>\n<p>\u2013 Producto de alto rendimiento. \u2013 R\u00e1pida acci\u00f3n desengrasante. \u2013 No da\u00f1a las superficies. \u2013 R\u00e1pida diluci\u00f3n en agua.\u2013 No desprende t\u00f3xicos vol\u00e1tiles. \u2013 No es inflamable. \u2013 Espuma Controlada. \u2013 Biodegradable.<\/p>\n<h3>Caracter\u00edsticas:<\/h3>\n<ul>\n<li>PH (Concentrado): 12+\/- 0.05<\/li>\n<li>Composici\u00f3n : Tensoactivos ani\u00f3nicos y no i\u00f3nicos, solventes oxigenados y potenciadores.<\/li>\n<li>Color: Blanco<\/li>\n<li>Apariencia: L\u00edquido viscoso.<\/li>\n<li>Densidad a 20\u00b0C: 1.02 mg \/ litro<\/li>\n<\/ul>\n<h3>Medio de Aplicaci\u00f3n:<\/h3>\n<p>Manual, Hidrolimpiadora, Inmersi\u00f3n, Aspersi\u00f3n, Ultrasonido<\/p>\n<p>Solicita informaci\u00f3n al 955462277 o al correo marmedinversiones@hotmail.com<\/p>\n<p>Im\u00e1genes referenciales, color de frasco var\u00eda dependiendo del tipo de producto.<\/p>\n<p>&nbsp;<\/p>\n","protected":false},"excerpt":{"rendered":"<p><strong>Presentaci\u00f3n x 1 Gal\u00f3n: S\/120.00 INC IGV<\/strong><\/p>\n<p><strong>Presentaci\u00f3n x 1 bid\u00f3n: S\/460.00 INC IGV<\/strong><\/p>\n<p><a href=\"www.elrincodelquimico.com\" target=\"_blank\" rel=\"noopener\"><img decoding=\"async\" class=\"alignnone\" src=\"https:\/\/upload.wikimedia.org\/wikipedia\/commons\/thumb\/8\/87\/PDF_file_icon.svg\/330px-PDF_file_icon.svg.png\" alt=\"Archivo:PDF file icon.svg - Wikipedia, la enciclopedia libre\" width=\"23\" height=\"28\" \/><\/a> Ficha T\u00e9cnica<\/p>\n","protected":false},"featured_media":3721,"comment_status":"open","ping_status":"closed","template":"","meta":{"inline_featured_image":false},"product_brand":[],"product_cat":[336,335],"product_tag":[337,339,338],"class_list":{"0":"post-3722","1":"product","2":"type-product","3":"status-publish","4":"has-post-thumbnail","6":"product_cat-agroquimica","7":"product_cat-otros-2","8":"product_tag-insumos","9":"product_tag-peru","10":"product_tag-quimicos","12":"first","13":"instock","14":"shipping-taxable","15":"purchasable","16":"product-type-simple"},"blog_post_layout_featured_media_urls":{"thumbnail":["https:\/\/elrincondelquimico.com\/wp-content\/uploads\/2026\/03\/INSUMO-QUIMICOS-PERU-150x150.jpg",150,150,true],"full":["https:\/\/elrincondelquimico.com\/wp-content\/uploads\/2026\/03\/INSUMO-QUIMICOS-PERU.jpg",2273,2274,false]},"categories":null,"categories_names":null,"comments_number":"0","_links":{"self":[{"href":"https:\/\/elrincondelquimico.com\/index.php?rest_route=\/wp\/v2\/product\/3722","targetHints":{"allow":["GET"]}}],"collection":[{"href":"https:\/\/elrincondelquimico.com\/index.php?rest_route=\/wp\/v2\/product"}],"about":[{"href":"https:\/\/elrincondelquimico.com\/index.php?rest_route=\/wp\/v2\/types\/product"}],"replies":[{"embeddable":true,"href":"https:\/\/elrincondelquimico.com\/index.php?rest_route=%2Fwp%2Fv2%2Fcomments&post=3722"}],"wp:featuredmedia":[{"embeddable":true,"href":"https:\/\/elrincondelquimico.com\/index.php?rest_route=\/wp\/v2\/media\/3721"}],"wp:attachment":[{"href":"https:\/\/elrincondelquimico.com\/index.php?rest_route=%2Fwp%2Fv2%2Fmedia&parent=3722"}],"wp:term":[{"taxonomy":"product_brand","embeddable":true,"href":"https:\/\/elrincondelquimico.com\/index.php?rest_route=%2Fwp%2Fv2%2Fproduct_brand&post=3722"},{"taxonomy":"product_cat","embeddable":true,"href":"https:\/\/elrincondelquimico.com\/index.php?rest_route=%2Fwp%2Fv2%2Fproduct_cat&post=3722"},{"taxonomy":"product_tag","embeddable":true,"href":"https:\/\/elrincondelquimico.com\/index.php?rest_route=%2Fwp%2Fv2%2Fproduct_tag&post=3722"}],"curies":[{"name":"wp","href":"https:\/\/api.w.org\/{rel}","templated":true}]}}