{"id":3719,"date":"2026-03-09T17:06:27","date_gmt":"2026-03-09T22:06:27","guid":{"rendered":"https:\/\/elrincondelquimico.com\/?post_type=product&#038;p=3719"},"modified":"2026-03-09T17:52:08","modified_gmt":"2026-03-09T22:52:08","slug":"ad","status":"publish","type":"product","link":"https:\/\/elrincondelquimico.com\/?product=ad","title":{"rendered":"LAURYL ETER SULFATO DE SODIO 28% X 1 KG &#8211; INSUMOS QUIMICOS &#8211; AGROQUIMICA"},"content":{"rendered":"<p>El\u00a0<strong>Lauril Eter Sulfato de Sodio 28%<\/strong> es un tensoactivo anic\u00f3nico para uso en cosm\u00e9ticos y detergentes. Es una materia prima ideal para la preparaci\u00f3n de champ\u00faes, ba\u00f1os de espuma y productos de aseo corporal; lavaplatos l\u00edquidos, champ\u00faes para autom\u00f3viles y detergentes l\u00edquidos de uso general. El\u00a0<strong>Lauril Eter Sulfato de Sodio 28%<\/strong> posee un excelente poder espumante aun en aguas duras. Se presenta en forma de L\u00edquido muy viscoso, l\u00edmpido, incoloro. <strong>Caracter\u00edsticas F\u00edsicas y Qu\u00edmicas<\/strong> Apariencia: L\u00edquido translucido amarillento, ligeramente viscoso y olor caracter\u00edstico. Solubilidad: F\u00e1cilmente soluble en agua.<\/p>\n<p>&nbsp;<\/p>\n<p>Presentaci\u00f3n x 4 kg: S\/140.00 INC IGV<\/p>\n<p>Solicita informaci\u00f3n al 955462277 o al correo marmedinversiones@hotmail.com<\/p>\n<p>Im\u00e1genes referenciales, color de frasco var\u00eda dependiendo del tipo de producto.<\/p>\n<p>&nbsp;<\/p>\n","protected":false},"excerpt":{"rendered":"<p>Presentaci\u00f3n x 4 kg: S\/140.00 INC IGV<\/p>\n<p><a href=\"www.elrincodelquimico.com\" target=\"_blank\" rel=\"noopener\"><img decoding=\"async\" class=\"alignnone\" src=\"https:\/\/upload.wikimedia.org\/wikipedia\/commons\/thumb\/8\/87\/PDF_file_icon.svg\/330px-PDF_file_icon.svg.png\" alt=\"Archivo:PDF file icon.svg - Wikipedia, la enciclopedia libre\" width=\"23\" height=\"28\" \/><\/a> Ficha T\u00e9cnica<\/p>\n","protected":false},"featured_media":3721,"comment_status":"open","ping_status":"closed","template":"","meta":{"inline_featured_image":false},"product_brand":[],"product_cat":[336,335],"product_tag":[337,339,338],"class_list":{"0":"post-3719","1":"product","2":"type-product","3":"status-publish","4":"has-post-thumbnail","6":"product_cat-agroquimica","7":"product_cat-otros-2","8":"product_tag-insumos","9":"product_tag-peru","10":"product_tag-quimicos","12":"first","13":"instock","14":"shipping-taxable","15":"purchasable","16":"product-type-simple"},"blog_post_layout_featured_media_urls":{"thumbnail":["https:\/\/elrincondelquimico.com\/wp-content\/uploads\/2026\/03\/INSUMO-QUIMICOS-PERU-150x150.jpg",150,150,true],"full":["https:\/\/elrincondelquimico.com\/wp-content\/uploads\/2026\/03\/INSUMO-QUIMICOS-PERU.jpg",2273,2274,false]},"categories":null,"categories_names":null,"comments_number":"0","_links":{"self":[{"href":"https:\/\/elrincondelquimico.com\/index.php?rest_route=\/wp\/v2\/product\/3719","targetHints":{"allow":["GET"]}}],"collection":[{"href":"https:\/\/elrincondelquimico.com\/index.php?rest_route=\/wp\/v2\/product"}],"about":[{"href":"https:\/\/elrincondelquimico.com\/index.php?rest_route=\/wp\/v2\/types\/product"}],"replies":[{"embeddable":true,"href":"https:\/\/elrincondelquimico.com\/index.php?rest_route=%2Fwp%2Fv2%2Fcomments&post=3719"}],"wp:featuredmedia":[{"embeddable":true,"href":"https:\/\/elrincondelquimico.com\/index.php?rest_route=\/wp\/v2\/media\/3721"}],"wp:attachment":[{"href":"https:\/\/elrincondelquimico.com\/index.php?rest_route=%2Fwp%2Fv2%2Fmedia&parent=3719"}],"wp:term":[{"taxonomy":"product_brand","embeddable":true,"href":"https:\/\/elrincondelquimico.com\/index.php?rest_route=%2Fwp%2Fv2%2Fproduct_brand&post=3719"},{"taxonomy":"product_cat","embeddable":true,"href":"https:\/\/elrincondelquimico.com\/index.php?rest_route=%2Fwp%2Fv2%2Fproduct_cat&post=3719"},{"taxonomy":"product_tag","embeddable":true,"href":"https:\/\/elrincondelquimico.com\/index.php?rest_route=%2Fwp%2Fv2%2Fproduct_tag&post=3719"}],"curies":[{"name":"wp","href":"https:\/\/api.w.org\/{rel}","templated":true}]}}