{"id":3689,"date":"2026-02-02T16:29:29","date_gmt":"2026-02-02T21:29:29","guid":{"rendered":"https:\/\/elrincondelquimico.com\/?post_type=product&#038;p=3689"},"modified":"2026-02-02T16:32:00","modified_gmt":"2026-02-02T21:32:00","slug":"mercurio-metalico-puro-99-0-x-100-gr-cod-029185-cdh","status":"publish","type":"product","link":"https:\/\/elrincondelquimico.com\/?product=mercurio-metalico-puro-99-0-x-100-gr-cod-029185-cdh","title":{"rendered":"MERCURIO METALICO PURO  99.0% X 100 GR COD 029185 CDH"},"content":{"rendered":"<p>MERCURY METAL<\/p>\n<p>Colorantes de alta calidad, procedentes de la India, para uso exclusivo de laboratorio.<\/p>\n<p>C\u00f3digo de producto: 029185<br \/>\nAn\u00e1lisis: (complexom\u00e9trico) 99,0 %<br \/>\nF\u00f3rmula molecular: Hg<br \/>\nEnvases: 100 g | 250 g | 500 g<br \/>\nGrado: Puro<br \/>\nCAS: 7439-97-6<br \/>\nPeso molecular: 200,59<\/p>\n","protected":false},"excerpt":{"rendered":"<p>MERCURY METAL Colorantes de alta calidad, procedentes de la India, para uso exclusivo de laboratorio. C\u00f3digo de producto: 029185 An\u00e1lisis: (complexom\u00e9trico) 99,0 % F\u00f3rmula molecular: Hg Envases: 100 g | 250 g | 500 g Grado: Puro CAS: 7439-97-6 Peso molecular: 200,59<\/p>\n","protected":false},"featured_media":160,"comment_status":"open","ping_status":"closed","template":"","meta":{"inline_featured_image":false},"product_brand":[],"product_cat":[22,21],"product_tag":[36,20],"class_list":{"0":"post-3689","1":"product","2":"type-product","3":"status-publish","4":"has-post-thumbnail","6":"product_cat-cdh","7":"product_cat-reactivos-de-laboratorio","8":"product_tag-cdh","9":"product_tag-frasco","11":"first","12":"instock","13":"shipping-taxable","14":"purchasable","15":"product-type-simple"},"blog_post_layout_featured_media_urls":{"thumbnail":["https:\/\/elrincondelquimico.com\/wp-content\/uploads\/2024\/09\/fine_chemical_2-_1_-150x150.webp",150,150,true],"full":["https:\/\/elrincondelquimico.com\/wp-content\/uploads\/2024\/09\/fine_chemical_2-_1_-scaled.webp",2560,1707,false]},"categories":null,"categories_names":null,"comments_number":"0","_links":{"self":[{"href":"https:\/\/elrincondelquimico.com\/index.php?rest_route=\/wp\/v2\/product\/3689","targetHints":{"allow":["GET"]}}],"collection":[{"href":"https:\/\/elrincondelquimico.com\/index.php?rest_route=\/wp\/v2\/product"}],"about":[{"href":"https:\/\/elrincondelquimico.com\/index.php?rest_route=\/wp\/v2\/types\/product"}],"replies":[{"embeddable":true,"href":"https:\/\/elrincondelquimico.com\/index.php?rest_route=%2Fwp%2Fv2%2Fcomments&post=3689"}],"wp:featuredmedia":[{"embeddable":true,"href":"https:\/\/elrincondelquimico.com\/index.php?rest_route=\/wp\/v2\/media\/160"}],"wp:attachment":[{"href":"https:\/\/elrincondelquimico.com\/index.php?rest_route=%2Fwp%2Fv2%2Fmedia&parent=3689"}],"wp:term":[{"taxonomy":"product_brand","embeddable":true,"href":"https:\/\/elrincondelquimico.com\/index.php?rest_route=%2Fwp%2Fv2%2Fproduct_brand&post=3689"},{"taxonomy":"product_cat","embeddable":true,"href":"https:\/\/elrincondelquimico.com\/index.php?rest_route=%2Fwp%2Fv2%2Fproduct_cat&post=3689"},{"taxonomy":"product_tag","embeddable":true,"href":"https:\/\/elrincondelquimico.com\/index.php?rest_route=%2Fwp%2Fv2%2Fproduct_tag&post=3689"}],"curies":[{"name":"wp","href":"https:\/\/api.w.org\/{rel}","templated":true}]}}