{"id":3659,"date":"2026-01-14T14:20:43","date_gmt":"2026-01-14T19:20:43","guid":{"rendered":"https:\/\/elrincondelquimico.com\/?post_type=product&#038;p=3659"},"modified":"2026-01-14T14:22:26","modified_gmt":"2026-01-14T19:22:26","slug":"solucion-de-validacion-de-orp-240-mv-cod-hi7021l-hanna","status":"publish","type":"product","link":"https:\/\/elrincondelquimico.com\/?product=solucion-de-validacion-de-orp-240-mv-cod-hi7021l-hanna","title":{"rendered":"SOLUCI\u00d3N DE VALIDACI\u00d3N DE ORP 240 MV COD HI7021L HANNA"},"content":{"rendered":"<div class=\"uk-panel print-me-description uk-margin-small\">\n<div class=\"uk-panel tm-source-woo-description tm-source-page\">\n<p>La HI7021L es una soluci\u00f3n de validaci\u00f3n de ORP elaborada con qu\u00edmicos grado reactivo, es usada para probar los electrodos de ORP de oro y platino. Las soluciones de validaci\u00f3n de Hanna\u00a0 tienen el n\u00famero de lote y la fecha de caducidad marcados claramente en la etiqueta, son herm\u00e9ticos con un sello a prueba de manipulaciones para asegurar la calidad de la soluci\u00f3n.<\/p>\n<ul>\n<li>Preparada con qu\u00edmicos grado reactivo<\/li>\n<li>Permite validar f\u00e1cilmente su electrodo de ORP<\/li>\n<li>Sello a prueba de manipulaciones para garantizar la calidad de la soluci\u00f3n<\/li>\n<\/ul>\n<\/div>\n<p>Bajo pedido a 30 d\u00edas<\/p>\n<\/div>\n<p>&nbsp;<\/p>\n<p>&nbsp;<\/p>\n","protected":false},"excerpt":{"rendered":"<p>La HI7021L es una soluci\u00f3n de validaci\u00f3n de ORP elaborada con qu\u00edmicos grado reactivo, es usada para probar los electrodos de ORP de oro y platino. Las soluciones de validaci\u00f3n de Hanna\u00a0 tienen el n\u00famero de lote y la fecha de caducidad marcados claramente en la etiqueta, son herm\u00e9ticos con un sello a prueba de<\/p>\n<div class=\"more-link\">\n\t\t\t\t <a href=\"https:\/\/elrincondelquimico.com\/?product=solucion-de-validacion-de-orp-240-mv-cod-hi7021l-hanna\" class=\"link-btn\"><span>Continue Leyendo <\/span><i class=\"icofont-thin-double-right\"><\/i><\/a>\n\t\t\t<\/div>\n","protected":false},"featured_media":3660,"comment_status":"open","ping_status":"closed","template":"","meta":{"inline_featured_image":false},"product_brand":[],"product_cat":[149,21],"product_tag":[153,154,151,152],"class_list":{"0":"post-3659","1":"product","2":"type-product","3":"status-publish","4":"has-post-thumbnail","6":"product_cat-hanna","7":"product_cat-reactivos-de-laboratorio","8":"product_tag-calibrar","9":"product_tag-conductividad","10":"product_tag-hanna","11":"product_tag-solucion","13":"first","14":"instock","15":"shipping-taxable","16":"purchasable","17":"product-type-simple"},"blog_post_layout_featured_media_urls":{"thumbnail":["https:\/\/elrincondelquimico.com\/wp-content\/uploads\/2026\/01\/WhatsApp-Image-2026-01-14-at-2.20.01-PM-150x150.jpeg",150,150,true],"full":["https:\/\/elrincondelquimico.com\/wp-content\/uploads\/2026\/01\/WhatsApp-Image-2026-01-14-at-2.20.01-PM.jpeg",960,1280,false]},"categories":null,"categories_names":null,"comments_number":"0","_links":{"self":[{"href":"https:\/\/elrincondelquimico.com\/index.php?rest_route=\/wp\/v2\/product\/3659","targetHints":{"allow":["GET"]}}],"collection":[{"href":"https:\/\/elrincondelquimico.com\/index.php?rest_route=\/wp\/v2\/product"}],"about":[{"href":"https:\/\/elrincondelquimico.com\/index.php?rest_route=\/wp\/v2\/types\/product"}],"replies":[{"embeddable":true,"href":"https:\/\/elrincondelquimico.com\/index.php?rest_route=%2Fwp%2Fv2%2Fcomments&post=3659"}],"wp:featuredmedia":[{"embeddable":true,"href":"https:\/\/elrincondelquimico.com\/index.php?rest_route=\/wp\/v2\/media\/3660"}],"wp:attachment":[{"href":"https:\/\/elrincondelquimico.com\/index.php?rest_route=%2Fwp%2Fv2%2Fmedia&parent=3659"}],"wp:term":[{"taxonomy":"product_brand","embeddable":true,"href":"https:\/\/elrincondelquimico.com\/index.php?rest_route=%2Fwp%2Fv2%2Fproduct_brand&post=3659"},{"taxonomy":"product_cat","embeddable":true,"href":"https:\/\/elrincondelquimico.com\/index.php?rest_route=%2Fwp%2Fv2%2Fproduct_cat&post=3659"},{"taxonomy":"product_tag","embeddable":true,"href":"https:\/\/elrincondelquimico.com\/index.php?rest_route=%2Fwp%2Fv2%2Fproduct_tag&post=3659"}],"curies":[{"name":"wp","href":"https:\/\/api.w.org\/{rel}","templated":true}]}}