{"id":3656,"date":"2026-01-14T14:12:52","date_gmt":"2026-01-14T19:12:52","guid":{"rendered":"https:\/\/elrincondelquimico.com\/?post_type=product&#038;p=3656"},"modified":"2026-01-14T14:14:56","modified_gmt":"2026-01-14T19:14:56","slug":"electrodo-de-vidrio-orp-combinable-rellenable-1m-cod-hi3131b-hanna","status":"publish","type":"product","link":"https:\/\/elrincondelquimico.com\/?product=electrodo-de-vidrio-orp-combinable-rellenable-1m-cod-hi3131b-hanna","title":{"rendered":"ELECTRODO DE VIDRIO ORP COMBINABLE RELLENABLE 1M COD HI3131B HANNA"},"content":{"rendered":"<div class=\"uk-panel print-me-description uk-margin-small\">\n<div class=\"uk-panel tm-source-woo-description tm-source-page\">\n<p>El HI3131B es un electrodo de ORP de uni\u00f3n simple, rellenable, con cuerpo de vidrio y un conector BNC. Este electrodo tiene una uni\u00f3n simple de cer\u00e1mica como parte de la celda de referencia y un pin de detecci\u00f3n de ORP de platino. Esta consideraci\u00f3n de dise\u00f1o es ideal para laboratorios y mediciones de ORP de uso general, as\u00ed como para su uso como electrodo indicador en titulaciones de ORP.<\/p>\n<\/div>\n<\/div>\n<div class=\"uk-panel tm-element-woo-add-to-cart uk-margin-small\">\n<form class=\"cart\" action=\"https:\/\/hannainst.com.pe\/productos\/linea\/laboratorio\/electrodo-de-ph-de-doble-union-rellenable-con-conector-bnc\/\" enctype=\"multipart\/form-data\" method=\"post\">\n<table class=\"uk-table uk-table-striped\" width=\"100%\">\n<thead>\n<tr>\n<td width=\"52%\"><strong>Especificaci\u00f3n<\/strong><\/td>\n<td width=\"47%\"><strong>Detalle<\/strong><\/td>\n<\/tr>\n<\/thead>\n<tbody>\n<tr>\n<td width=\"52%\"><strong>C\u00f3digo<\/strong><\/td>\n<td width=\"47%\">HI3131B<\/td>\n<\/tr>\n<tr>\n<td width=\"52%\"><strong>Descripci\u00f3n<\/strong><\/td>\n<td width=\"47%\">electrodo de ORP combinado rellenable<\/td>\n<\/tr>\n<tr>\n<td width=\"52%\"><strong>Referencia<\/strong><\/td>\n<td width=\"47%\">simple, Ag\/AgCl<\/td>\n<\/tr>\n<tr>\n<td width=\"52%\"><strong>Uni\u00f3n \/ Flujo<\/strong><\/td>\n<td width=\"47%\">cer\u00e1mica, simple \/ 15-20 \u00b5L\/h<\/td>\n<\/tr>\n<tr>\n<td width=\"52%\"><strong>Electrolito<\/strong><\/td>\n<td width=\"47%\">KCl 3.5M + AgCl<\/td>\n<\/tr>\n<tr>\n<td width=\"52%\"><strong>Presi\u00f3n m\u00e1xima<\/strong><\/td>\n<td width=\"47%\">0.1 bar<\/td>\n<\/tr>\n<tr>\n<td width=\"52%\"><strong>Intervalo<\/strong><\/td>\n<td width=\"47%\">ORP: \u00b1 2,000 mV<\/td>\n<\/tr>\n<tr>\n<td width=\"52%\"><strong>Temperatura de uso recomendada<\/strong><\/td>\n<td width=\"47%\">-5 a 70\u00b0C (23 a 158\u00b0F)<\/td>\n<\/tr>\n<tr>\n<td width=\"52%\"><strong>Punta \/ forma<\/strong><\/td>\n<td width=\"47%\">Platino \/ pin<\/td>\n<\/tr>\n<tr>\n<td width=\"52%\"><strong>Sensor de temperatura<\/strong><\/td>\n<td width=\"47%\">no<\/td>\n<\/tr>\n<tr>\n<td width=\"52%\"><strong>Amplificador<\/strong><\/td>\n<td width=\"47%\">no<\/td>\n<\/tr>\n<tr>\n<td width=\"52%\"><strong>Material de cuerpo<\/strong><\/td>\n<td width=\"47%\">Vidrio<\/td>\n<\/tr>\n<tr>\n<td width=\"52%\"><strong>Cable<\/strong><\/td>\n<td width=\"47%\">coaxial; 1 m (3.3\u2019)<\/td>\n<\/tr>\n<tr>\n<td width=\"52%\"><strong>Recomendaci\u00f3n de uso<\/strong><\/td>\n<td width=\"47%\">Laboratorio, uso general, titulaciones de ORP<\/td>\n<\/tr>\n<tr>\n<td width=\"52%\"><strong>Connexi\u00f3n<\/strong><\/td>\n<td width=\"47%\">BNC<\/td>\n<\/tr>\n<\/tbody>\n<\/table>\n<\/form>\n<\/div>\n<p>&nbsp;<\/p>\n<p>&nbsp;<\/p>\n","protected":false},"excerpt":{"rendered":"<p>El HI3131B es un electrodo de ORP de uni\u00f3n simple, rellenable, con cuerpo de vidrio y un conector BNC. Este electrodo tiene una uni\u00f3n simple de cer\u00e1mica como parte de la celda de referencia y un pin de detecci\u00f3n de ORP de platino. Esta consideraci\u00f3n de dise\u00f1o es ideal para laboratorios y mediciones de ORP<\/p>\n<div class=\"more-link\">\n\t\t\t\t <a href=\"https:\/\/elrincondelquimico.com\/?product=electrodo-de-vidrio-orp-combinable-rellenable-1m-cod-hi3131b-hanna\" class=\"link-btn\"><span>Continue Leyendo <\/span><i class=\"icofont-thin-double-right\"><\/i><\/a>\n\t\t\t<\/div>\n","protected":false},"featured_media":3653,"comment_status":"open","ping_status":"closed","template":"","meta":{"inline_featured_image":false},"product_brand":[],"product_cat":[149,21],"product_tag":[153,154,151,152],"class_list":{"0":"post-3656","1":"product","2":"type-product","3":"status-publish","4":"has-post-thumbnail","6":"product_cat-hanna","7":"product_cat-reactivos-de-laboratorio","8":"product_tag-calibrar","9":"product_tag-conductividad","10":"product_tag-hanna","11":"product_tag-solucion","13":"first","14":"instock","15":"shipping-taxable","16":"purchasable","17":"product-type-simple"},"blog_post_layout_featured_media_urls":{"thumbnail":["https:\/\/elrincondelquimico.com\/wp-content\/uploads\/2026\/01\/HI1043B-150x150.jpg",150,150,true],"full":["https:\/\/elrincondelquimico.com\/wp-content\/uploads\/2026\/01\/HI1043B.jpg",1200,1200,false]},"categories":null,"categories_names":null,"comments_number":"0","_links":{"self":[{"href":"https:\/\/elrincondelquimico.com\/index.php?rest_route=\/wp\/v2\/product\/3656","targetHints":{"allow":["GET"]}}],"collection":[{"href":"https:\/\/elrincondelquimico.com\/index.php?rest_route=\/wp\/v2\/product"}],"about":[{"href":"https:\/\/elrincondelquimico.com\/index.php?rest_route=\/wp\/v2\/types\/product"}],"replies":[{"embeddable":true,"href":"https:\/\/elrincondelquimico.com\/index.php?rest_route=%2Fwp%2Fv2%2Fcomments&post=3656"}],"wp:featuredmedia":[{"embeddable":true,"href":"https:\/\/elrincondelquimico.com\/index.php?rest_route=\/wp\/v2\/media\/3653"}],"wp:attachment":[{"href":"https:\/\/elrincondelquimico.com\/index.php?rest_route=%2Fwp%2Fv2%2Fmedia&parent=3656"}],"wp:term":[{"taxonomy":"product_brand","embeddable":true,"href":"https:\/\/elrincondelquimico.com\/index.php?rest_route=%2Fwp%2Fv2%2Fproduct_brand&post=3656"},{"taxonomy":"product_cat","embeddable":true,"href":"https:\/\/elrincondelquimico.com\/index.php?rest_route=%2Fwp%2Fv2%2Fproduct_cat&post=3656"},{"taxonomy":"product_tag","embeddable":true,"href":"https:\/\/elrincondelquimico.com\/index.php?rest_route=%2Fwp%2Fv2%2Fproduct_tag&post=3656"}],"curies":[{"name":"wp","href":"https:\/\/api.w.org\/{rel}","templated":true}]}}