{"id":3522,"date":"2025-12-18T15:09:56","date_gmt":"2025-12-18T20:09:56","guid":{"rendered":"https:\/\/elrincondelquimico.com\/?post_type=product&#038;p=3522"},"modified":"2025-12-18T15:11:31","modified_gmt":"2025-12-18T20:11:31","slug":"tubo-para-pcr-de-0-2-ml-color-claro-tapa-plana-paq-x-1000-und-cod-510051-tarsons","status":"publish","type":"product","link":"https:\/\/elrincondelquimico.com\/?product=tubo-para-pcr-de-0-2-ml-color-claro-tapa-plana-paq-x-1000-und-cod-510051-tarsons","title":{"rendered":"TUBO PARA PCR DE 0.2 ML COLOR CLARO TAPA PLANA PAQ X 1000 UND COD 510051 TARSONS"},"content":{"rendered":"<p>Los tubos admiten peque\u00f1as cantidades de l\u00edquido y est\u00e1n dise\u00f1ados para almacenamiento, centrifugaci\u00f3n, como recipientes de reacci\u00f3n o para separar muestras. De calidad superior y fabricados sin agentes deslizantes, los tubos de centr\u00edfuga Tarsons est\u00e1n dise\u00f1ados para satisfacer las necesidades de su laboratorio. Material de PP conforme a la norma 21 CFR de la FDA de EE. UU. Esterilizables en autoclave.<\/p>\n","protected":false},"excerpt":{"rendered":"<p>Ficha T\u00e9cnica <a href=\"https:\/\/www.tarsons.com\/product\/maxiamp-pcr-tubes\/\" target=\"_blank\" rel=\"noopener\"><img decoding=\"async\" class=\"alignnone\" src=\"https:\/\/elrincondelquimico.com\/wp-content\/uploads\/2025\/05\/c03f3860-03eb-4c3b-a9b9-a3297dbc6078.png\" alt=\"Archivo:PDF file icon.svg - Wikipedia, la enciclopedia libre\" width=\"23\" height=\"28\" \/><\/a><\/p>\n","protected":false},"featured_media":3523,"comment_status":"open","ping_status":"closed","template":"","meta":{"inline_featured_image":false},"product_brand":[],"product_cat":[24,26],"product_tag":[312,311],"class_list":{"0":"post-3522","1":"product","2":"type-product","3":"status-publish","4":"has-post-thumbnail","6":"product_cat-material-de-laboratorio","7":"product_cat-tarsons","8":"product_tag-india","9":"product_tag-tarsons","11":"first","12":"instock","13":"shipping-taxable","14":"purchasable","15":"product-type-simple"},"blog_post_layout_featured_media_urls":{"thumbnail":["https:\/\/elrincondelquimico.com\/wp-content\/uploads\/2025\/12\/WhatsApp-Image-2025-12-18-at-12.58.21-PM-150x150.jpeg",150,150,true],"full":["https:\/\/elrincondelquimico.com\/wp-content\/uploads\/2025\/12\/WhatsApp-Image-2025-12-18-at-12.58.21-PM.jpeg",899,1599,false]},"categories":null,"categories_names":null,"comments_number":"0","_links":{"self":[{"href":"https:\/\/elrincondelquimico.com\/index.php?rest_route=\/wp\/v2\/product\/3522","targetHints":{"allow":["GET"]}}],"collection":[{"href":"https:\/\/elrincondelquimico.com\/index.php?rest_route=\/wp\/v2\/product"}],"about":[{"href":"https:\/\/elrincondelquimico.com\/index.php?rest_route=\/wp\/v2\/types\/product"}],"replies":[{"embeddable":true,"href":"https:\/\/elrincondelquimico.com\/index.php?rest_route=%2Fwp%2Fv2%2Fcomments&post=3522"}],"wp:featuredmedia":[{"embeddable":true,"href":"https:\/\/elrincondelquimico.com\/index.php?rest_route=\/wp\/v2\/media\/3523"}],"wp:attachment":[{"href":"https:\/\/elrincondelquimico.com\/index.php?rest_route=%2Fwp%2Fv2%2Fmedia&parent=3522"}],"wp:term":[{"taxonomy":"product_brand","embeddable":true,"href":"https:\/\/elrincondelquimico.com\/index.php?rest_route=%2Fwp%2Fv2%2Fproduct_brand&post=3522"},{"taxonomy":"product_cat","embeddable":true,"href":"https:\/\/elrincondelquimico.com\/index.php?rest_route=%2Fwp%2Fv2%2Fproduct_cat&post=3522"},{"taxonomy":"product_tag","embeddable":true,"href":"https:\/\/elrincondelquimico.com\/index.php?rest_route=%2Fwp%2Fv2%2Fproduct_tag&post=3522"}],"curies":[{"name":"wp","href":"https:\/\/api.w.org\/{rel}","templated":true}]}}