{"id":3451,"date":"2025-12-09T14:06:29","date_gmt":"2025-12-09T19:06:29","guid":{"rendered":"https:\/\/elrincondelquimico.com\/?post_type=product&#038;p=3451"},"modified":"2025-12-09T14:06:57","modified_gmt":"2025-12-09T19:06:57","slug":"discos-de-sensibilidad-de-ampicilina-sulbactam-20-ug-x-50-und-nacional","status":"publish","type":"product","link":"https:\/\/elrincondelquimico.com\/?product=discos-de-sensibilidad-de-ampicilina-sulbactam-20-ug-x-50-und-nacional","title":{"rendered":"DISCOS DE SENSIBILIDAD DE AMPICILINA\/SULBACTAM 20 ug X 50 UND NACIONAL"},"content":{"rendered":"<p>Est\u00e1n impregnados con una cantidad precisa de un antibi\u00f3tico espec\u00edfico, fabricados con papel de alta calidad<\/p>\n","protected":false},"excerpt":{"rendered":"<p><a href=\"https:\/\/elrincondelquimico.com\/wp-content\/uploads\/2025\/12\/LISTA-DISCOS-DE-SENSIBILIDAD-MARMED.pdf\" target=\"_blank\" rel=\"noopener\"><img decoding=\"async\" class=\"alignnone\" src=\"https:\/\/elrincondelquimico.com\/wp-content\/uploads\/2025\/05\/c03f3860-03eb-4c3b-a9b9-a3297dbc6078.png\" alt=\"File:PDF file icon.svg - Wikimedia Commons\" width=\"23\" height=\"28\" \/><\/a>\u00a0Lista de Precios<\/p>\n","protected":false},"featured_media":3437,"comment_status":"open","ping_status":"closed","template":"","meta":{"inline_featured_image":false},"product_brand":[],"product_cat":[330],"product_tag":[332,331,333],"class_list":{"0":"post-3451","1":"product","2":"type-product","3":"status-publish","4":"has-post-thumbnail","6":"product_cat-discos-de-sensibilidad","7":"product_tag-discos","8":"product_tag-nacional","9":"product_tag-sensibilidad","11":"first","12":"instock","13":"shipping-taxable","14":"purchasable","15":"product-type-simple"},"blog_post_layout_featured_media_urls":{"thumbnail":["https:\/\/elrincondelquimico.com\/wp-content\/uploads\/2025\/12\/discos-150x150.jpg",150,150,true],"full":["https:\/\/elrincondelquimico.com\/wp-content\/uploads\/2025\/12\/discos.jpg",803,734,false]},"categories":null,"categories_names":null,"comments_number":"0","_links":{"self":[{"href":"https:\/\/elrincondelquimico.com\/index.php?rest_route=\/wp\/v2\/product\/3451","targetHints":{"allow":["GET"]}}],"collection":[{"href":"https:\/\/elrincondelquimico.com\/index.php?rest_route=\/wp\/v2\/product"}],"about":[{"href":"https:\/\/elrincondelquimico.com\/index.php?rest_route=\/wp\/v2\/types\/product"}],"replies":[{"embeddable":true,"href":"https:\/\/elrincondelquimico.com\/index.php?rest_route=%2Fwp%2Fv2%2Fcomments&post=3451"}],"wp:featuredmedia":[{"embeddable":true,"href":"https:\/\/elrincondelquimico.com\/index.php?rest_route=\/wp\/v2\/media\/3437"}],"wp:attachment":[{"href":"https:\/\/elrincondelquimico.com\/index.php?rest_route=%2Fwp%2Fv2%2Fmedia&parent=3451"}],"wp:term":[{"taxonomy":"product_brand","embeddable":true,"href":"https:\/\/elrincondelquimico.com\/index.php?rest_route=%2Fwp%2Fv2%2Fproduct_brand&post=3451"},{"taxonomy":"product_cat","embeddable":true,"href":"https:\/\/elrincondelquimico.com\/index.php?rest_route=%2Fwp%2Fv2%2Fproduct_cat&post=3451"},{"taxonomy":"product_tag","embeddable":true,"href":"https:\/\/elrincondelquimico.com\/index.php?rest_route=%2Fwp%2Fv2%2Fproduct_tag&post=3451"}],"curies":[{"name":"wp","href":"https:\/\/api.w.org\/{rel}","templated":true}]}}