{"id":3429,"date":"2025-12-01T16:46:08","date_gmt":"2025-12-01T21:46:08","guid":{"rendered":"https:\/\/elrincondelquimico.com\/?post_type=product&#038;p=3429"},"modified":"2025-12-01T16:49:25","modified_gmt":"2025-12-01T21:49:25","slug":"tapa-de-cierre-ventilacion-de-52-mm-cod-583216-tarsons","status":"publish","type":"product","link":"https:\/\/elrincondelquimico.com\/?product=tapa-de-cierre-ventilacion-de-52-mm-cod-583216-tarsons","title":{"rendered":"TAPA DE CIERRE VENTILACION DE 52 MM COD 583216 TARSONS"},"content":{"rendered":"<p>Cree soluciones de manejo as\u00e9ptico para aplicaciones farmac\u00e9uticas, biotecnol\u00f3gicas y de transferencia de l\u00edquidos de laboratorio utilizando los cierres de llenado\/ventilaci\u00f3n de Tarsons.<\/p>\n<p>Los cierres de 3 puertos est\u00e1n disponibles para usar con botellas y bombonas Tarsons.<\/p>\n","protected":false},"excerpt":{"rendered":"<p>Ficha T\u00e9cnica <a href=\"https:\/\/www.tarsons.com\/product\/filling-venting-closure\/\" target=\"_blank\" rel=\"noopener\"><img decoding=\"async\" class=\"alignnone\" src=\"https:\/\/elrincondelquimico.com\/wp-content\/uploads\/2025\/05\/c03f3860-03eb-4c3b-a9b9-a3297dbc6078.png\" alt=\"Archivo:PDF file icon.svg - Wikipedia, la enciclopedia libre\" width=\"23\" height=\"28\" \/><\/a><\/p>\n","protected":false},"featured_media":3430,"comment_status":"open","ping_status":"closed","template":"","meta":{"inline_featured_image":false},"product_brand":[],"product_cat":[24,26],"product_tag":[312,311],"class_list":{"0":"post-3429","1":"product","2":"type-product","3":"status-publish","4":"has-post-thumbnail","6":"product_cat-material-de-laboratorio","7":"product_cat-tarsons","8":"product_tag-india","9":"product_tag-tarsons","11":"first","12":"instock","13":"shipping-taxable","14":"purchasable","15":"product-type-simple"},"blog_post_layout_featured_media_urls":{"thumbnail":["https:\/\/elrincondelquimico.com\/wp-content\/uploads\/2025\/12\/Filling-Venting-Closure-600x449-1-150x150.jpg",150,150,true],"full":["https:\/\/elrincondelquimico.com\/wp-content\/uploads\/2025\/12\/Filling-Venting-Closure-600x449-1.jpg",600,449,false]},"categories":null,"categories_names":null,"comments_number":"0","_links":{"self":[{"href":"https:\/\/elrincondelquimico.com\/index.php?rest_route=\/wp\/v2\/product\/3429","targetHints":{"allow":["GET"]}}],"collection":[{"href":"https:\/\/elrincondelquimico.com\/index.php?rest_route=\/wp\/v2\/product"}],"about":[{"href":"https:\/\/elrincondelquimico.com\/index.php?rest_route=\/wp\/v2\/types\/product"}],"replies":[{"embeddable":true,"href":"https:\/\/elrincondelquimico.com\/index.php?rest_route=%2Fwp%2Fv2%2Fcomments&post=3429"}],"wp:featuredmedia":[{"embeddable":true,"href":"https:\/\/elrincondelquimico.com\/index.php?rest_route=\/wp\/v2\/media\/3430"}],"wp:attachment":[{"href":"https:\/\/elrincondelquimico.com\/index.php?rest_route=%2Fwp%2Fv2%2Fmedia&parent=3429"}],"wp:term":[{"taxonomy":"product_brand","embeddable":true,"href":"https:\/\/elrincondelquimico.com\/index.php?rest_route=%2Fwp%2Fv2%2Fproduct_brand&post=3429"},{"taxonomy":"product_cat","embeddable":true,"href":"https:\/\/elrincondelquimico.com\/index.php?rest_route=%2Fwp%2Fv2%2Fproduct_cat&post=3429"},{"taxonomy":"product_tag","embeddable":true,"href":"https:\/\/elrincondelquimico.com\/index.php?rest_route=%2Fwp%2Fv2%2Fproduct_tag&post=3429"}],"curies":[{"name":"wp","href":"https:\/\/api.w.org\/{rel}","templated":true}]}}