{"id":3371,"date":"2025-11-11T09:21:29","date_gmt":"2025-11-11T14:21:29","guid":{"rendered":"https:\/\/elrincondelquimico.com\/?post_type=product&#038;p=3371"},"modified":"2025-11-11T09:25:14","modified_gmt":"2025-11-11T14:25:14","slug":"fucsina-basica-x-100-gr-biolab","status":"publish","type":"product","link":"https:\/\/elrincondelquimico.com\/?product=fucsina-basica-x-100-gr-biolab","title":{"rendered":"FUCSINA BASICA X 100 GR BIOLAB"},"content":{"rendered":"<p>SIN\u00d3NIMOS (Fucsina b\u00e1sica; Violeta b\u00e1sica 14; Rosanilina)<br \/>\nC.I. N.\u00ba 42510<br \/>\nCASR N.\u00ba (632-99-5)<br \/>\nF\u00d3RMULA AT\u00d3MICA O MOLECULAR C\u2082\u2080H\u2082\u2080N\u2083Cl<br \/>\nPESO AT\u00d3MICO O MOLECULAR 337,86<\/p>\n","protected":false},"excerpt":{"rendered":"<p>SIN\u00d3NIMOS (Fucsina b\u00e1sica; Violeta b\u00e1sica 14; Rosanilina) C.I. N.\u00ba 42510 CASR N.\u00ba (632-99-5) F\u00d3RMULA AT\u00d3MICA O MOLECULAR C\u2082\u2080H\u2082\u2080N\u2083Cl PESO AT\u00d3MICO O MOLECULAR 337,86<\/p>\n","protected":false},"featured_media":3372,"comment_status":"open","ping_status":"closed","template":"","meta":{"inline_featured_image":false},"product_brand":[],"product_cat":[64,21],"product_tag":[65,68],"class_list":{"0":"post-3371","1":"product","2":"type-product","3":"status-publish","4":"has-post-thumbnail","6":"product_cat-biolab","7":"product_cat-reactivos-de-laboratorio","8":"product_tag-biolab","9":"product_tag-reactivos","11":"first","12":"instock","13":"shipping-taxable","14":"purchasable","15":"product-type-simple"},"blog_post_layout_featured_media_urls":{"thumbnail":["https:\/\/elrincondelquimico.com\/wp-content\/uploads\/2025\/11\/WhatsApp-Image-2025-11-11-at-9.24.24-AM-e1762871101823-150x150.jpeg",150,150,true],"full":["https:\/\/elrincondelquimico.com\/wp-content\/uploads\/2025\/11\/WhatsApp-Image-2025-11-11-at-9.24.24-AM-e1762871101823.jpeg",980,1224,false]},"categories":null,"categories_names":null,"comments_number":"0","_links":{"self":[{"href":"https:\/\/elrincondelquimico.com\/index.php?rest_route=\/wp\/v2\/product\/3371","targetHints":{"allow":["GET"]}}],"collection":[{"href":"https:\/\/elrincondelquimico.com\/index.php?rest_route=\/wp\/v2\/product"}],"about":[{"href":"https:\/\/elrincondelquimico.com\/index.php?rest_route=\/wp\/v2\/types\/product"}],"replies":[{"embeddable":true,"href":"https:\/\/elrincondelquimico.com\/index.php?rest_route=%2Fwp%2Fv2%2Fcomments&post=3371"}],"wp:featuredmedia":[{"embeddable":true,"href":"https:\/\/elrincondelquimico.com\/index.php?rest_route=\/wp\/v2\/media\/3372"}],"wp:attachment":[{"href":"https:\/\/elrincondelquimico.com\/index.php?rest_route=%2Fwp%2Fv2%2Fmedia&parent=3371"}],"wp:term":[{"taxonomy":"product_brand","embeddable":true,"href":"https:\/\/elrincondelquimico.com\/index.php?rest_route=%2Fwp%2Fv2%2Fproduct_brand&post=3371"},{"taxonomy":"product_cat","embeddable":true,"href":"https:\/\/elrincondelquimico.com\/index.php?rest_route=%2Fwp%2Fv2%2Fproduct_cat&post=3371"},{"taxonomy":"product_tag","embeddable":true,"href":"https:\/\/elrincondelquimico.com\/index.php?rest_route=%2Fwp%2Fv2%2Fproduct_tag&post=3371"}],"curies":[{"name":"wp","href":"https:\/\/api.w.org\/{rel}","templated":true}]}}