{"id":3183,"date":"2025-09-01T15:27:26","date_gmt":"2025-09-01T20:27:26","guid":{"rendered":"https:\/\/elrincondelquimico.com\/?post_type=product&#038;p=3183"},"modified":"2025-09-01T15:33:51","modified_gmt":"2025-09-01T20:33:51","slug":"agitador-microplacas-microplate-mixer-mx-m-dlab","status":"publish","type":"product","link":"https:\/\/elrincondelquimico.com\/?product=agitador-microplacas-microplate-mixer-mx-m-dlab","title":{"rendered":"AGITADOR DE MICROPLACAS MICROPLATE MIXER MX-M DLAB"},"content":{"rendered":"<p>&#8211; Se utiliza para diversas aplicaciones de mezcla con adaptadores opcionales<br \/>\n&#8211; Motor de corriente continua sin escobillas que no necesita mantenimiento<\/p>\n<p>Movimiento de agitaci\u00f3n : Orbital<br \/>\nDi\u00e1metro orbital: 4.5mm<br \/>\nVELOCIDAD:0-1000RPM(CON ACCESORIO DE DOBLE PLACA)<br \/>\nPeso m\u00e1ximo de agitaci\u00f3n (con accesorio): 0.5kg<br \/>\nTipo de motor: Motor DC sin escobillas<br \/>\nPotencia del motor: 18W<br \/>\nPotencia nominal del motor: 10W<br \/>\nIndicaci\u00f3n de velocidad: Escala<br \/>\nTensi\u00f3n: 100-240V,50\/60Hz<br \/>\nPotencia: 20W<br \/>\nDimensi\u00f3n: 260\u00d7150\u00d780mm<br \/>\nPeso : 3kg<br \/>\nTemperatura ambiente y humedad<br \/>\ntemperatura y humedad: 5-40\u00b0C,80%RH<br \/>\nClase de protecci\u00f3n: IP21<br \/>\nINCLUYE ADAPTADOR PARA 2 MICROPLACAS PS1.3<\/p>\n<p>Garant\u00eda: 12 meses<\/p>\n<p>&nbsp;<\/p>\n<p>&nbsp;<\/p>\n","protected":false},"excerpt":{"rendered":"<p>Ficha T\u00e9cnica <a href=\"https:\/\/www.dlabsci-online.com\/Product-Details\/166.html\" target=\"_blank\" rel=\"noopener\"><img decoding=\"async\" class=\"alignnone\" src=\"https:\/\/elrincondelquimico.com\/wp-content\/uploads\/2025\/05\/c03f3860-03eb-4c3b-a9b9-a3297dbc6078.png\" alt=\"Archivo:PDF file icon.svg - Wikipedia, la enciclopedia libre\" width=\"23\" height=\"28\" \/><\/a><\/p>\n","protected":false},"featured_media":3186,"comment_status":"open","ping_status":"closed","template":"","meta":{"inline_featured_image":false},"product_brand":[],"product_cat":[31,30],"product_tag":[325,324],"class_list":{"0":"post-3183","1":"product","2":"type-product","3":"status-publish","4":"has-post-thumbnail","6":"product_cat-dlab","7":"product_cat-equipos-de-laboratorio","8":"product_tag-agitador","9":"product_tag-dlab","11":"first","12":"instock","13":"shipping-taxable","14":"purchasable","15":"product-type-simple"},"blog_post_layout_featured_media_urls":{"thumbnail":["https:\/\/elrincondelquimico.com\/wp-content\/uploads\/2025\/09\/Captura-de-pantalla-2025-09-01-153310-150x150.png",150,150,true],"full":["https:\/\/elrincondelquimico.com\/wp-content\/uploads\/2025\/09\/Captura-de-pantalla-2025-09-01-153310.png",658,611,false]},"categories":null,"categories_names":null,"comments_number":"0","_links":{"self":[{"href":"https:\/\/elrincondelquimico.com\/index.php?rest_route=\/wp\/v2\/product\/3183","targetHints":{"allow":["GET"]}}],"collection":[{"href":"https:\/\/elrincondelquimico.com\/index.php?rest_route=\/wp\/v2\/product"}],"about":[{"href":"https:\/\/elrincondelquimico.com\/index.php?rest_route=\/wp\/v2\/types\/product"}],"replies":[{"embeddable":true,"href":"https:\/\/elrincondelquimico.com\/index.php?rest_route=%2Fwp%2Fv2%2Fcomments&post=3183"}],"wp:featuredmedia":[{"embeddable":true,"href":"https:\/\/elrincondelquimico.com\/index.php?rest_route=\/wp\/v2\/media\/3186"}],"wp:attachment":[{"href":"https:\/\/elrincondelquimico.com\/index.php?rest_route=%2Fwp%2Fv2%2Fmedia&parent=3183"}],"wp:term":[{"taxonomy":"product_brand","embeddable":true,"href":"https:\/\/elrincondelquimico.com\/index.php?rest_route=%2Fwp%2Fv2%2Fproduct_brand&post=3183"},{"taxonomy":"product_cat","embeddable":true,"href":"https:\/\/elrincondelquimico.com\/index.php?rest_route=%2Fwp%2Fv2%2Fproduct_cat&post=3183"},{"taxonomy":"product_tag","embeddable":true,"href":"https:\/\/elrincondelquimico.com\/index.php?rest_route=%2Fwp%2Fv2%2Fproduct_tag&post=3183"}],"curies":[{"name":"wp","href":"https:\/\/api.w.org\/{rel}","templated":true}]}}