{"id":3130,"date":"2025-07-10T00:18:28","date_gmt":"2025-07-10T05:18:28","guid":{"rendered":"https:\/\/elrincondelquimico.com\/?post_type=product&#038;p=3130"},"modified":"2025-07-10T00:23:50","modified_gmt":"2025-07-10T05:23:50","slug":"acido-calconcarboxilico-x-25-gr-cod-grm921-himedia","status":"publish","type":"product","link":"https:\/\/elrincondelquimico.com\/?product=acido-calconcarboxilico-x-25-gr-cod-grm921-himedia","title":{"rendered":"ACIDO CALCONCARBOXILICO X 25 GR COD GRM921 HIMEDIA"},"content":{"rendered":"<p>Calconcarboxylic acid, Practical grade<\/p>\n<p>C\u00f3digo de producto: GRM921<br \/>\nNombre del producto: \u00c1cido calconcarbox\u00edlico, grado pr\u00e1ctico<br \/>\nSin\u00f3nimo: Reactivo de Patton y Reeder, grado pr\u00e1ctico<br \/>\nF\u00f3rmula molecular: C\u2082H\u2081\u2083N\u2082O\u2083S<br \/>\nPeso molecular: 438,41<br \/>\nN.\u00ba CAS: 3737-95-9<\/p>\n<div id=\"gtx-trans\" style=\"position: absolute; left: -3px; top: 41.2px;\">\n<div class=\"gtx-trans-icon\"><\/div>\n<\/div>\n","protected":false},"excerpt":{"rendered":"<p>Ficha T\u00e9cnica <a href=\"https:\/\/www.himedialabs.com\/us\/grm921-calconcarboxylic-acid-practical-grade.html\"><img decoding=\"async\" class=\"alignnone\" src=\"https:\/\/elrincondelquimico.com\/wp-content\/uploads\/2025\/05\/c03f3860-03eb-4c3b-a9b9-a3297dbc6078.png\" alt=\"Archivo:PDF file icon.svg - Wikipedia, la enciclopedia libre\" width=\"19\" height=\"23\" \/><\/a><\/p>\n","protected":false},"featured_media":3131,"comment_status":"open","ping_status":"closed","template":"","meta":{"inline_featured_image":false},"product_brand":[],"product_cat":[29,21],"product_tag":[19,68],"class_list":{"0":"post-3130","1":"product","2":"type-product","3":"status-publish","4":"has-post-thumbnail","6":"product_cat-himedia-reactivos-de-laboratorio","7":"product_cat-reactivos-de-laboratorio","8":"product_tag-himedia","9":"product_tag-reactivos","11":"first","12":"instock","13":"shipping-taxable","14":"purchasable","15":"product-type-simple"},"blog_post_layout_featured_media_urls":{"thumbnail":["https:\/\/elrincondelquimico.com\/wp-content\/uploads\/2025\/07\/Captura-de-pantalla-2025-07-10-001954-150x150.png",150,150,true],"full":["https:\/\/elrincondelquimico.com\/wp-content\/uploads\/2025\/07\/Captura-de-pantalla-2025-07-10-001954.png",800,855,false]},"categories":null,"categories_names":null,"comments_number":"0","_links":{"self":[{"href":"https:\/\/elrincondelquimico.com\/index.php?rest_route=\/wp\/v2\/product\/3130","targetHints":{"allow":["GET"]}}],"collection":[{"href":"https:\/\/elrincondelquimico.com\/index.php?rest_route=\/wp\/v2\/product"}],"about":[{"href":"https:\/\/elrincondelquimico.com\/index.php?rest_route=\/wp\/v2\/types\/product"}],"replies":[{"embeddable":true,"href":"https:\/\/elrincondelquimico.com\/index.php?rest_route=%2Fwp%2Fv2%2Fcomments&post=3130"}],"wp:featuredmedia":[{"embeddable":true,"href":"https:\/\/elrincondelquimico.com\/index.php?rest_route=\/wp\/v2\/media\/3131"}],"wp:attachment":[{"href":"https:\/\/elrincondelquimico.com\/index.php?rest_route=%2Fwp%2Fv2%2Fmedia&parent=3130"}],"wp:term":[{"taxonomy":"product_brand","embeddable":true,"href":"https:\/\/elrincondelquimico.com\/index.php?rest_route=%2Fwp%2Fv2%2Fproduct_brand&post=3130"},{"taxonomy":"product_cat","embeddable":true,"href":"https:\/\/elrincondelquimico.com\/index.php?rest_route=%2Fwp%2Fv2%2Fproduct_cat&post=3130"},{"taxonomy":"product_tag","embeddable":true,"href":"https:\/\/elrincondelquimico.com\/index.php?rest_route=%2Fwp%2Fv2%2Fproduct_tag&post=3130"}],"curies":[{"name":"wp","href":"https:\/\/api.w.org\/{rel}","templated":true}]}}