{"id":3104,"date":"2025-07-08T11:41:43","date_gmt":"2025-07-08T16:41:43","guid":{"rendered":"https:\/\/elrincondelquimico.com\/?post_type=product&#038;p=3104"},"modified":"2025-07-08T11:42:01","modified_gmt":"2025-07-08T16:42:01","slug":"chloroform-ar-cloroformo-x-500-ml-cod-493905-cdh","status":"publish","type":"product","link":"https:\/\/elrincondelquimico.com\/?product=chloroform-ar-cloroformo-x-500-ml-cod-493905-cdh","title":{"rendered":"CHLOROFORM AR (CLOROFORMO) x 500 ML COD 493905 CDH"},"content":{"rendered":"<p>SIN\u00d3NIMOS Triclorometano<br \/>\nN.\u00b0 I.C. N\/D<br \/>\nN.\u00b0 CASR 67-66-3<br \/>\nF\u00d3RMULA AT\u00d3MICA O MOLECULAR CHCl3<br \/>\nPESO AT\u00d3MICO O MOLECULAR 119,38<\/p>\n","protected":false},"excerpt":{"rendered":"<p>SIN\u00d3NIMOS Triclorometano N.\u00b0 I.C. N\/D N.\u00b0 CASR 67-66-3 F\u00d3RMULA AT\u00d3MICA O MOLECULAR CHCl3 PESO AT\u00d3MICO O MOLECULAR 119,38<\/p>\n","protected":false},"featured_media":3045,"comment_status":"open","ping_status":"closed","template":"","meta":{"inline_featured_image":false},"product_brand":[],"product_cat":[22,21],"product_tag":[36,68],"class_list":{"0":"post-3104","1":"product","2":"type-product","3":"status-publish","4":"has-post-thumbnail","6":"product_cat-cdh","7":"product_cat-reactivos-de-laboratorio","8":"product_tag-cdh","9":"product_tag-reactivos","11":"first","12":"instock","13":"shipping-taxable","14":"purchasable","15":"product-type-simple"},"blog_post_layout_featured_media_urls":{"thumbnail":["https:\/\/elrincondelquimico.com\/wp-content\/uploads\/2025\/07\/WhatsApp-Image-2025-07-03-at-9.41.01-AM-removebg-preview-150x150.jpg",150,150,true],"full":["https:\/\/elrincondelquimico.com\/wp-content\/uploads\/2025\/07\/WhatsApp-Image-2025-07-03-at-9.41.01-AM-removebg-preview.jpg",375,666,false]},"categories":null,"categories_names":null,"comments_number":"0","_links":{"self":[{"href":"https:\/\/elrincondelquimico.com\/index.php?rest_route=\/wp\/v2\/product\/3104","targetHints":{"allow":["GET"]}}],"collection":[{"href":"https:\/\/elrincondelquimico.com\/index.php?rest_route=\/wp\/v2\/product"}],"about":[{"href":"https:\/\/elrincondelquimico.com\/index.php?rest_route=\/wp\/v2\/types\/product"}],"replies":[{"embeddable":true,"href":"https:\/\/elrincondelquimico.com\/index.php?rest_route=%2Fwp%2Fv2%2Fcomments&post=3104"}],"wp:featuredmedia":[{"embeddable":true,"href":"https:\/\/elrincondelquimico.com\/index.php?rest_route=\/wp\/v2\/media\/3045"}],"wp:attachment":[{"href":"https:\/\/elrincondelquimico.com\/index.php?rest_route=%2Fwp%2Fv2%2Fmedia&parent=3104"}],"wp:term":[{"taxonomy":"product_brand","embeddable":true,"href":"https:\/\/elrincondelquimico.com\/index.php?rest_route=%2Fwp%2Fv2%2Fproduct_brand&post=3104"},{"taxonomy":"product_cat","embeddable":true,"href":"https:\/\/elrincondelquimico.com\/index.php?rest_route=%2Fwp%2Fv2%2Fproduct_cat&post=3104"},{"taxonomy":"product_tag","embeddable":true,"href":"https:\/\/elrincondelquimico.com\/index.php?rest_route=%2Fwp%2Fv2%2Fproduct_tag&post=3104"}],"curies":[{"name":"wp","href":"https:\/\/api.w.org\/{rel}","templated":true}]}}