{"id":3060,"date":"2025-07-05T00:32:08","date_gmt":"2025-07-05T05:32:08","guid":{"rendered":"https:\/\/elrincondelquimico.com\/?post_type=product&#038;p=3060"},"modified":"2025-07-05T00:33:47","modified_gmt":"2025-07-05T05:33:47","slug":"aceite-de-inmersion-para-microscopia-x-100-ml-cod-120940-cdh","status":"publish","type":"product","link":"https:\/\/elrincondelquimico.com\/?product=aceite-de-inmersion-para-microscopia-x-100-ml-cod-120940-cdh","title":{"rendered":"ACEITE DE INMERSION PARA MICROSCOPIA X 100 ML COD 120940 CDH"},"content":{"rendered":"<p>Descripci\u00f3n: L\u00edquido viscoso de incoloro a amarillo p\u00e1lido con olor caracter\u00edstico.<br \/>\nSolubilidad: Inmiscible en agua.<br \/>\nPeso por ml a 20 \u00b0C: 1,27 a 1,29 g.<br \/>\nIdoneidad para microscop\u00eda: Supera la prueba.<\/p>\n","protected":false},"excerpt":{"rendered":"<p>Ficha T\u00e9cnica <a href=\"https:\/\/www.cdhfinechemical.com\/immersion-oil-for-microscopy\" target=\"_blank\" rel=\"noopener\"><img decoding=\"async\" class=\"alignnone\" src=\"https:\/\/elrincondelquimico.com\/wp-content\/uploads\/2025\/05\/c03f3860-03eb-4c3b-a9b9-a3297dbc6078.png\" alt=\"Archivo:PDF file icon.svg - Wikipedia, la enciclopedia libre\" width=\"26\" height=\"32\" \/><\/a><\/p>\n","protected":false},"featured_media":3052,"comment_status":"open","ping_status":"closed","template":"","meta":{"inline_featured_image":false},"product_brand":[],"product_cat":[22,21],"product_tag":[36,68],"class_list":{"0":"post-3060","1":"product","2":"type-product","3":"status-publish","4":"has-post-thumbnail","6":"product_cat-cdh","7":"product_cat-reactivos-de-laboratorio","8":"product_tag-cdh","9":"product_tag-reactivos","11":"first","12":"instock","13":"shipping-taxable","14":"purchasable","15":"product-type-simple"},"blog_post_layout_featured_media_urls":{"thumbnail":["https:\/\/elrincondelquimico.com\/wp-content\/uploads\/2025\/07\/fine_chemical_2-2-150x150.jpg",150,150,true],"full":["https:\/\/elrincondelquimico.com\/wp-content\/uploads\/2025\/07\/fine_chemical_2-2-scaled.jpg",2560,1707,false]},"categories":null,"categories_names":null,"comments_number":"0","_links":{"self":[{"href":"https:\/\/elrincondelquimico.com\/index.php?rest_route=\/wp\/v2\/product\/3060","targetHints":{"allow":["GET"]}}],"collection":[{"href":"https:\/\/elrincondelquimico.com\/index.php?rest_route=\/wp\/v2\/product"}],"about":[{"href":"https:\/\/elrincondelquimico.com\/index.php?rest_route=\/wp\/v2\/types\/product"}],"replies":[{"embeddable":true,"href":"https:\/\/elrincondelquimico.com\/index.php?rest_route=%2Fwp%2Fv2%2Fcomments&post=3060"}],"wp:featuredmedia":[{"embeddable":true,"href":"https:\/\/elrincondelquimico.com\/index.php?rest_route=\/wp\/v2\/media\/3052"}],"wp:attachment":[{"href":"https:\/\/elrincondelquimico.com\/index.php?rest_route=%2Fwp%2Fv2%2Fmedia&parent=3060"}],"wp:term":[{"taxonomy":"product_brand","embeddable":true,"href":"https:\/\/elrincondelquimico.com\/index.php?rest_route=%2Fwp%2Fv2%2Fproduct_brand&post=3060"},{"taxonomy":"product_cat","embeddable":true,"href":"https:\/\/elrincondelquimico.com\/index.php?rest_route=%2Fwp%2Fv2%2Fproduct_cat&post=3060"},{"taxonomy":"product_tag","embeddable":true,"href":"https:\/\/elrincondelquimico.com\/index.php?rest_route=%2Fwp%2Fv2%2Fproduct_tag&post=3060"}],"curies":[{"name":"wp","href":"https:\/\/api.w.org\/{rel}","templated":true}]}}