{"id":2771,"date":"2025-06-16T17:23:37","date_gmt":"2025-06-16T22:23:37","guid":{"rendered":"https:\/\/elrincondelquimico.com\/?post_type=product&#038;p=2771"},"modified":"2025-09-29T14:33:08","modified_gmt":"2025-09-29T19:33:08","slug":"solucion-para-calibracion-de-10-ftu-cod-hi93703-0-hanna","status":"publish","type":"product","link":"https:\/\/elrincondelquimico.com\/?product=solucion-para-calibracion-de-10-ftu-cod-hi93703-0-hanna","title":{"rendered":"SOLUCION PARA CALIBRACION DE 10 FTU COD HI93703-10 &#8211; HANNA"},"content":{"rendered":"<p>Los est\u00e1ndares de calibraci\u00f3n de turbidez 0 FTU HI93703-0 brindan una soluci\u00f3n simple para calibrar y validar el Medidor de Turbidez HI que tiene un rango de 0 a 1000 FTU. Los est\u00e1ndares de calibraci\u00f3n de turbidez de Hanna se preparan a partir de materiales de referencia est\u00e1ndar trazables de NIST y se suministran con un certificado de an\u00e1lisis. El certificado de an\u00e1lisis proporciona el n\u00famero de lote, los valores de referencia y la fecha de vencimiento para la trazabilidad al verificar el medidor de turbidez.<\/p>\n","protected":false},"excerpt":{"rendered":"<p>Ficha T\u00e9cnica <a href=\"https:\/\/elrincondelquimico.com\/wp-content\/uploads\/2025\/06\/mpdf-4.pdf\" target=\"_blank\" rel=\"noopener\"><img decoding=\"async\" class=\"alignnone\" src=\"https:\/\/elrincondelquimico.com\/wp-content\/uploads\/2025\/05\/c03f3860-03eb-4c3b-a9b9-a3297dbc6078.png\" alt=\"Archivo:PDF file icon.svg - Wikipedia, la enciclopedia libre\" width=\"23\" height=\"28\" \/><\/a><\/p>\n","protected":false},"featured_media":2773,"comment_status":"open","ping_status":"closed","template":"","meta":{"inline_featured_image":false},"product_brand":[],"product_cat":[143,316],"product_tag":[148,151,318],"class_list":{"0":"post-2771","1":"product","2":"type-product","3":"status-publish","4":"has-post-thumbnail","6":"product_cat-analisis-de-agua","7":"product_cat-lovibond","8":"product_tag-agua","9":"product_tag-hanna","10":"product_tag-pastillas","12":"first","13":"instock","14":"shipping-taxable","15":"purchasable","16":"product-type-simple"},"blog_post_layout_featured_media_urls":{"thumbnail":["https:\/\/elrincondelquimico.com\/wp-content\/uploads\/2025\/06\/soluciones-de-calibracion-de-turbidez-de-0-ftu-hanna-hi93703-0-1-150x150.jpg",150,150,true],"full":["https:\/\/elrincondelquimico.com\/wp-content\/uploads\/2025\/06\/soluciones-de-calibracion-de-turbidez-de-0-ftu-hanna-hi93703-0-1.jpg",458,458,false]},"categories":null,"categories_names":null,"comments_number":"0","_links":{"self":[{"href":"https:\/\/elrincondelquimico.com\/index.php?rest_route=\/wp\/v2\/product\/2771","targetHints":{"allow":["GET"]}}],"collection":[{"href":"https:\/\/elrincondelquimico.com\/index.php?rest_route=\/wp\/v2\/product"}],"about":[{"href":"https:\/\/elrincondelquimico.com\/index.php?rest_route=\/wp\/v2\/types\/product"}],"replies":[{"embeddable":true,"href":"https:\/\/elrincondelquimico.com\/index.php?rest_route=%2Fwp%2Fv2%2Fcomments&post=2771"}],"wp:featuredmedia":[{"embeddable":true,"href":"https:\/\/elrincondelquimico.com\/index.php?rest_route=\/wp\/v2\/media\/2773"}],"wp:attachment":[{"href":"https:\/\/elrincondelquimico.com\/index.php?rest_route=%2Fwp%2Fv2%2Fmedia&parent=2771"}],"wp:term":[{"taxonomy":"product_brand","embeddable":true,"href":"https:\/\/elrincondelquimico.com\/index.php?rest_route=%2Fwp%2Fv2%2Fproduct_brand&post=2771"},{"taxonomy":"product_cat","embeddable":true,"href":"https:\/\/elrincondelquimico.com\/index.php?rest_route=%2Fwp%2Fv2%2Fproduct_cat&post=2771"},{"taxonomy":"product_tag","embeddable":true,"href":"https:\/\/elrincondelquimico.com\/index.php?rest_route=%2Fwp%2Fv2%2Fproduct_tag&post=2771"}],"curies":[{"name":"wp","href":"https:\/\/api.w.org\/{rel}","templated":true}]}}