{"id":2701,"date":"2025-05-30T15:45:24","date_gmt":"2025-05-30T20:45:24","guid":{"rendered":"https:\/\/elrincondelquimico.com\/?post_type=product&#038;p=2701"},"modified":"2025-08-15T16:20:43","modified_gmt":"2025-08-15T21:20:43","slug":"tubo-conico-esteril-de-50-ml-polipropileno-hdpe-bolsa-x-25-und-cod-50050-spl","status":"publish","type":"product","link":"https:\/\/elrincondelquimico.com\/?product=tubo-conico-esteril-de-50-ml-polipropileno-hdpe-bolsa-x-25-und-cod-50050-spl","title":{"rendered":"TUBO CONICO ESTERIL DE 50 ML POLIPROPILENO\/HDPE BOLSA X 25 UND COD 50050 SPL"},"content":{"rendered":"<p>Los tubos c\u00f3nicos se utilizan ampliamente en laboratorios, desde el almacenamiento de muestras hasta la centrifugaci\u00f3n de alta velocidad. SPL Life Sciences ofrece tubos c\u00f3nicos de alta resistencia y no t\u00f3xicos para satisfacer las necesidades. \u25aa Tap\u00f3n de rosca herm\u00e9tico<br \/>\n\u25aa Graduaciones externas con \u00e1rea de marcado<br \/>\n\u25aa Envasado en bolsas con cierre herm\u00e9tico<br \/>\n\u25aa Tubos c\u00f3nicos de poliestireno (transparentes) (N.\u00b0 de cat. 51015, 51115, 51150)<br \/>\n\u25aa Modelo con fald\u00f3n y soporte (N.\u00b0 de cat. 50515, 50250)<br \/>\n\u25aa Para centrifugaci\u00f3n de alta velocidad (N.\u00b0 de cat. 50040)<br \/>\n\u25aa Suministrado en gradillas (N.\u00b0 de cat. 50115, 51115, 50150, 51150)<br \/>\n\u25aa Modelo \u00e1mbar (N.\u00b0 de cat. 54015, 54115, 54050, 54150)<br \/>\n\u25aa Ensayo de embriones de rat\u00f3n (MEA) superado<\/p>\n<p>\u25aa Apir\u00f3geno<br \/>\n\u25aa No citot\u00f3xico<br \/>\n\u25aa DNasa \/ ARNasa \u2013 libre<br \/>\n\u25aa ADN humano \u2013 libre<\/p>\n","protected":false},"excerpt":{"rendered":"<p>Ficha T\u00e9cnica <a href=\"https:\/\/elrincondelquimico.com\/wp-content\/uploads\/2025\/05\/TDS-SPL-Conical-Tube-2.pdf\" target=\"_blank\" rel=\"noopener\"><img decoding=\"async\" class=\"alignnone\" src=\"https:\/\/elrincondelquimico.com\/wp-content\/uploads\/2025\/05\/c03f3860-03eb-4c3b-a9b9-a3297dbc6078.png\" alt=\"Archivo:PDF file icon.svg - Wikipedia, la enciclopedia libre\" width=\"23\" height=\"28\" \/><\/a><\/p>\n","protected":false},"featured_media":2697,"comment_status":"open","ping_status":"closed","template":"","meta":{"inline_featured_image":false},"product_brand":[],"product_cat":[24,25],"product_tag":[223,95,222,49],"class_list":{"0":"post-2701","1":"product","2":"type-product","3":"status-publish","4":"has-post-thumbnail","6":"product_cat-material-de-laboratorio","7":"product_cat-spl","8":"product_tag-korea","9":"product_tag-plastico","10":"product_tag-spl","11":"product_tag-tubo","13":"first","14":"instock","15":"shipping-taxable","16":"purchasable","17":"product-type-simple"},"blog_post_layout_featured_media_urls":{"thumbnail":["https:\/\/elrincondelquimico.com\/wp-content\/uploads\/2025\/05\/FORMATO-SPL-25-150x150.jpg",150,150,true],"full":["https:\/\/elrincondelquimico.com\/wp-content\/uploads\/2025\/05\/FORMATO-SPL-25.jpg",1539,1539,false]},"categories":null,"categories_names":null,"comments_number":"0","_links":{"self":[{"href":"https:\/\/elrincondelquimico.com\/index.php?rest_route=\/wp\/v2\/product\/2701","targetHints":{"allow":["GET"]}}],"collection":[{"href":"https:\/\/elrincondelquimico.com\/index.php?rest_route=\/wp\/v2\/product"}],"about":[{"href":"https:\/\/elrincondelquimico.com\/index.php?rest_route=\/wp\/v2\/types\/product"}],"replies":[{"embeddable":true,"href":"https:\/\/elrincondelquimico.com\/index.php?rest_route=%2Fwp%2Fv2%2Fcomments&post=2701"}],"wp:featuredmedia":[{"embeddable":true,"href":"https:\/\/elrincondelquimico.com\/index.php?rest_route=\/wp\/v2\/media\/2697"}],"wp:attachment":[{"href":"https:\/\/elrincondelquimico.com\/index.php?rest_route=%2Fwp%2Fv2%2Fmedia&parent=2701"}],"wp:term":[{"taxonomy":"product_brand","embeddable":true,"href":"https:\/\/elrincondelquimico.com\/index.php?rest_route=%2Fwp%2Fv2%2Fproduct_brand&post=2701"},{"taxonomy":"product_cat","embeddable":true,"href":"https:\/\/elrincondelquimico.com\/index.php?rest_route=%2Fwp%2Fv2%2Fproduct_cat&post=2701"},{"taxonomy":"product_tag","embeddable":true,"href":"https:\/\/elrincondelquimico.com\/index.php?rest_route=%2Fwp%2Fv2%2Fproduct_tag&post=2701"}],"curies":[{"name":"wp","href":"https:\/\/api.w.org\/{rel}","templated":true}]}}