{"id":2655,"date":"2025-05-30T13:01:42","date_gmt":"2025-05-30T18:01:42","guid":{"rendered":"https:\/\/elrincondelquimico.com\/?post_type=product&#038;p=2655"},"modified":"2025-08-16T10:40:52","modified_gmt":"2025-08-16T15:40:52","slug":"rack-para-microtubos-de-48-posiciones-cod-61048-spl","status":"publish","type":"product","link":"https:\/\/elrincondelquimico.com\/?product=rack-para-microtubos-de-48-posiciones-cod-61048-spl","title":{"rendered":"RACK PARA MICROTUBOS DE 48 POSICIONES COD 61048 SPL"},"content":{"rendered":"<p>Las gradillas apiladoras para microtubos SPL est\u00e1n dise\u00f1adas espec\u00edficamente para la manipulaci\u00f3n y el almacenamiento de tubos de microcentr\u00edfuga.<\/p>\n<p>\u25aa Apilables para ahorrar espacio<br \/>\n\u25aa 5 colores: rosa, amarillo, verde, naranja y azul<br \/>\n\u25aa No autoclavables<\/p>\n","protected":false},"excerpt":{"rendered":"<p>Ficha T\u00e9cnica <a href=\"https:\/\/elrincondelquimico.com\/wp-content\/uploads\/2025\/05\/TDS-SPL-Stacker-Microtube-Rack.pdf\" target=\"_blank\" rel=\"noopener\"><img decoding=\"async\" class=\"alignnone\" src=\"https:\/\/elrincondelquimico.com\/wp-content\/uploads\/2025\/05\/c03f3860-03eb-4c3b-a9b9-a3297dbc6078.png\" alt=\"Archivo:PDF file icon.svg - Wikipedia, la enciclopedia libre\" width=\"23\" height=\"28\" \/><\/a><\/p>\n","protected":false},"featured_media":2656,"comment_status":"open","ping_status":"closed","template":"","meta":{"inline_featured_image":false},"product_brand":[],"product_cat":[24,25],"product_tag":[62,223,307,95,205,222],"class_list":{"0":"post-2655","1":"product","2":"type-product","3":"status-publish","4":"has-post-thumbnail","6":"product_cat-material-de-laboratorio","7":"product_cat-spl","8":"product_tag-aleman","9":"product_tag-korea","10":"product_tag-microtubo","11":"product_tag-plastico","12":"product_tag-rack","13":"product_tag-spl","15":"first","16":"instock","17":"shipping-taxable","18":"purchasable","19":"product-type-simple"},"blog_post_layout_featured_media_urls":{"thumbnail":["https:\/\/elrincondelquimico.com\/wp-content\/uploads\/2025\/05\/FORMATO-SPL-17-150x150.jpg",150,150,true],"full":["https:\/\/elrincondelquimico.com\/wp-content\/uploads\/2025\/05\/FORMATO-SPL-17.jpg",1539,1539,false]},"categories":null,"categories_names":null,"comments_number":"0","_links":{"self":[{"href":"https:\/\/elrincondelquimico.com\/index.php?rest_route=\/wp\/v2\/product\/2655","targetHints":{"allow":["GET"]}}],"collection":[{"href":"https:\/\/elrincondelquimico.com\/index.php?rest_route=\/wp\/v2\/product"}],"about":[{"href":"https:\/\/elrincondelquimico.com\/index.php?rest_route=\/wp\/v2\/types\/product"}],"replies":[{"embeddable":true,"href":"https:\/\/elrincondelquimico.com\/index.php?rest_route=%2Fwp%2Fv2%2Fcomments&post=2655"}],"wp:featuredmedia":[{"embeddable":true,"href":"https:\/\/elrincondelquimico.com\/index.php?rest_route=\/wp\/v2\/media\/2656"}],"wp:attachment":[{"href":"https:\/\/elrincondelquimico.com\/index.php?rest_route=%2Fwp%2Fv2%2Fmedia&parent=2655"}],"wp:term":[{"taxonomy":"product_brand","embeddable":true,"href":"https:\/\/elrincondelquimico.com\/index.php?rest_route=%2Fwp%2Fv2%2Fproduct_brand&post=2655"},{"taxonomy":"product_cat","embeddable":true,"href":"https:\/\/elrincondelquimico.com\/index.php?rest_route=%2Fwp%2Fv2%2Fproduct_cat&post=2655"},{"taxonomy":"product_tag","embeddable":true,"href":"https:\/\/elrincondelquimico.com\/index.php?rest_route=%2Fwp%2Fv2%2Fproduct_tag&post=2655"}],"curies":[{"name":"wp","href":"https:\/\/api.w.org\/{rel}","templated":true}]}}