{"id":2566,"date":"2025-05-28T10:22:33","date_gmt":"2025-05-28T15:22:33","guid":{"rendered":"https:\/\/elrincondelquimico.com\/?post_type=product&#038;p=2566"},"modified":"2025-08-16T10:55:52","modified_gmt":"2025-08-16T15:55:52","slug":"frasco-de-cultivo-celular-esteril-de-25-cm250ml-con-filtro-paq-x-5-und-cod-70025-spl","status":"publish","type":"product","link":"https:\/\/elrincondelquimico.com\/?product=frasco-de-cultivo-celular-esteril-de-25-cm250ml-con-filtro-paq-x-5-und-cod-70025-spl","title":{"rendered":"FRASCO DE CULTIVO CELULAR ESTERIL DE 25 CM2(60ML) CON FILTRO PAQ X 5 UND COD 70025 SPL"},"content":{"rendered":"<p>Los matraces de cultivo de SPL Life Sciences tienen un dise\u00f1o ergon\u00f3mico que facilita su manejo y minimiza la contaminaci\u00f3n durante el cultivo celular. Su cuello corto, ancho y angulado facilita el acceso a pipetas serol\u00f3gicas y raspadores celulares. Los matraces se dividen en 6 tipos, seg\u00fan la escala de cultivo y el tipo de tapa. Las \u00e1reas de crecimiento celular para T12.5, T25, T75, T175 y T225 son de 12,5 cm\u00b2, 25 cm\u00b2, 75 cm\u00b2, 175 cm\u00b2 y 225 cm\u00b2, respectivamente. Cada matraz puede incluir tapas con tap\u00f3n o filtro.<\/p>\n<p>Nota: Se recomienda abrir ligeramente las tapas para permitir el intercambio de gases durante la incubaci\u00f3n de matraces con tapas con tap\u00f3n.<\/p>\n<p>\u25aa Dise\u00f1o ergon\u00f3mico para facilitar su manejo y minimizar la contaminaci\u00f3n<br \/>\n\u25aa Cuello corto y ancho con dise\u00f1o en \u00e1ngulo que facilita el acceso<br \/>\n\u25aa Excelente apilabilidad<br \/>\n\u25aa Tapones y tapas con filtro disponibles para todos los modelos de matraces<br \/>\n\u25aa \u00c1rea de crecimiento celular: 12,5 cm\u00b2, 25 cm\u00b2, 75 cm\u00b2, 175 cm\u00b2 y 225 cm\u00b2<br \/>\n\u25aa Posici\u00f3n de ventilaci\u00f3n para modelos con tap\u00f3n de 175 cm\u00b2 y 225 cm\u00b2 (n.\u00ba de cat. 72175, 73175, 701225)<br \/>\n\u25aa Los modelos sin tratamiento (para cultivo en suspensi\u00f3n) se suministran con tapas blancas<\/p>\n<p>\u25aa Apir\u00f3geno<br \/>\n\u25aa No citot\u00f3xico<br \/>\n\u25aa Libre de DNasa\/RNasa<br \/>\n\u25aa Libre de ADN humano<\/p>\n","protected":false},"excerpt":{"rendered":"<p>Ficha T\u00e9cnica <a href=\"https:\/\/elrincondelquimico.com\/wp-content\/uploads\/2025\/05\/TDS-Cell-Culture-Flask.pdf\" target=\"_blank\" rel=\"noopener\"><img decoding=\"async\" class=\"alignnone\" src=\"https:\/\/elrincondelquimico.com\/wp-content\/uploads\/2025\/05\/c03f3860-03eb-4c3b-a9b9-a3297dbc6078.png\" alt=\"Archivo:PDF file icon.svg - Wikipedia, la enciclopedia libre\" width=\"23\" height=\"28\" \/><\/a><\/p>\n","protected":false},"featured_media":2567,"comment_status":"open","ping_status":"closed","template":"","meta":{"inline_featured_image":false},"product_brand":[],"product_cat":[24,25],"product_tag":[302,301,20,223,95,222],"class_list":{"0":"post-2566","1":"product","2":"type-product","3":"status-publish","4":"has-post-thumbnail","6":"product_cat-material-de-laboratorio","7":"product_cat-spl","8":"product_tag-cultivo-celular","9":"product_tag-flask","10":"product_tag-frasco","11":"product_tag-korea","12":"product_tag-plastico","13":"product_tag-spl","15":"first","16":"instock","17":"shipping-taxable","18":"purchasable","19":"product-type-simple"},"blog_post_layout_featured_media_urls":{"thumbnail":["https:\/\/elrincondelquimico.com\/wp-content\/uploads\/2025\/05\/FORMATO-SPL-5-150x150.jpg",150,150,true],"full":["https:\/\/elrincondelquimico.com\/wp-content\/uploads\/2025\/05\/FORMATO-SPL-5.jpg",1539,1539,false]},"categories":null,"categories_names":null,"comments_number":"0","_links":{"self":[{"href":"https:\/\/elrincondelquimico.com\/index.php?rest_route=\/wp\/v2\/product\/2566","targetHints":{"allow":["GET"]}}],"collection":[{"href":"https:\/\/elrincondelquimico.com\/index.php?rest_route=\/wp\/v2\/product"}],"about":[{"href":"https:\/\/elrincondelquimico.com\/index.php?rest_route=\/wp\/v2\/types\/product"}],"replies":[{"embeddable":true,"href":"https:\/\/elrincondelquimico.com\/index.php?rest_route=%2Fwp%2Fv2%2Fcomments&post=2566"}],"wp:featuredmedia":[{"embeddable":true,"href":"https:\/\/elrincondelquimico.com\/index.php?rest_route=\/wp\/v2\/media\/2567"}],"wp:attachment":[{"href":"https:\/\/elrincondelquimico.com\/index.php?rest_route=%2Fwp%2Fv2%2Fmedia&parent=2566"}],"wp:term":[{"taxonomy":"product_brand","embeddable":true,"href":"https:\/\/elrincondelquimico.com\/index.php?rest_route=%2Fwp%2Fv2%2Fproduct_brand&post=2566"},{"taxonomy":"product_cat","embeddable":true,"href":"https:\/\/elrincondelquimico.com\/index.php?rest_route=%2Fwp%2Fv2%2Fproduct_cat&post=2566"},{"taxonomy":"product_tag","embeddable":true,"href":"https:\/\/elrincondelquimico.com\/index.php?rest_route=%2Fwp%2Fv2%2Fproduct_tag&post=2566"}],"curies":[{"name":"wp","href":"https:\/\/api.w.org\/{rel}","templated":true}]}}