{"id":2549,"date":"2025-05-28T09:07:28","date_gmt":"2025-05-28T14:07:28","guid":{"rendered":"https:\/\/elrincondelquimico.com\/?post_type=product&#038;p=2549"},"modified":"2026-05-05T09:01:15","modified_gmt":"2026-05-05T14:01:15","slug":"criovial-pp-de-2-ml-esteril-tapa-externa-c-o-ring-bolsa-x-50-und-cod-43112-spl","status":"publish","type":"product","link":"https:\/\/elrincondelquimico.com\/?product=criovial-pp-de-2-ml-esteril-tapa-externa-c-o-ring-bolsa-x-50-und-cod-43112-spl","title":{"rendered":"CRIOVIAL PP DE 2 ML ESTERIL TAPA EXTERNA C\/O-RING BOLSA X 50 UND COD 43112 SPL"},"content":{"rendered":"<p>Los crioviales est\u00e1n dise\u00f1ados para el almacenamiento de c\u00e9lulas, muestras y soluciones. Disponemos de dos tipos de tapa: externa e interna. Se pueden almacenar en ultracongeladores.<\/p>\n<p>\u25aa \u00daselo \u00fanicamente en nitr\u00f3geno l\u00edquido en fase vapor.<br \/>\n\u25aa Dise\u00f1o distintivo de tapa externa e interna. \u25aa Tap\u00f3n externo: La rosca externa del cuerpo encaja perfectamente en la rosca interna del tap\u00f3n, formando una espiral.<br \/>\n\u25aa Tap\u00f3n interno: La rosca interna del cuerpo encaja perfectamente en la rosca externa del tap\u00f3n, formando una espiral.<br \/>\n\u25aa Base autoportante.<\/p>\n<p>\u25aa Sin fald\u00f3n: Disponible en 17.000 g (n.\u00b0 de cat. 43042).<br \/>\n\u25aa Envasado en envase ziplock resellable.<\/p>\n<p>\u25aa Rango de temperatura: -196 ~ +121 \u00b0C.<\/p>\n<p>\u25aa Sin arandela de silicona (n.\u00b0 de cat. 43012).<\/p>\n<p>\u25aa \u00c1mbar (n.\u00b0 de cat. 44112, 44022).<\/p>\n<p>\u25aa Inserto para tap\u00f3n de vial: Disponible en 5 colores (n.\u00b0 de cat. 43032).<br \/>\n\u25aa Volumen recomendado (n.\u00b0 de cat. 43113, 43023): 4,50 ml.<\/p>\n<p>\u25aa Sin pirog\u00e9nico<br \/>\n\u25aa No citot\u00f3xico<br \/>\n\u25aa Libre de DNasa\/RNasa<br \/>\n\u25aa Libre de ADN humano<\/p>\n","protected":false},"excerpt":{"rendered":"<p>Ficha T\u00e9cnica <a href=\"https:\/\/elrincondelquimico.com\/wp-content\/uploads\/2025\/05\/TDS-Cryovial.pdf\" target=\"_blank\" rel=\"noopener\"><img decoding=\"async\" class=\"alignnone\" src=\"https:\/\/elrincondelquimico.com\/wp-content\/uploads\/2025\/05\/c03f3860-03eb-4c3b-a9b9-a3297dbc6078.png\" alt=\"Archivo:PDF file icon.svg - Wikipedia, la enciclopedia libre\" width=\"23\" height=\"28\" \/><\/a><\/p>\n","protected":false},"featured_media":2538,"comment_status":"open","ping_status":"closed","template":"","meta":{"inline_featured_image":false},"product_brand":[],"product_cat":[24,25],"product_tag":[179,223,95,222],"class_list":{"0":"post-2549","1":"product","2":"type-product","3":"status-publish","4":"has-post-thumbnail","6":"product_cat-material-de-laboratorio","7":"product_cat-spl","8":"product_tag-criovial","9":"product_tag-korea","10":"product_tag-plastico","11":"product_tag-spl","13":"first","14":"instock","15":"shipping-taxable","16":"purchasable","17":"product-type-simple"},"blog_post_layout_featured_media_urls":{"thumbnail":["https:\/\/elrincondelquimico.com\/wp-content\/uploads\/2025\/05\/FORMATO-SPL-5-150x150.png",150,150,true],"full":["https:\/\/elrincondelquimico.com\/wp-content\/uploads\/2025\/05\/FORMATO-SPL-5.png",1539,1539,false]},"categories":null,"categories_names":null,"comments_number":"0","_links":{"self":[{"href":"https:\/\/elrincondelquimico.com\/index.php?rest_route=\/wp\/v2\/product\/2549","targetHints":{"allow":["GET"]}}],"collection":[{"href":"https:\/\/elrincondelquimico.com\/index.php?rest_route=\/wp\/v2\/product"}],"about":[{"href":"https:\/\/elrincondelquimico.com\/index.php?rest_route=\/wp\/v2\/types\/product"}],"replies":[{"embeddable":true,"href":"https:\/\/elrincondelquimico.com\/index.php?rest_route=%2Fwp%2Fv2%2Fcomments&post=2549"}],"wp:featuredmedia":[{"embeddable":true,"href":"https:\/\/elrincondelquimico.com\/index.php?rest_route=\/wp\/v2\/media\/2538"}],"wp:attachment":[{"href":"https:\/\/elrincondelquimico.com\/index.php?rest_route=%2Fwp%2Fv2%2Fmedia&parent=2549"}],"wp:term":[{"taxonomy":"product_brand","embeddable":true,"href":"https:\/\/elrincondelquimico.com\/index.php?rest_route=%2Fwp%2Fv2%2Fproduct_brand&post=2549"},{"taxonomy":"product_cat","embeddable":true,"href":"https:\/\/elrincondelquimico.com\/index.php?rest_route=%2Fwp%2Fv2%2Fproduct_cat&post=2549"},{"taxonomy":"product_tag","embeddable":true,"href":"https:\/\/elrincondelquimico.com\/index.php?rest_route=%2Fwp%2Fv2%2Fproduct_tag&post=2549"}],"curies":[{"name":"wp","href":"https:\/\/api.w.org\/{rel}","templated":true}]}}