{"id":2532,"date":"2025-05-28T00:42:40","date_gmt":"2025-05-28T05:42:40","guid":{"rendered":"https:\/\/elrincondelquimico.com\/?post_type=product&#038;p=2532"},"modified":"2025-08-16T11:00:02","modified_gmt":"2025-08-16T16:00:02","slug":"cell-strainer-pp-nylon-azul-40um-esteril-cod-93040-spl","status":"publish","type":"product","link":"https:\/\/elrincondelquimico.com\/?product=cell-strainer-pp-nylon-azul-40um-esteril-cod-93040-spl","title":{"rendered":"CELL STRAINER PP\/NYLON AZUL 40UM ESTERIL COD 93040 SPL"},"content":{"rendered":"<p>Los filtros celulares de SPL Life Sciences son ideales para obtener suspensiones celulares uniformes de diversas fuentes. Fabricados en nailon con tres tama\u00f1os de poro diferentes, ofrecen un rendimiento \u00f3ptimo en diversas aplicaciones, como la preparaci\u00f3n de c\u00e9lulas madre y c\u00e9lulas primarias.<\/p>\n<p>\u25aa Ideales para la preparaci\u00f3n de c\u00e9lulas madre y c\u00e9lulas primarias derivadas de tejidos.<br \/>\n\u25aa Compatibles con tubos c\u00f3nicos SPL de 50 ml (consultar para otros tubos c\u00f3nicos).<br \/>\n\u25aa Apir\u00f3genos.<br \/>\n\u25aa No citot\u00f3xicos.<br \/>\n\u25aa Sin DNasa ni RNasa.<br \/>\n\u25aa Sin ADN humano.<\/p>\n","protected":false},"excerpt":{"rendered":"<p>Ficha T\u00e9cnica <a href=\"https:\/\/elrincondelquimico.com\/wp-content\/uploads\/2025\/05\/TDS-SPL-Cell-Strainer.pdf\" target=\"_blank\" rel=\"noopener\"><img decoding=\"async\" class=\"alignnone\" src=\"https:\/\/elrincondelquimico.com\/wp-content\/uploads\/2025\/05\/c03f3860-03eb-4c3b-a9b9-a3297dbc6078.png\" alt=\"Archivo:PDF file icon.svg - Wikipedia, la enciclopedia libre\" width=\"23\" height=\"28\" \/><\/a><\/p>\n","protected":false},"featured_media":2528,"comment_status":"open","ping_status":"closed","template":"","meta":{"inline_featured_image":false},"product_brand":[],"product_cat":[24,25],"product_tag":[223,95,222,297],"class_list":{"0":"post-2532","1":"product","2":"type-product","3":"status-publish","4":"has-post-thumbnail","6":"product_cat-material-de-laboratorio","7":"product_cat-spl","8":"product_tag-korea","9":"product_tag-plastico","10":"product_tag-spl","11":"product_tag-strainer","13":"first","14":"instock","15":"shipping-taxable","16":"purchasable","17":"product-type-simple"},"blog_post_layout_featured_media_urls":{"thumbnail":["https:\/\/elrincondelquimico.com\/wp-content\/uploads\/2025\/05\/FORMATO-SPL-3-150x150.png",150,150,true],"full":["https:\/\/elrincondelquimico.com\/wp-content\/uploads\/2025\/05\/FORMATO-SPL-3.png",1539,1539,false]},"categories":null,"categories_names":null,"comments_number":"0","_links":{"self":[{"href":"https:\/\/elrincondelquimico.com\/index.php?rest_route=\/wp\/v2\/product\/2532","targetHints":{"allow":["GET"]}}],"collection":[{"href":"https:\/\/elrincondelquimico.com\/index.php?rest_route=\/wp\/v2\/product"}],"about":[{"href":"https:\/\/elrincondelquimico.com\/index.php?rest_route=\/wp\/v2\/types\/product"}],"replies":[{"embeddable":true,"href":"https:\/\/elrincondelquimico.com\/index.php?rest_route=%2Fwp%2Fv2%2Fcomments&post=2532"}],"wp:featuredmedia":[{"embeddable":true,"href":"https:\/\/elrincondelquimico.com\/index.php?rest_route=\/wp\/v2\/media\/2528"}],"wp:attachment":[{"href":"https:\/\/elrincondelquimico.com\/index.php?rest_route=%2Fwp%2Fv2%2Fmedia&parent=2532"}],"wp:term":[{"taxonomy":"product_brand","embeddable":true,"href":"https:\/\/elrincondelquimico.com\/index.php?rest_route=%2Fwp%2Fv2%2Fproduct_brand&post=2532"},{"taxonomy":"product_cat","embeddable":true,"href":"https:\/\/elrincondelquimico.com\/index.php?rest_route=%2Fwp%2Fv2%2Fproduct_cat&post=2532"},{"taxonomy":"product_tag","embeddable":true,"href":"https:\/\/elrincondelquimico.com\/index.php?rest_route=%2Fwp%2Fv2%2Fproduct_tag&post=2532"}],"curies":[{"name":"wp","href":"https:\/\/api.w.org\/{rel}","templated":true}]}}