{"id":2512,"date":"2025-05-26T16:50:46","date_gmt":"2025-05-26T21:50:46","guid":{"rendered":"https:\/\/elrincondelquimico.com\/?post_type=product&#038;p=2512"},"modified":"2025-09-25T10:48:11","modified_gmt":"2025-09-25T15:48:11","slug":"bandeja-de-pesado-78x78x25-100-ml-cod-d250-2-simport","status":"publish","type":"product","link":"https:\/\/elrincondelquimico.com\/?product=bandeja-de-pesado-78x78x25-100-ml-cod-d250-2-simport","title":{"rendered":"BANDEJA DE PESADO ANTIESTATICO 78X78X25 (100 ML) COD D250-2 SIMPORT"},"content":{"rendered":"<p>Fabricado en poliestireno antiest\u00e1tico. Superficie lisa para un vertido preciso. Resiste temperaturas de hasta 80 \u00b0C. Disponible en 3 tama\u00f1os.\u00a0 Las Bandejas de pesaje Simport\u00ae resisten \u00e1cidos diluidos, soluciones acuosas, alcoholes y bases. Son ideales para diversas aplicaciones, como pesaje y dosificaci\u00f3n. Son recipientes econ\u00f3micos, seguros, libres de contaminantes y biol\u00f3gicamente inertes para pesar muestras l\u00edquidas o en polvo en el laboratorio. Su fondo plano garantiza una estabilidad perfecta sobre la mesa. Su superficie lisa permite un vertido preciso con m\u00ednima p\u00e9rdida de muestra y facilita el pesaje de muestras est\u00e1ticas. Las placas Simport\u00ae tambi\u00e9n pueden utilizarse como bandejas de congelaci\u00f3n r\u00e1pida para muestras, bandejas de descarte para ampollas rotas o bandejas de mezcla para lotes peque\u00f1os. Soportan temperaturas de hasta 80 \u00b0C.<\/p>\n<p>&nbsp;<\/p>\n","protected":false},"excerpt":{"rendered":"<p>Fabricado en poliestireno antiest\u00e1tico. Superficie lisa para un vertido preciso. Resiste temperaturas de hasta 80 \u00b0C. Disponible en 3 tama\u00f1os.\u00a0 Las Bandejas de pesaje Simport\u00ae resisten \u00e1cidos diluidos, soluciones acuosas, alcoholes y bases. Son ideales para diversas aplicaciones, como pesaje y dosificaci\u00f3n. Son recipientes econ\u00f3micos, seguros, libres de contaminantes y biol\u00f3gicamente inertes para pesar muestras<\/p>\n<div class=\"more-link\">\n\t\t\t\t <a href=\"https:\/\/elrincondelquimico.com\/?product=bandeja-de-pesado-78x78x25-100-ml-cod-d250-2-simport\" class=\"link-btn\"><span>Continue Leyendo <\/span><i class=\"icofont-thin-double-right\"><\/i><\/a>\n\t\t\t<\/div>\n","protected":false},"featured_media":2510,"comment_status":"open","ping_status":"closed","template":"","meta":{"inline_featured_image":false},"product_brand":[],"product_cat":[24,289],"product_tag":[292,290,293,291],"class_list":{"0":"post-2512","1":"product","2":"type-product","3":"status-publish","4":"has-post-thumbnail","6":"product_cat-material-de-laboratorio","7":"product_cat-simport","8":"product_tag-bandeja","9":"product_tag-canada","10":"product_tag-pesaje","11":"product_tag-simport","13":"first","14":"instock","15":"shipping-taxable","16":"purchasable","17":"product-type-simple"},"blog_post_layout_featured_media_urls":{"thumbnail":["https:\/\/elrincondelquimico.com\/wp-content\/uploads\/2025\/05\/FORMATO-SIMPORT-150x150.jpg",150,150,true],"full":["https:\/\/elrincondelquimico.com\/wp-content\/uploads\/2025\/05\/FORMATO-SIMPORT.jpg",1338,1338,false]},"categories":null,"categories_names":null,"comments_number":"0","_links":{"self":[{"href":"https:\/\/elrincondelquimico.com\/index.php?rest_route=\/wp\/v2\/product\/2512","targetHints":{"allow":["GET"]}}],"collection":[{"href":"https:\/\/elrincondelquimico.com\/index.php?rest_route=\/wp\/v2\/product"}],"about":[{"href":"https:\/\/elrincondelquimico.com\/index.php?rest_route=\/wp\/v2\/types\/product"}],"replies":[{"embeddable":true,"href":"https:\/\/elrincondelquimico.com\/index.php?rest_route=%2Fwp%2Fv2%2Fcomments&post=2512"}],"wp:featuredmedia":[{"embeddable":true,"href":"https:\/\/elrincondelquimico.com\/index.php?rest_route=\/wp\/v2\/media\/2510"}],"wp:attachment":[{"href":"https:\/\/elrincondelquimico.com\/index.php?rest_route=%2Fwp%2Fv2%2Fmedia&parent=2512"}],"wp:term":[{"taxonomy":"product_brand","embeddable":true,"href":"https:\/\/elrincondelquimico.com\/index.php?rest_route=%2Fwp%2Fv2%2Fproduct_brand&post=2512"},{"taxonomy":"product_cat","embeddable":true,"href":"https:\/\/elrincondelquimico.com\/index.php?rest_route=%2Fwp%2Fv2%2Fproduct_cat&post=2512"},{"taxonomy":"product_tag","embeddable":true,"href":"https:\/\/elrincondelquimico.com\/index.php?rest_route=%2Fwp%2Fv2%2Fproduct_tag&post=2512"}],"curies":[{"name":"wp","href":"https:\/\/api.w.org\/{rel}","templated":true}]}}