{"id":2437,"date":"2025-05-26T01:58:25","date_gmt":"2025-05-26T06:58:25","guid":{"rendered":"https:\/\/elrincondelquimico.com\/?post_type=product&#038;p=2437"},"modified":"2025-05-26T02:01:06","modified_gmt":"2025-05-26T07:01:06","slug":"viale-para-cromatografia-transp-t-rosca-de-4-ml-x-100-und-cod-095-05-001-isolab","status":"publish","type":"product","link":"https:\/\/elrincondelquimico.com\/?product=viale-para-cromatografia-transp-t-rosca-de-4-ml-x-100-und-cod-095-05-001-isolab","title":{"rendered":"VIAL PARA CROMATOGRAFIA TRANSP.T\/ROSCA DE 4 ML X 100 UND COD 095.05.001 ISOLAB"},"content":{"rendered":"<p>Fabricado en vidrio hidr\u00f3filo n.\u00b0 1. Se suministra sin tapas ni septas. Ofrece una forma perfecta, una tolerancia dimensional m\u00ednima y un espesor de pared preciso para un rendimiento \u00f3ptimo.<br \/>\nIncluye graduaciones de volumen y \u00e1rea de marcado.<\/p>\n","protected":false},"excerpt":{"rendered":"<p>Fabricado en vidrio hidr\u00f3filo n.\u00b0 1. Se suministra sin tapas ni septas. Ofrece una forma perfecta, una tolerancia dimensional m\u00ednima y un espesor de pared preciso para un rendimiento \u00f3ptimo. Incluye graduaciones de volumen y \u00e1rea de marcado.<\/p>\n","protected":false},"featured_media":2436,"comment_status":"open","ping_status":"closed","template":"","meta":{"inline_featured_image":false},"product_brand":[],"product_cat":[27,24,87],"product_tag":[62,63,254],"class_list":{"0":"post-2437","1":"product","2":"type-product","3":"status-publish","4":"has-post-thumbnail","6":"product_cat-isolab","7":"product_cat-material-de-laboratorio","8":"product_cat-vidrio","9":"product_tag-aleman","10":"product_tag-isolab","11":"product_tag-vial","13":"first","14":"instock","15":"shipping-taxable","16":"purchasable","17":"product-type-simple"},"blog_post_layout_featured_media_urls":{"thumbnail":["https:\/\/elrincondelquimico.com\/wp-content\/uploads\/2025\/05\/ISOLAB-FORMATO-25-150x150.png",150,150,true],"full":["https:\/\/elrincondelquimico.com\/wp-content\/uploads\/2025\/05\/ISOLAB-FORMATO-25.png",1539,1539,false]},"categories":null,"categories_names":null,"comments_number":"0","_links":{"self":[{"href":"https:\/\/elrincondelquimico.com\/index.php?rest_route=\/wp\/v2\/product\/2437","targetHints":{"allow":["GET"]}}],"collection":[{"href":"https:\/\/elrincondelquimico.com\/index.php?rest_route=\/wp\/v2\/product"}],"about":[{"href":"https:\/\/elrincondelquimico.com\/index.php?rest_route=\/wp\/v2\/types\/product"}],"replies":[{"embeddable":true,"href":"https:\/\/elrincondelquimico.com\/index.php?rest_route=%2Fwp%2Fv2%2Fcomments&post=2437"}],"wp:featuredmedia":[{"embeddable":true,"href":"https:\/\/elrincondelquimico.com\/index.php?rest_route=\/wp\/v2\/media\/2436"}],"wp:attachment":[{"href":"https:\/\/elrincondelquimico.com\/index.php?rest_route=%2Fwp%2Fv2%2Fmedia&parent=2437"}],"wp:term":[{"taxonomy":"product_brand","embeddable":true,"href":"https:\/\/elrincondelquimico.com\/index.php?rest_route=%2Fwp%2Fv2%2Fproduct_brand&post=2437"},{"taxonomy":"product_cat","embeddable":true,"href":"https:\/\/elrincondelquimico.com\/index.php?rest_route=%2Fwp%2Fv2%2Fproduct_cat&post=2437"},{"taxonomy":"product_tag","embeddable":true,"href":"https:\/\/elrincondelquimico.com\/index.php?rest_route=%2Fwp%2Fv2%2Fproduct_tag&post=2437"}],"curies":[{"name":"wp","href":"https:\/\/api.w.org\/{rel}","templated":true}]}}