{"id":2432,"date":"2025-05-26T01:46:13","date_gmt":"2025-05-26T06:46:13","guid":{"rendered":"https:\/\/elrincondelquimico.com\/?post_type=product&#038;p=2432"},"modified":"2025-05-26T01:46:57","modified_gmt":"2025-05-26T06:46:57","slug":"vaso-de-plastico-grad-en-alto-relieve-de-2000-ml-cod-026-01-902-isolab","status":"publish","type":"product","link":"https:\/\/elrincondelquimico.com\/?product=vaso-de-plastico-grad-en-alto-relieve-de-2000-ml-cod-026-01-902-isolab","title":{"rendered":"VASO DE PLASTICO GRAD. EN ALTO RELIEVE DE 2000 ML COD 026.01.902 ISOLAB"},"content":{"rendered":"<p>Fabricado en polipropileno ultratransparente seg\u00fan la norma ISO 7056 con paredes gruesas. Resistente a la mayor\u00eda de los \u00e1cidos, bases y disolventes de uso com\u00fan. Su boquilla grande y funcional minimiza los posibles derrames durante el trasvase de l\u00edquidos.<\/p>\n","protected":false},"excerpt":{"rendered":"<p>Fabricado en polipropileno ultratransparente seg\u00fan la norma ISO 7056 con paredes gruesas. Resistente a la mayor\u00eda de los \u00e1cidos, bases y disolventes de uso com\u00fan. Su boquilla grande y funcional minimiza los posibles derrames durante el trasvase de l\u00edquidos.<\/p>\n","protected":false},"featured_media":2426,"comment_status":"open","ping_status":"closed","template":"","meta":{"inline_featured_image":false},"product_brand":[],"product_cat":[27,24,93],"product_tag":[62,63,95,80],"class_list":{"0":"post-2432","1":"product","2":"type-product","3":"status-publish","4":"has-post-thumbnail","6":"product_cat-isolab","7":"product_cat-material-de-laboratorio","8":"product_cat-plastico","9":"product_tag-aleman","10":"product_tag-isolab","11":"product_tag-plastico","12":"product_tag-vaso","14":"first","15":"instock","16":"shipping-taxable","17":"purchasable","18":"product-type-simple"},"blog_post_layout_featured_media_urls":{"thumbnail":["https:\/\/elrincondelquimico.com\/wp-content\/uploads\/2025\/05\/ISOLAB-FORMATO-23-150x150.png",150,150,true],"full":["https:\/\/elrincondelquimico.com\/wp-content\/uploads\/2025\/05\/ISOLAB-FORMATO-23.png",1539,1539,false]},"categories":null,"categories_names":null,"comments_number":"0","_links":{"self":[{"href":"https:\/\/elrincondelquimico.com\/index.php?rest_route=\/wp\/v2\/product\/2432","targetHints":{"allow":["GET"]}}],"collection":[{"href":"https:\/\/elrincondelquimico.com\/index.php?rest_route=\/wp\/v2\/product"}],"about":[{"href":"https:\/\/elrincondelquimico.com\/index.php?rest_route=\/wp\/v2\/types\/product"}],"replies":[{"embeddable":true,"href":"https:\/\/elrincondelquimico.com\/index.php?rest_route=%2Fwp%2Fv2%2Fcomments&post=2432"}],"wp:featuredmedia":[{"embeddable":true,"href":"https:\/\/elrincondelquimico.com\/index.php?rest_route=\/wp\/v2\/media\/2426"}],"wp:attachment":[{"href":"https:\/\/elrincondelquimico.com\/index.php?rest_route=%2Fwp%2Fv2%2Fmedia&parent=2432"}],"wp:term":[{"taxonomy":"product_brand","embeddable":true,"href":"https:\/\/elrincondelquimico.com\/index.php?rest_route=%2Fwp%2Fv2%2Fproduct_brand&post=2432"},{"taxonomy":"product_cat","embeddable":true,"href":"https:\/\/elrincondelquimico.com\/index.php?rest_route=%2Fwp%2Fv2%2Fproduct_cat&post=2432"},{"taxonomy":"product_tag","embeddable":true,"href":"https:\/\/elrincondelquimico.com\/index.php?rest_route=%2Fwp%2Fv2%2Fproduct_tag&post=2432"}],"curies":[{"name":"wp","href":"https:\/\/api.w.org\/{rel}","templated":true}]}}