{"id":2403,"date":"2025-05-26T00:33:58","date_gmt":"2025-05-26T05:33:58","guid":{"rendered":"https:\/\/elrincondelquimico.com\/?post_type=product&#038;p=2403"},"modified":"2025-05-26T00:41:33","modified_gmt":"2025-05-26T05:41:33","slug":"tubo-conico-de-plastico-de-15-ml-bolsa-x-50-und-cod-078-02-001-isolab","status":"publish","type":"product","link":"https:\/\/elrincondelquimico.com\/?product=tubo-conico-de-plastico-de-15-ml-bolsa-x-50-und-cod-078-02-001-isolab","title":{"rendered":"TUBO CONICO DE PLASTICO DE 15 ML BOLSA X 50 UND COD 078.02.001 ISOLAB"},"content":{"rendered":"<p>Fabricado con polipropileno ultratransparente de alta calidad.<br \/>\nLa pared ultrarresistente del tubo garantiza resistencia a altas fuerzas centr\u00edfugas de hasta 6000 RCF.<br \/>\nEsterilizable en autoclave a 121 \u00b0C durante 20 minutos.<br \/>\nLas tapas no deben permanecer cerradas durante el proceso de autoclave.<\/p>\n<p>Tubos alternativos 3:<br \/>\nTubos no esterilizados<br \/>\nTubos as\u00e9pticos<br \/>\nTubos est\u00e9riles<\/p>\n<p>Los tubos as\u00e9pticos se fabrican en \u00e1reas est\u00e9riles de clase 10.000, libres de g\u00e9rmenes.<br \/>\nLos tubos est\u00e9riles se fabrican en \u00e1reas de producci\u00f3n est\u00e9riles de clase 10.000, libres de g\u00e9rmenes, y posteriormente se reesterilizan mediante radiaci\u00f3n gamma.<br \/>\nLos tubos est\u00e9riles se suministran con un certificado que garantiza que el producto est\u00e1 libre de DNasa, RNasa y pir\u00f3genos.<br \/>\nLos tapones est\u00e1n fabricados en polietileno con amplios rebordes para un mejor agarre y una f\u00e1cil apertura y cierre.<br \/>\nEl dise\u00f1o interior del tap\u00f3n garantiza un cierre herm\u00e9tico y a prueba de fugas. Los tapones se pueden abrir y cerrar con una sola mano. Un giro de 3\/4 del tap\u00f3n es suficiente para un cierre completo.<\/p>\n","protected":false},"excerpt":{"rendered":"<p>Fabricado con polipropileno ultratransparente de alta calidad. La pared ultrarresistente del tubo garantiza resistencia a altas fuerzas centr\u00edfugas de hasta 6000 RCF. Esterilizable en autoclave a 121 \u00b0C durante 20 minutos. Las tapas no deben permanecer cerradas durante el proceso de autoclave. Tubos alternativos 3: Tubos no esterilizados Tubos as\u00e9pticos Tubos est\u00e9riles Los tubos as\u00e9pticos<\/p>\n<div class=\"more-link\">\n\t\t\t\t <a href=\"https:\/\/elrincondelquimico.com\/?product=tubo-conico-de-plastico-de-15-ml-bolsa-x-50-und-cod-078-02-001-isolab\" class=\"link-btn\"><span>Continue Leyendo <\/span><i class=\"icofont-thin-double-right\"><\/i><\/a>\n\t\t\t<\/div>\n","protected":false},"featured_media":2404,"comment_status":"open","ping_status":"closed","template":"","meta":{"inline_featured_image":false},"product_brand":[],"product_cat":[27,24,93],"product_tag":[62,283,63,49],"class_list":{"0":"post-2403","1":"product","2":"type-product","3":"status-publish","4":"has-post-thumbnail","6":"product_cat-isolab","7":"product_cat-material-de-laboratorio","8":"product_cat-plastico","9":"product_tag-aleman","10":"product_tag-conico","11":"product_tag-isolab","12":"product_tag-tubo","14":"first","15":"instock","16":"shipping-taxable","17":"purchasable","18":"product-type-simple"},"blog_post_layout_featured_media_urls":{"thumbnail":["https:\/\/elrincondelquimico.com\/wp-content\/uploads\/2025\/05\/ISOLAB-FORMATO-17-150x150.png",150,150,true],"full":["https:\/\/elrincondelquimico.com\/wp-content\/uploads\/2025\/05\/ISOLAB-FORMATO-17.png",1539,1539,false]},"categories":null,"categories_names":null,"comments_number":"0","_links":{"self":[{"href":"https:\/\/elrincondelquimico.com\/index.php?rest_route=\/wp\/v2\/product\/2403","targetHints":{"allow":["GET"]}}],"collection":[{"href":"https:\/\/elrincondelquimico.com\/index.php?rest_route=\/wp\/v2\/product"}],"about":[{"href":"https:\/\/elrincondelquimico.com\/index.php?rest_route=\/wp\/v2\/types\/product"}],"replies":[{"embeddable":true,"href":"https:\/\/elrincondelquimico.com\/index.php?rest_route=%2Fwp%2Fv2%2Fcomments&post=2403"}],"wp:featuredmedia":[{"embeddable":true,"href":"https:\/\/elrincondelquimico.com\/index.php?rest_route=\/wp\/v2\/media\/2404"}],"wp:attachment":[{"href":"https:\/\/elrincondelquimico.com\/index.php?rest_route=%2Fwp%2Fv2%2Fmedia&parent=2403"}],"wp:term":[{"taxonomy":"product_brand","embeddable":true,"href":"https:\/\/elrincondelquimico.com\/index.php?rest_route=%2Fwp%2Fv2%2Fproduct_brand&post=2403"},{"taxonomy":"product_cat","embeddable":true,"href":"https:\/\/elrincondelquimico.com\/index.php?rest_route=%2Fwp%2Fv2%2Fproduct_cat&post=2403"},{"taxonomy":"product_tag","embeddable":true,"href":"https:\/\/elrincondelquimico.com\/index.php?rest_route=%2Fwp%2Fv2%2Fproduct_tag&post=2403"}],"curies":[{"name":"wp","href":"https:\/\/api.w.org\/{rel}","templated":true}]}}