{"id":2316,"date":"2025-05-25T00:36:49","date_gmt":"2025-05-25T05:36:49","guid":{"rendered":"https:\/\/elrincondelquimico.com\/?post_type=product&#038;p=2316"},"modified":"2025-05-25T00:42:12","modified_gmt":"2025-05-25T05:42:12","slug":"termohigrometro-50-70-c-cod-060-03-001-isolab","status":"publish","type":"product","link":"https:\/\/elrincondelquimico.com\/?product=termohigrometro-50-70-c-cod-060-03-001-isolab","title":{"rendered":"TERMOHIGROMETRO -50\/70 \u00b0C COD 060.03.001 ISOLAB"},"content":{"rendered":"<p>Ideal para escritorio o para colgar, para medir la temperatura tanto en grados cent\u00edgrados (\u00b0C) como en grados Fahrenheit (\u00b0F).<br \/>\nMonitoriza valores m\u00e1ximos y m\u00ednimos con funci\u00f3n de alarma.<br \/>\nTambi\u00e9n incluye visualizaci\u00f3n de fecha y hora en formato 12\/24 horas.<br \/>\nTama\u00f1o: 109 x 70 x 19 mm, con pantalla LCD de 40 x 30 mm.<\/p>\n","protected":false},"excerpt":{"rendered":"<p>Ideal para escritorio o para colgar, para medir la temperatura tanto en grados cent\u00edgrados (\u00b0C) como en grados Fahrenheit (\u00b0F). Monitoriza valores m\u00e1ximos y m\u00ednimos con funci\u00f3n de alarma. Tambi\u00e9n incluye visualizaci\u00f3n de fecha y hora en formato 12\/24 horas. Tama\u00f1o: 109 x 70 x 19 mm, con pantalla LCD de 40 x 30 mm.<\/p>\n","protected":false},"featured_media":2317,"comment_status":"open","ping_status":"closed","template":"","meta":{"inline_featured_image":false},"product_brand":[],"product_cat":[30,183],"product_tag":[62,63,185],"class_list":{"0":"post-2316","1":"product","2":"type-product","3":"status-publish","4":"has-post-thumbnail","6":"product_cat-equipos-de-laboratorio","7":"product_cat-isolab-equipos-de-laboratorio","8":"product_tag-aleman","9":"product_tag-isolab","10":"product_tag-timer","12":"first","13":"instock","14":"shipping-taxable","15":"purchasable","16":"product-type-simple"},"blog_post_layout_featured_media_urls":{"thumbnail":["https:\/\/elrincondelquimico.com\/wp-content\/uploads\/2025\/05\/ISOLAB-FORMATO-5-150x150.png",150,150,true],"full":["https:\/\/elrincondelquimico.com\/wp-content\/uploads\/2025\/05\/ISOLAB-FORMATO-5.png",1539,1539,false]},"categories":null,"categories_names":null,"comments_number":"0","_links":{"self":[{"href":"https:\/\/elrincondelquimico.com\/index.php?rest_route=\/wp\/v2\/product\/2316","targetHints":{"allow":["GET"]}}],"collection":[{"href":"https:\/\/elrincondelquimico.com\/index.php?rest_route=\/wp\/v2\/product"}],"about":[{"href":"https:\/\/elrincondelquimico.com\/index.php?rest_route=\/wp\/v2\/types\/product"}],"replies":[{"embeddable":true,"href":"https:\/\/elrincondelquimico.com\/index.php?rest_route=%2Fwp%2Fv2%2Fcomments&post=2316"}],"wp:featuredmedia":[{"embeddable":true,"href":"https:\/\/elrincondelquimico.com\/index.php?rest_route=\/wp\/v2\/media\/2317"}],"wp:attachment":[{"href":"https:\/\/elrincondelquimico.com\/index.php?rest_route=%2Fwp%2Fv2%2Fmedia&parent=2316"}],"wp:term":[{"taxonomy":"product_brand","embeddable":true,"href":"https:\/\/elrincondelquimico.com\/index.php?rest_route=%2Fwp%2Fv2%2Fproduct_brand&post=2316"},{"taxonomy":"product_cat","embeddable":true,"href":"https:\/\/elrincondelquimico.com\/index.php?rest_route=%2Fwp%2Fv2%2Fproduct_cat&post=2316"},{"taxonomy":"product_tag","embeddable":true,"href":"https:\/\/elrincondelquimico.com\/index.php?rest_route=%2Fwp%2Fv2%2Fproduct_tag&post=2316"}],"curies":[{"name":"wp","href":"https:\/\/api.w.org\/{rel}","templated":true}]}}