{"id":2287,"date":"2025-05-23T17:58:32","date_gmt":"2025-05-23T22:58:32","guid":{"rendered":"https:\/\/elrincondelquimico.com\/?post_type=product&#038;p=2287"},"modified":"2025-10-11T11:07:21","modified_gmt":"2025-10-11T16:07:21","slug":"tamiz-de-acero-de-8-malla-nro-60-cod-wst-60-tyler","status":"publish","type":"product","link":"https:\/\/elrincondelquimico.com\/?product=tamiz-de-acero-de-8-malla-nro-60-cod-wst-60-tyler","title":{"rendered":"TAMIZ DE ACERO DE 8\u201d MALLA NRO 60 COD WST.60 TYLER"},"content":{"rendered":"<p>-Incluye: Certificado de f\u00e1brica<\/p>\n<ul>\n<li>Cumple con los requisitos de ASTM E11<\/li>\n<\/ul>\n<p data-start=\"0\" data-end=\"175\">Un <strong data-start=\"3\" data-end=\"21\">tamiz de acero<\/strong> se utiliza para <strong data-start=\"38\" data-end=\"90\">separar, clasificar o filtrar materiales s\u00f3lidos<\/strong> seg\u00fan el tama\u00f1o de sus part\u00edculas. Es una herramienta com\u00fan en diversos campos como:<\/p>\n<h3 data-start=\"177\" data-end=\"226\">1. <strong data-start=\"184\" data-end=\"226\">Laboratorios (an\u00e1lisis granulom\u00e9trico)<\/strong><\/h3>\n<ul data-start=\"227\" data-end=\"436\">\n<li data-start=\"227\" data-end=\"350\">\n<p data-start=\"229\" data-end=\"350\">Se usa para determinar la distribuci\u00f3n del tama\u00f1o de part\u00edculas en muestras de suelos, \u00e1ridos, polvos u otros materiales.<\/p>\n<\/li>\n<li data-start=\"351\" data-end=\"436\">\n<p data-start=\"353\" data-end=\"436\">Ejemplo: En geotecnia o ingenier\u00eda civil, para analizar la composici\u00f3n de un suelo.<\/p>\n<\/li>\n<\/ul>\n<h3 data-start=\"438\" data-end=\"461\">2. <strong data-start=\"445\" data-end=\"461\">Construcci\u00f3n<\/strong><\/h3>\n<ul data-start=\"462\" data-end=\"552\">\n<li data-start=\"462\" data-end=\"552\">\n<p data-start=\"464\" data-end=\"552\">Para controlar la calidad de los agregados finos y gruesos usados en concreto o asfalto.<\/p>\n<\/li>\n<\/ul>\n<h3 data-start=\"554\" data-end=\"586\">3. <strong data-start=\"561\" data-end=\"586\">Industria alimentaria<\/strong><\/h3>\n<ul data-start=\"587\" data-end=\"702\">\n<li data-start=\"587\" data-end=\"702\">\n<p data-start=\"589\" data-end=\"702\">Tamizado de harinas, especias, az\u00facar, sal, etc., para eliminar grumos o impurezas y obtener texturas homog\u00e9neas.<\/p>\n<\/li>\n<\/ul>\n<h3 data-start=\"704\" data-end=\"735\">4. <strong data-start=\"711\" data-end=\"735\">Miner\u00eda y metalurgia<\/strong><\/h3>\n<ul data-start=\"736\" data-end=\"792\">\n<li data-start=\"736\" data-end=\"792\">\n<p data-start=\"738\" data-end=\"792\">Clasificaci\u00f3n de minerales triturados seg\u00fan el tama\u00f1o.<\/p>\n<\/li>\n<\/ul>\n<h3 data-start=\"794\" data-end=\"827\">5. <strong data-start=\"801\" data-end=\"827\">Farmac\u00e9utica y qu\u00edmica<\/strong><\/h3>\n<ul data-start=\"828\" data-end=\"871\">\n<li data-start=\"828\" data-end=\"871\">\n<p data-start=\"830\" data-end=\"871\">Separar y estandarizar polvos o gr\u00e1nulos.<\/p>\n<\/li>\n<\/ul>\n","protected":false},"excerpt":{"rendered":"<p>-Incluye: Certificado de f\u00e1brica Cumple con los requisitos de ASTM E11 Un tamiz de acero se utiliza para separar, clasificar o filtrar materiales s\u00f3lidos seg\u00fan el tama\u00f1o de sus part\u00edculas. Es una herramienta com\u00fan en diversos campos como: 1. Laboratorios (an\u00e1lisis granulom\u00e9trico) Se usa para determinar la distribuci\u00f3n del tama\u00f1o de part\u00edculas en muestras de<\/p>\n<div class=\"more-link\">\n\t\t\t\t <a href=\"https:\/\/elrincondelquimico.com\/?product=tamiz-de-acero-de-8-malla-nro-60-cod-wst-60-tyler\" class=\"link-btn\"><span>Continue Leyendo <\/span><i class=\"icofont-thin-double-right\"><\/i><\/a>\n\t\t\t<\/div>\n","protected":false},"featured_media":2288,"comment_status":"open","ping_status":"closed","template":"","meta":{"inline_featured_image":false},"product_brand":[],"product_cat":[24,270],"product_tag":[273,271,272],"class_list":{"0":"post-2287","1":"product","2":"type-product","3":"status-publish","4":"has-post-thumbnail","6":"product_cat-material-de-laboratorio","7":"product_cat-tyler","8":"product_tag-americana","9":"product_tag-tamiz","10":"product_tag-tyler","12":"first","13":"instock","14":"shipping-taxable","15":"purchasable","16":"product-type-simple"},"blog_post_layout_featured_media_urls":{"thumbnail":["https:\/\/elrincondelquimico.com\/wp-content\/uploads\/2025\/05\/FORMATO-ISOLAB-105-150x150.jpg",150,150,true],"full":["https:\/\/elrincondelquimico.com\/wp-content\/uploads\/2025\/05\/FORMATO-ISOLAB-105.jpg",1338,1338,false]},"categories":null,"categories_names":null,"comments_number":"0","_links":{"self":[{"href":"https:\/\/elrincondelquimico.com\/index.php?rest_route=\/wp\/v2\/product\/2287","targetHints":{"allow":["GET"]}}],"collection":[{"href":"https:\/\/elrincondelquimico.com\/index.php?rest_route=\/wp\/v2\/product"}],"about":[{"href":"https:\/\/elrincondelquimico.com\/index.php?rest_route=\/wp\/v2\/types\/product"}],"replies":[{"embeddable":true,"href":"https:\/\/elrincondelquimico.com\/index.php?rest_route=%2Fwp%2Fv2%2Fcomments&post=2287"}],"wp:featuredmedia":[{"embeddable":true,"href":"https:\/\/elrincondelquimico.com\/index.php?rest_route=\/wp\/v2\/media\/2288"}],"wp:attachment":[{"href":"https:\/\/elrincondelquimico.com\/index.php?rest_route=%2Fwp%2Fv2%2Fmedia&parent=2287"}],"wp:term":[{"taxonomy":"product_brand","embeddable":true,"href":"https:\/\/elrincondelquimico.com\/index.php?rest_route=%2Fwp%2Fv2%2Fproduct_brand&post=2287"},{"taxonomy":"product_cat","embeddable":true,"href":"https:\/\/elrincondelquimico.com\/index.php?rest_route=%2Fwp%2Fv2%2Fproduct_cat&post=2287"},{"taxonomy":"product_tag","embeddable":true,"href":"https:\/\/elrincondelquimico.com\/index.php?rest_route=%2Fwp%2Fv2%2Fproduct_tag&post=2287"}],"curies":[{"name":"wp","href":"https:\/\/api.w.org\/{rel}","templated":true}]}}