{"id":2269,"date":"2025-05-23T12:57:51","date_gmt":"2025-05-23T17:57:51","guid":{"rendered":"https:\/\/elrincondelquimico.com\/?post_type=product&#038;p=2269"},"modified":"2025-05-25T00:42:54","modified_gmt":"2025-05-25T05:42:54","slug":"taimer-electronico-19hrs-59min-cod-056-03-001-isolab","status":"publish","type":"product","link":"https:\/\/elrincondelquimico.com\/?product=taimer-electronico-19hrs-59min-cod-056-03-001-isolab","title":{"rendered":"TIMER ELECTRONICO 19HRS\/59MIN COD 056.03.001 ISOLAB"},"content":{"rendered":"<p>Temporizador electr\u00f3nico con una pantalla de 4 d\u00edgitos que permite contar hasta 19 horas y 59 minutos. Tambi\u00e9n incluye funci\u00f3n de cuenta regresiva.<br \/>\nUna clara campana indica el final del tiempo preestablecido.<br \/>\nUna gran pantalla LCD de 32 x 12 mm facilita la lectura desde largas distancias.<br \/>\nEl soporte plegable en la parte trasera ofrece un \u00e1ngulo c\u00f3modo para una lectura f\u00e1cil. Tambi\u00e9n incluye un clip en la parte trasera.<\/p>\n","protected":false},"excerpt":{"rendered":"<p>Temporizador electr\u00f3nico con una pantalla de 4 d\u00edgitos que permite contar hasta 19 horas y 59 minutos. Tambi\u00e9n incluye funci\u00f3n de cuenta regresiva. Una clara campana indica el final del tiempo preestablecido. Una gran pantalla LCD de 32 x 12 mm facilita la lectura desde largas distancias. El soporte plegable en la parte trasera ofrece<\/p>\n<div class=\"more-link\">\n\t\t\t\t <a href=\"https:\/\/elrincondelquimico.com\/?product=taimer-electronico-19hrs-59min-cod-056-03-001-isolab\" class=\"link-btn\"><span>Continue Leyendo <\/span><i class=\"icofont-thin-double-right\"><\/i><\/a>\n\t\t\t<\/div>\n","protected":false},"featured_media":2270,"comment_status":"open","ping_status":"closed","template":"","meta":{"inline_featured_image":false},"product_brand":[],"product_cat":[30,183],"product_tag":[62,63,185],"class_list":{"0":"post-2269","1":"product","2":"type-product","3":"status-publish","4":"has-post-thumbnail","6":"product_cat-equipos-de-laboratorio","7":"product_cat-isolab-equipos-de-laboratorio","8":"product_tag-aleman","9":"product_tag-isolab","10":"product_tag-timer","12":"first","13":"instock","14":"shipping-taxable","15":"purchasable","16":"product-type-simple"},"blog_post_layout_featured_media_urls":{"thumbnail":["https:\/\/elrincondelquimico.com\/wp-content\/uploads\/2025\/05\/FORMATO-ISOLAB-98-150x150.jpg",150,150,true],"full":["https:\/\/elrincondelquimico.com\/wp-content\/uploads\/2025\/05\/FORMATO-ISOLAB-98.jpg",1338,1338,false]},"categories":null,"categories_names":null,"comments_number":"0","_links":{"self":[{"href":"https:\/\/elrincondelquimico.com\/index.php?rest_route=\/wp\/v2\/product\/2269","targetHints":{"allow":["GET"]}}],"collection":[{"href":"https:\/\/elrincondelquimico.com\/index.php?rest_route=\/wp\/v2\/product"}],"about":[{"href":"https:\/\/elrincondelquimico.com\/index.php?rest_route=\/wp\/v2\/types\/product"}],"replies":[{"embeddable":true,"href":"https:\/\/elrincondelquimico.com\/index.php?rest_route=%2Fwp%2Fv2%2Fcomments&post=2269"}],"wp:featuredmedia":[{"embeddable":true,"href":"https:\/\/elrincondelquimico.com\/index.php?rest_route=\/wp\/v2\/media\/2270"}],"wp:attachment":[{"href":"https:\/\/elrincondelquimico.com\/index.php?rest_route=%2Fwp%2Fv2%2Fmedia&parent=2269"}],"wp:term":[{"taxonomy":"product_brand","embeddable":true,"href":"https:\/\/elrincondelquimico.com\/index.php?rest_route=%2Fwp%2Fv2%2Fproduct_brand&post=2269"},{"taxonomy":"product_cat","embeddable":true,"href":"https:\/\/elrincondelquimico.com\/index.php?rest_route=%2Fwp%2Fv2%2Fproduct_cat&post=2269"},{"taxonomy":"product_tag","embeddable":true,"href":"https:\/\/elrincondelquimico.com\/index.php?rest_route=%2Fwp%2Fv2%2Fproduct_tag&post=2269"}],"curies":[{"name":"wp","href":"https:\/\/api.w.org\/{rel}","templated":true}]}}