{"id":2265,"date":"2025-05-23T12:52:37","date_gmt":"2025-05-23T17:52:37","guid":{"rendered":"https:\/\/elrincondelquimico.com\/?post_type=product&#038;p=2265"},"modified":"2025-05-23T12:54:50","modified_gmt":"2025-05-23T17:54:50","slug":"soporte-universal-base-y-varilla-de-700mm-cod-049-09-250-isolab","status":"publish","type":"product","link":"https:\/\/elrincondelquimico.com\/?product=soporte-universal-base-y-varilla-de-700mm-cod-049-09-250-isolab","title":{"rendered":"SOPORTE UNIVERSAL BASE Y VARILLA DE 700MM COD 049.09.250 ISOLAB"},"content":{"rendered":"<p>El soporte m\u00e1s robusto.<br \/>\nLa base de herradura, extremadamente estable, est\u00e1 fabricada en acero fundido esmaltado.<br \/>\nMuy recomendable para diversas aplicaciones como titulaci\u00f3n, montaje de agitadores, etc. Se suministra con varillas<\/p>\n","protected":false},"excerpt":{"rendered":"<p>El soporte m\u00e1s robusto. La base de herradura, extremadamente estable, est\u00e1 fabricada en acero fundido esmaltado. Muy recomendable para diversas aplicaciones como titulaci\u00f3n, montaje de agitadores, etc. Se suministra con varillas<\/p>\n","protected":false},"featured_media":2266,"comment_status":"open","ping_status":"closed","template":"","meta":{"inline_featured_image":false},"product_brand":[],"product_cat":[27,24,103],"product_tag":[62,63,267,268],"class_list":{"0":"post-2265","1":"product","2":"type-product","3":"status-publish","4":"has-post-thumbnail","6":"product_cat-isolab","7":"product_cat-material-de-laboratorio","8":"product_cat-otros","9":"product_tag-aleman","10":"product_tag-isolab","11":"product_tag-soporte","12":"product_tag-universal","14":"first","15":"instock","16":"shipping-taxable","17":"purchasable","18":"product-type-simple"},"blog_post_layout_featured_media_urls":{"thumbnail":["https:\/\/elrincondelquimico.com\/wp-content\/uploads\/2025\/05\/FORMATO-ISOLAB-96-150x150.jpg",150,150,true],"full":["https:\/\/elrincondelquimico.com\/wp-content\/uploads\/2025\/05\/FORMATO-ISOLAB-96.jpg",1338,1338,false]},"categories":null,"categories_names":null,"comments_number":"0","_links":{"self":[{"href":"https:\/\/elrincondelquimico.com\/index.php?rest_route=\/wp\/v2\/product\/2265","targetHints":{"allow":["GET"]}}],"collection":[{"href":"https:\/\/elrincondelquimico.com\/index.php?rest_route=\/wp\/v2\/product"}],"about":[{"href":"https:\/\/elrincondelquimico.com\/index.php?rest_route=\/wp\/v2\/types\/product"}],"replies":[{"embeddable":true,"href":"https:\/\/elrincondelquimico.com\/index.php?rest_route=%2Fwp%2Fv2%2Fcomments&post=2265"}],"wp:featuredmedia":[{"embeddable":true,"href":"https:\/\/elrincondelquimico.com\/index.php?rest_route=\/wp\/v2\/media\/2266"}],"wp:attachment":[{"href":"https:\/\/elrincondelquimico.com\/index.php?rest_route=%2Fwp%2Fv2%2Fmedia&parent=2265"}],"wp:term":[{"taxonomy":"product_brand","embeddable":true,"href":"https:\/\/elrincondelquimico.com\/index.php?rest_route=%2Fwp%2Fv2%2Fproduct_brand&post=2265"},{"taxonomy":"product_cat","embeddable":true,"href":"https:\/\/elrincondelquimico.com\/index.php?rest_route=%2Fwp%2Fv2%2Fproduct_cat&post=2265"},{"taxonomy":"product_tag","embeddable":true,"href":"https:\/\/elrincondelquimico.com\/index.php?rest_route=%2Fwp%2Fv2%2Fproduct_tag&post=2265"}],"curies":[{"name":"wp","href":"https:\/\/api.w.org\/{rel}","templated":true}]}}