{"id":2263,"date":"2025-05-23T12:49:27","date_gmt":"2025-05-23T17:49:27","guid":{"rendered":"https:\/\/elrincondelquimico.com\/?post_type=product&#038;p=2263"},"modified":"2025-05-23T12:50:03","modified_gmt":"2025-05-23T17:50:03","slug":"solucion-bufer-ph-7-de-500-ml-cod-502-07-500-isolab","status":"publish","type":"product","link":"https:\/\/elrincondelquimico.com\/?product=solucion-bufer-ph-7-de-500-ml-cod-502-07-500-isolab","title":{"rendered":"SOLUCION BUFER PH 7 DE 500 ML COD 502.07.500 ISOLAB"},"content":{"rendered":"<p>Soluciones tamp\u00f3n de pH listas para usar con c\u00f3digo de colores y precisi\u00f3n de \u00b10,01 pH a 20 \u00b0C. Trazables al NIST, envasadas en pr\u00e1cticos frascos dosificadores de doble cuello con un dise\u00f1o \u00fanico.<br \/>\nEl dise\u00f1o \u00fanico e innovador de los frascos dosificadores de doble cuello ofrece m\u00faltiples ventajas:<br \/>\nNo se necesita un recipiente medidor independiente durante la calibraci\u00f3n.<br \/>\nNo se desperdicia soluci\u00f3n tamp\u00f3n, ya que se dispensa la cantidad exacta en la c\u00e1mara de calibraci\u00f3n en todo momento.<br \/>\nIdeales para trabajo de campo y f\u00e1ciles de transportar.<br \/>\nSu funcionamiento es sencillo, r\u00e1pido y f\u00e1cil:<br \/>\nAbra el cierre de seguridad de la c\u00e1mara de calibraci\u00f3n integrada.<br \/>\nLlene la c\u00e1mara de calibraci\u00f3n desde el dep\u00f3sito de soluci\u00f3n tamp\u00f3n presionando suavemente el frasco.<br \/>\nCalibre el electrodo de pH y deseche la soluci\u00f3n tamp\u00f3n usada. El frasco ya est\u00e1 listo para su siguiente uso.<\/p>\n","protected":false},"excerpt":{"rendered":"<p>Soluciones tamp\u00f3n de pH listas para usar con c\u00f3digo de colores y precisi\u00f3n de \u00b10,01 pH a 20 \u00b0C. Trazables al NIST, envasadas en pr\u00e1cticos frascos dosificadores de doble cuello con un dise\u00f1o \u00fanico. El dise\u00f1o \u00fanico e innovador de los frascos dosificadores de doble cuello ofrece m\u00faltiples ventajas: No se necesita un recipiente medidor<\/p>\n<div class=\"more-link\">\n\t\t\t\t <a href=\"https:\/\/elrincondelquimico.com\/?product=solucion-bufer-ph-7-de-500-ml-cod-502-07-500-isolab\" class=\"link-btn\"><span>Continue Leyendo <\/span><i class=\"icofont-thin-double-right\"><\/i><\/a>\n\t\t\t<\/div>\n","protected":false},"featured_media":2261,"comment_status":"open","ping_status":"closed","template":"","meta":{"inline_featured_image":false},"product_brand":[],"product_cat":[27,24,103],"product_tag":[62,150,63],"class_list":{"0":"post-2263","1":"product","2":"type-product","3":"status-publish","4":"has-post-thumbnail","6":"product_cat-isolab","7":"product_cat-material-de-laboratorio","8":"product_cat-otros","9":"product_tag-aleman","10":"product_tag-buffer","11":"product_tag-isolab","13":"first","14":"instock","15":"shipping-taxable","16":"purchasable","17":"product-type-simple"},"blog_post_layout_featured_media_urls":{"thumbnail":["https:\/\/elrincondelquimico.com\/wp-content\/uploads\/2025\/05\/FORMATO-ISOLAB-95-150x150.jpg",150,150,true],"full":["https:\/\/elrincondelquimico.com\/wp-content\/uploads\/2025\/05\/FORMATO-ISOLAB-95.jpg",1338,1338,false]},"categories":null,"categories_names":null,"comments_number":"0","_links":{"self":[{"href":"https:\/\/elrincondelquimico.com\/index.php?rest_route=\/wp\/v2\/product\/2263","targetHints":{"allow":["GET"]}}],"collection":[{"href":"https:\/\/elrincondelquimico.com\/index.php?rest_route=\/wp\/v2\/product"}],"about":[{"href":"https:\/\/elrincondelquimico.com\/index.php?rest_route=\/wp\/v2\/types\/product"}],"replies":[{"embeddable":true,"href":"https:\/\/elrincondelquimico.com\/index.php?rest_route=%2Fwp%2Fv2%2Fcomments&post=2263"}],"wp:featuredmedia":[{"embeddable":true,"href":"https:\/\/elrincondelquimico.com\/index.php?rest_route=\/wp\/v2\/media\/2261"}],"wp:attachment":[{"href":"https:\/\/elrincondelquimico.com\/index.php?rest_route=%2Fwp%2Fv2%2Fmedia&parent=2263"}],"wp:term":[{"taxonomy":"product_brand","embeddable":true,"href":"https:\/\/elrincondelquimico.com\/index.php?rest_route=%2Fwp%2Fv2%2Fproduct_brand&post=2263"},{"taxonomy":"product_cat","embeddable":true,"href":"https:\/\/elrincondelquimico.com\/index.php?rest_route=%2Fwp%2Fv2%2Fproduct_cat&post=2263"},{"taxonomy":"product_tag","embeddable":true,"href":"https:\/\/elrincondelquimico.com\/index.php?rest_route=%2Fwp%2Fv2%2Fproduct_tag&post=2263"}],"curies":[{"name":"wp","href":"https:\/\/api.w.org\/{rel}","templated":true}]}}