{"id":2249,"date":"2025-05-22T18:03:02","date_gmt":"2025-05-22T23:03:02","guid":{"rendered":"https:\/\/elrincondelquimico.com\/?post_type=product&#038;p=2249"},"modified":"2025-05-22T18:06:52","modified_gmt":"2025-05-22T23:06:52","slug":"rotavapor-vertical-cod-605-01-001-isolab","status":"publish","type":"product","link":"https:\/\/elrincondelquimico.com\/?product=rotavapor-vertical-cod-605-01-001-isolab","title":{"rendered":"ROTAVAPOR VERTICAL COD 605.01.001 ISOLAB"},"content":{"rendered":"<p>Equipado con un elevador motorizado de acci\u00f3n r\u00e1pida que eleva autom\u00e1ticamente el matraz de evaporaci\u00f3n del ba\u00f1o en caso de corte de energ\u00eda.<br \/>\nEl sistema de doble PTFE resistente a productos qu\u00edmicos y el resorte de presi\u00f3n patentado garantizan un excelente sellado durante el funcionamiento.<br \/>\nLa gran pantalla LCD digital de f\u00e1cil lectura muestra la temperatura de calentamiento, la velocidad de rotaci\u00f3n, el tiempo y otros par\u00e1metros.<br \/>\nEl dise\u00f1o patentado del condensador con una capacidad de enfriamiento efectiva de 1500 cm\u00b2 garantiza un excelente efecto de enfriamiento.<br \/>\nEl exclusivo mecanismo del motor permite la rotaci\u00f3n selectiva del matraz de evaporaci\u00f3n en sentido horario o antihorario, lo que garantiza resultados efectivos.<br \/>\nIncorpora un sistema ajustable de reconocimiento de posici\u00f3n final para proteger las piezas de vidrio contra roturas.<br \/>\nLa funci\u00f3n de temporizador con un rango de ajuste de tiempo de 1 a 999 minutos permite un control preciso del funcionamiento.<br \/>\nSe suministra con un gran ba\u00f1o de agua-aceite de acero inoxidable de 5 L con control preciso de temperatura desde temperatura ambiente hasta 180 \u00b0C. Un sistema autom\u00e1tico de protecci\u00f3n contra sobrecalentamiento detiene autom\u00e1ticamente el calentamiento si la temperatura del ba\u00f1o supera los 220 \u00b0C.<\/p>\n","protected":false},"excerpt":{"rendered":"<p>Equipado con un elevador motorizado de acci\u00f3n r\u00e1pida que eleva autom\u00e1ticamente el matraz de evaporaci\u00f3n del ba\u00f1o en caso de corte de energ\u00eda. El sistema de doble PTFE resistente a productos qu\u00edmicos y el resorte de presi\u00f3n patentado garantizan un excelente sellado durante el funcionamiento. La gran pantalla LCD digital de f\u00e1cil lectura muestra la<\/p>\n<div class=\"more-link\">\n\t\t\t\t <a href=\"https:\/\/elrincondelquimico.com\/?product=rotavapor-vertical-cod-605-01-001-isolab\" class=\"link-btn\"><span>Continue Leyendo <\/span><i class=\"icofont-thin-double-right\"><\/i><\/a>\n\t\t\t<\/div>\n","protected":false},"featured_media":2250,"comment_status":"open","ping_status":"closed","template":"","meta":{"inline_featured_image":false},"product_brand":[],"product_cat":[30,183],"product_tag":[62,63,95,94],"class_list":{"0":"post-2249","1":"product","2":"type-product","3":"status-publish","4":"has-post-thumbnail","6":"product_cat-equipos-de-laboratorio","7":"product_cat-isolab-equipos-de-laboratorio","8":"product_tag-aleman","9":"product_tag-isolab","10":"product_tag-plastico","11":"product_tag-probeta","13":"first","14":"instock","15":"shipping-taxable","16":"purchasable","17":"product-type-simple"},"blog_post_layout_featured_media_urls":{"thumbnail":["https:\/\/elrincondelquimico.com\/wp-content\/uploads\/2025\/05\/FORMATO-ISOLAB-92-150x150.jpg",150,150,true],"full":["https:\/\/elrincondelquimico.com\/wp-content\/uploads\/2025\/05\/FORMATO-ISOLAB-92.jpg",1338,1338,false]},"categories":null,"categories_names":null,"comments_number":"0","_links":{"self":[{"href":"https:\/\/elrincondelquimico.com\/index.php?rest_route=\/wp\/v2\/product\/2249","targetHints":{"allow":["GET"]}}],"collection":[{"href":"https:\/\/elrincondelquimico.com\/index.php?rest_route=\/wp\/v2\/product"}],"about":[{"href":"https:\/\/elrincondelquimico.com\/index.php?rest_route=\/wp\/v2\/types\/product"}],"replies":[{"embeddable":true,"href":"https:\/\/elrincondelquimico.com\/index.php?rest_route=%2Fwp%2Fv2%2Fcomments&post=2249"}],"wp:featuredmedia":[{"embeddable":true,"href":"https:\/\/elrincondelquimico.com\/index.php?rest_route=\/wp\/v2\/media\/2250"}],"wp:attachment":[{"href":"https:\/\/elrincondelquimico.com\/index.php?rest_route=%2Fwp%2Fv2%2Fmedia&parent=2249"}],"wp:term":[{"taxonomy":"product_brand","embeddable":true,"href":"https:\/\/elrincondelquimico.com\/index.php?rest_route=%2Fwp%2Fv2%2Fproduct_brand&post=2249"},{"taxonomy":"product_cat","embeddable":true,"href":"https:\/\/elrincondelquimico.com\/index.php?rest_route=%2Fwp%2Fv2%2Fproduct_cat&post=2249"},{"taxonomy":"product_tag","embeddable":true,"href":"https:\/\/elrincondelquimico.com\/index.php?rest_route=%2Fwp%2Fv2%2Fproduct_tag&post=2249"}],"curies":[{"name":"wp","href":"https:\/\/api.w.org\/{rel}","templated":true}]}}