{"id":2245,"date":"2025-05-22T17:55:44","date_gmt":"2025-05-22T22:55:44","guid":{"rendered":"https:\/\/elrincondelquimico.com\/?post_type=product&#038;p=2245"},"modified":"2025-05-22T17:58:42","modified_gmt":"2025-05-22T22:58:42","slug":"rejilla-con-centro-ceramico-de-150-x-150-mm-cod-cp850-150-importado","status":"publish","type":"product","link":"https:\/\/elrincondelquimico.com\/?product=rejilla-con-centro-ceramico-de-150-x-150-mm-cod-cp850-150-importado","title":{"rendered":"REJILLA CON CENTRO CERAMICO DE 150 X 150 MM COD CP850-150 IMPORTADO"},"content":{"rendered":"<p data-start=\"0\" data-end=\"222\">La <strong data-start=\"3\" data-end=\"34\">rejilla con centro cer\u00e1mico<\/strong> es un material de laboratorio que se utiliza principalmente para <strong data-start=\"100\" data-end=\"142\">distribuir el calor de manera uniforme<\/strong> al calentar recipientes con un mechero Bunsen. Aqu\u00ed te explico con m\u00e1s detalle:<\/p>\n<h3 data-start=\"224\" data-end=\"245\">\u00bfPara qu\u00e9 se usa?<\/h3>\n<ol data-start=\"247\" data-end=\"922\">\n<li data-start=\"247\" data-end=\"536\">\n<p data-start=\"250\" data-end=\"293\"><strong data-start=\"250\" data-end=\"293\">Distribuir el calor de forma homog\u00e9nea:<\/strong><\/p>\n<ul data-start=\"297\" data-end=\"536\">\n<li data-start=\"297\" data-end=\"536\">\n<p data-start=\"299\" data-end=\"536\">El <strong data-start=\"302\" data-end=\"321\">centro cer\u00e1mico<\/strong> permite que el calor del mechero Bunsen se reparta uniformemente y no se concentre en un solo punto, evitando as\u00ed que el vidrio (por ejemplo, un vaso de precipitados) se quiebre por un cambio brusco de temperatura.<\/p>\n<\/li>\n<\/ul>\n<\/li>\n<li data-start=\"538\" data-end=\"699\">\n<p data-start=\"541\" data-end=\"578\"><strong data-start=\"541\" data-end=\"578\">Proteger el recipiente de vidrio:<\/strong><\/p>\n<ul data-start=\"582\" data-end=\"699\">\n<li data-start=\"582\" data-end=\"699\">\n<p data-start=\"584\" data-end=\"699\">Evita el contacto directo entre la llama del mechero y el recipiente, lo cual reduce el riesgo de fractura t\u00e9rmica.<\/p>\n<\/li>\n<\/ul>\n<\/li>\n<li data-start=\"701\" data-end=\"922\">\n<p data-start=\"704\" data-end=\"756\"><strong data-start=\"704\" data-end=\"756\">Sostener el recipiente durante el calentamiento:<\/strong><\/p>\n<ul data-start=\"760\" data-end=\"922\">\n<li data-start=\"760\" data-end=\"922\">\n<p data-start=\"762\" data-end=\"922\">La rejilla se coloca sobre un <strong data-start=\"792\" data-end=\"812\">anillo de hierro<\/strong> sujetado a un soporte universal, y encima se coloca el recipiente (como un matraz o un vaso de precipitados).<\/p>\n<\/li>\n<\/ul>\n<\/li>\n<\/ol>\n","protected":false},"excerpt":{"rendered":"<p>La rejilla con centro cer\u00e1mico es un material de laboratorio que se utiliza principalmente para distribuir el calor de manera uniforme al calentar recipientes con un mechero Bunsen. Aqu\u00ed te explico con m\u00e1s detalle: \u00bfPara qu\u00e9 se usa? Distribuir el calor de forma homog\u00e9nea: El centro cer\u00e1mico permite que el calor del mechero Bunsen se<\/p>\n<div class=\"more-link\">\n\t\t\t\t <a href=\"https:\/\/elrincondelquimico.com\/?product=rejilla-con-centro-ceramico-de-150-x-150-mm-cod-cp850-150-importado\" class=\"link-btn\"><span>Continue Leyendo <\/span><i class=\"icofont-thin-double-right\"><\/i><\/a>\n\t\t\t<\/div>\n","protected":false},"featured_media":2246,"comment_status":"open","ping_status":"closed","template":"","meta":{"inline_featured_image":false},"product_brand":[],"product_cat":[48,24],"product_tag":[264,263],"class_list":{"0":"post-2245","1":"product","2":"type-product","3":"status-publish","4":"has-post-thumbnail","6":"product_cat-importado","7":"product_cat-material-de-laboratorio","8":"product_tag-ceramico","9":"product_tag-rejilla","11":"first","12":"instock","13":"shipping-taxable","14":"purchasable","15":"product-type-simple"},"blog_post_layout_featured_media_urls":{"thumbnail":["https:\/\/elrincondelquimico.com\/wp-content\/uploads\/2025\/05\/FORMATO-ISOLAB-90-150x150.jpg",150,150,true],"full":["https:\/\/elrincondelquimico.com\/wp-content\/uploads\/2025\/05\/FORMATO-ISOLAB-90.jpg",1338,1338,false]},"categories":null,"categories_names":null,"comments_number":"0","_links":{"self":[{"href":"https:\/\/elrincondelquimico.com\/index.php?rest_route=\/wp\/v2\/product\/2245","targetHints":{"allow":["GET"]}}],"collection":[{"href":"https:\/\/elrincondelquimico.com\/index.php?rest_route=\/wp\/v2\/product"}],"about":[{"href":"https:\/\/elrincondelquimico.com\/index.php?rest_route=\/wp\/v2\/types\/product"}],"replies":[{"embeddable":true,"href":"https:\/\/elrincondelquimico.com\/index.php?rest_route=%2Fwp%2Fv2%2Fcomments&post=2245"}],"wp:featuredmedia":[{"embeddable":true,"href":"https:\/\/elrincondelquimico.com\/index.php?rest_route=\/wp\/v2\/media\/2246"}],"wp:attachment":[{"href":"https:\/\/elrincondelquimico.com\/index.php?rest_route=%2Fwp%2Fv2%2Fmedia&parent=2245"}],"wp:term":[{"taxonomy":"product_brand","embeddable":true,"href":"https:\/\/elrincondelquimico.com\/index.php?rest_route=%2Fwp%2Fv2%2Fproduct_brand&post=2245"},{"taxonomy":"product_cat","embeddable":true,"href":"https:\/\/elrincondelquimico.com\/index.php?rest_route=%2Fwp%2Fv2%2Fproduct_cat&post=2245"},{"taxonomy":"product_tag","embeddable":true,"href":"https:\/\/elrincondelquimico.com\/index.php?rest_route=%2Fwp%2Fv2%2Fproduct_tag&post=2245"}],"curies":[{"name":"wp","href":"https:\/\/api.w.org\/{rel}","templated":true}]}}