{"id":2224,"date":"2025-05-22T13:02:42","date_gmt":"2025-05-22T18:02:42","guid":{"rendered":"https:\/\/elrincondelquimico.com\/?post_type=product&#038;p=2224"},"modified":"2025-11-19T15:32:59","modified_gmt":"2025-11-19T20:32:59","slug":"refractometro-digital-de-0-95-cod-618-32-001-isolab","status":"publish","type":"product","link":"https:\/\/elrincondelquimico.com\/?product=refractometro-digital-de-0-95-cod-618-32-001-isolab","title":{"rendered":"REFRACTOMETRO DIGITAL DE 0-95% COD 618.32.001 ISOLAB"},"content":{"rendered":"<p>Con un amplio rango de medici\u00f3n, ofrece una medici\u00f3n y determinaci\u00f3n precisas del \u00edndice de refracci\u00f3n y los valores Brix de muestras l\u00edquidas.<br \/>\nSu dise\u00f1o port\u00e1til, ligero y compacto garantiza mediciones r\u00e1pidas y sencillas, eliminando adem\u00e1s los errores de lectura.<br \/>\nSu funcionamiento es extremadamente sencillo: con solo unas gotas de muestra se garantizan mediciones r\u00e1pidas y fiables.<br \/>\nLa comprobaci\u00f3n del punto cero y la calibraci\u00f3n se pueden realizar con agua.<br \/>\nLa luz LED alrededor del prisma avisa al usuario durante el proceso de calibraci\u00f3n o medici\u00f3n.<br \/>\nEl cambio de medici\u00f3n de % Brix a \u00edndice de refracci\u00f3n es sencillo y sencillo.<\/p>\n","protected":false},"excerpt":{"rendered":"<p>Con un amplio rango de medici\u00f3n, ofrece una medici\u00f3n y determinaci\u00f3n precisas del \u00edndice de refracci\u00f3n y los valores Brix de muestras l\u00edquidas. Su dise\u00f1o port\u00e1til, ligero y compacto garantiza mediciones r\u00e1pidas y sencillas, eliminando adem\u00e1s los errores de lectura. Su funcionamiento es extremadamente sencillo: con solo unas gotas de muestra se garantizan mediciones r\u00e1pidas<\/p>\n<div class=\"more-link\">\n\t\t\t\t <a href=\"https:\/\/elrincondelquimico.com\/?product=refractometro-digital-de-0-95-cod-618-32-001-isolab\" class=\"link-btn\"><span>Continue Leyendo <\/span><i class=\"icofont-thin-double-right\"><\/i><\/a>\n\t\t\t<\/div>\n","protected":false},"featured_media":2225,"comment_status":"open","ping_status":"closed","template":"","meta":{"inline_featured_image":false},"product_brand":[],"product_cat":[30,183],"product_tag":[62,63,261],"class_list":{"0":"post-2224","1":"product","2":"type-product","3":"status-publish","4":"has-post-thumbnail","6":"product_cat-equipos-de-laboratorio","7":"product_cat-isolab-equipos-de-laboratorio","8":"product_tag-aleman","9":"product_tag-isolab","10":"product_tag-refractometro","12":"first","13":"instock","14":"shipping-taxable","15":"purchasable","16":"product-type-simple"},"blog_post_layout_featured_media_urls":{"thumbnail":["https:\/\/elrincondelquimico.com\/wp-content\/uploads\/2025\/05\/FORMATO-ISOLAB-84-150x150.jpg",150,150,true],"full":["https:\/\/elrincondelquimico.com\/wp-content\/uploads\/2025\/05\/FORMATO-ISOLAB-84.jpg",1338,1338,false]},"categories":null,"categories_names":null,"comments_number":"0","_links":{"self":[{"href":"https:\/\/elrincondelquimico.com\/index.php?rest_route=\/wp\/v2\/product\/2224","targetHints":{"allow":["GET"]}}],"collection":[{"href":"https:\/\/elrincondelquimico.com\/index.php?rest_route=\/wp\/v2\/product"}],"about":[{"href":"https:\/\/elrincondelquimico.com\/index.php?rest_route=\/wp\/v2\/types\/product"}],"replies":[{"embeddable":true,"href":"https:\/\/elrincondelquimico.com\/index.php?rest_route=%2Fwp%2Fv2%2Fcomments&post=2224"}],"wp:featuredmedia":[{"embeddable":true,"href":"https:\/\/elrincondelquimico.com\/index.php?rest_route=\/wp\/v2\/media\/2225"}],"wp:attachment":[{"href":"https:\/\/elrincondelquimico.com\/index.php?rest_route=%2Fwp%2Fv2%2Fmedia&parent=2224"}],"wp:term":[{"taxonomy":"product_brand","embeddable":true,"href":"https:\/\/elrincondelquimico.com\/index.php?rest_route=%2Fwp%2Fv2%2Fproduct_brand&post=2224"},{"taxonomy":"product_cat","embeddable":true,"href":"https:\/\/elrincondelquimico.com\/index.php?rest_route=%2Fwp%2Fv2%2Fproduct_cat&post=2224"},{"taxonomy":"product_tag","embeddable":true,"href":"https:\/\/elrincondelquimico.com\/index.php?rest_route=%2Fwp%2Fv2%2Fproduct_tag&post=2224"}],"curies":[{"name":"wp","href":"https:\/\/api.w.org\/{rel}","templated":true}]}}