{"id":2122,"date":"2025-05-15T12:42:54","date_gmt":"2025-05-15T17:42:54","guid":{"rendered":"https:\/\/elrincondelquimico.com\/?post_type=product&#038;p=2122"},"modified":"2025-12-05T15:18:47","modified_gmt":"2025-12-05T20:18:47","slug":"pipeteador-maxi-1-100-ml-cod-011-02-003-isolab","status":"publish","type":"product","link":"https:\/\/elrincondelquimico.com\/?product=pipeteador-maxi-1-100-ml-cod-011-02-003-isolab","title":{"rendered":"PIPETEADOR MAXI 1-100 ML COD 011.02.003 ISOLAB"},"content":{"rendered":"<p>Llenador de pipetas avanzado para todo tipo de pipetas, desde 1 ml hasta 100 ml.<br \/>\nEl sistema de v\u00e1lvula optimizado permite una f\u00e1cil extracci\u00f3n de l\u00edquido sin presi\u00f3n excesiva.<br \/>\nEl v\u00e1stago de la pipeta se ajusta suavemente al portapipetas flexible de silicona y se mantiene firmemente en su posici\u00f3n.<br \/>\nMuy f\u00e1cil de usar: antes de colocar la pipeta, presione la pera de silicona para liberar el aire del interior.<br \/>\nColoque la pipeta. Mueva el bot\u00f3n de pipeteo hacia arriba para llenar y hacia abajo para vaciar.<br \/>\nPara vaciar, simplemente presione el fuelle de descarga.<br \/>\nUn filtro de membrana hidrof\u00f3bico reemplazable en el cono interior evita la contaminaci\u00f3n cruzada.<\/p>\n","protected":false},"excerpt":{"rendered":"<p>Llenador de pipetas avanzado para todo tipo de pipetas, desde 1 ml hasta 100 ml. El sistema de v\u00e1lvula optimizado permite una f\u00e1cil extracci\u00f3n de l\u00edquido sin presi\u00f3n excesiva. El v\u00e1stago de la pipeta se ajusta suavemente al portapipetas flexible de silicona y se mantiene firmemente en su posici\u00f3n. Muy f\u00e1cil de usar: antes de<\/p>\n<div class=\"more-link\">\n\t\t\t\t <a href=\"https:\/\/elrincondelquimico.com\/?product=pipeteador-maxi-1-100-ml-cod-011-02-003-isolab\" class=\"link-btn\"><span>Continue Leyendo <\/span><i class=\"icofont-thin-double-right\"><\/i><\/a>\n\t\t\t<\/div>\n","protected":false},"featured_media":2123,"comment_status":"open","ping_status":"closed","template":"","meta":{"inline_featured_image":false},"product_brand":[],"product_cat":[27,24,103],"product_tag":[62,63,245,244],"class_list":{"0":"post-2122","1":"product","2":"type-product","3":"status-publish","4":"has-post-thumbnail","6":"product_cat-isolab","7":"product_cat-material-de-laboratorio","8":"product_cat-otros","9":"product_tag-aleman","10":"product_tag-isolab","11":"product_tag-pipeteador","12":"product_tag-pump","14":"first","15":"instock","16":"shipping-taxable","17":"purchasable","18":"product-type-simple"},"blog_post_layout_featured_media_urls":{"thumbnail":["https:\/\/elrincondelquimico.com\/wp-content\/uploads\/2025\/05\/FORMATO-ISOLAB-62-150x150.jpg",150,150,true],"full":["https:\/\/elrincondelquimico.com\/wp-content\/uploads\/2025\/05\/FORMATO-ISOLAB-62.jpg",1338,1338,false]},"categories":null,"categories_names":null,"comments_number":"0","_links":{"self":[{"href":"https:\/\/elrincondelquimico.com\/index.php?rest_route=\/wp\/v2\/product\/2122","targetHints":{"allow":["GET"]}}],"collection":[{"href":"https:\/\/elrincondelquimico.com\/index.php?rest_route=\/wp\/v2\/product"}],"about":[{"href":"https:\/\/elrincondelquimico.com\/index.php?rest_route=\/wp\/v2\/types\/product"}],"replies":[{"embeddable":true,"href":"https:\/\/elrincondelquimico.com\/index.php?rest_route=%2Fwp%2Fv2%2Fcomments&post=2122"}],"wp:featuredmedia":[{"embeddable":true,"href":"https:\/\/elrincondelquimico.com\/index.php?rest_route=\/wp\/v2\/media\/2123"}],"wp:attachment":[{"href":"https:\/\/elrincondelquimico.com\/index.php?rest_route=%2Fwp%2Fv2%2Fmedia&parent=2122"}],"wp:term":[{"taxonomy":"product_brand","embeddable":true,"href":"https:\/\/elrincondelquimico.com\/index.php?rest_route=%2Fwp%2Fv2%2Fproduct_brand&post=2122"},{"taxonomy":"product_cat","embeddable":true,"href":"https:\/\/elrincondelquimico.com\/index.php?rest_route=%2Fwp%2Fv2%2Fproduct_cat&post=2122"},{"taxonomy":"product_tag","embeddable":true,"href":"https:\/\/elrincondelquimico.com\/index.php?rest_route=%2Fwp%2Fv2%2Fproduct_tag&post=2122"}],"curies":[{"name":"wp","href":"https:\/\/api.w.org\/{rel}","templated":true}]}}