{"id":2118,"date":"2025-05-15T12:38:16","date_gmt":"2025-05-15T17:38:16","guid":{"rendered":"https:\/\/elrincondelquimico.com\/?post_type=product&#038;p=2118"},"modified":"2025-05-15T12:41:38","modified_gmt":"2025-05-15T17:41:38","slug":"pipeteador-pum-de-2-ml-cod-011-01-002-isolab","status":"publish","type":"product","link":"https:\/\/elrincondelquimico.com\/?product=pipeteador-pum-de-2-ml-cod-011-01-002-isolab","title":{"rendered":"PIPETEADOR PUM DE 2 ML COD 011.01.002 ISOLAB"},"content":{"rendered":"<p>Un dispensador de pipetas sencillo y pr\u00e1ctico para todas las pipetas con un rango de volumen de 2 ml a 25 ml.<br \/>\nIncluso vol\u00famenes muy peque\u00f1os se pueden dispensar con precisi\u00f3n.<br \/>\nEl v\u00e1stago de la pipeta se ajusta suavemente al portapipetas de silicona flexible y se mantiene firmemente en su posici\u00f3n.<br \/>\nAl girar el volante del cuerpo hacia arriba, se extrae el l\u00edquido con precisi\u00f3n hasta el nivel deseado.<br \/>\nAl girar el volante hacia abajo, el l\u00edquido de la pipeta se descarga parcialmente.<br \/>\nAl aplicar una ligera presi\u00f3n a la palanca de liberaci\u00f3n r\u00e1pida, el l\u00edquido fluye para una dosificaci\u00f3n completa.<\/p>\n","protected":false},"excerpt":{"rendered":"<p>Un dispensador de pipetas sencillo y pr\u00e1ctico para todas las pipetas con un rango de volumen de 2 ml a 25 ml. Incluso vol\u00famenes muy peque\u00f1os se pueden dispensar con precisi\u00f3n. El v\u00e1stago de la pipeta se ajusta suavemente al portapipetas de silicona flexible y se mantiene firmemente en su posici\u00f3n. Al girar el volante<\/p>\n<div class=\"more-link\">\n\t\t\t\t <a href=\"https:\/\/elrincondelquimico.com\/?product=pipeteador-pum-de-2-ml-cod-011-01-002-isolab\" class=\"link-btn\"><span>Continue Leyendo <\/span><i class=\"icofont-thin-double-right\"><\/i><\/a>\n\t\t\t<\/div>\n","protected":false},"featured_media":2119,"comment_status":"open","ping_status":"closed","template":"","meta":{"inline_featured_image":false},"product_brand":[],"product_cat":[27,24,103],"product_tag":[62,63,245,244],"class_list":{"0":"post-2118","1":"product","2":"type-product","3":"status-publish","4":"has-post-thumbnail","6":"product_cat-isolab","7":"product_cat-material-de-laboratorio","8":"product_cat-otros","9":"product_tag-aleman","10":"product_tag-isolab","11":"product_tag-pipeteador","12":"product_tag-pump","14":"first","15":"instock","16":"shipping-taxable","17":"purchasable","18":"product-type-simple"},"blog_post_layout_featured_media_urls":{"thumbnail":["https:\/\/elrincondelquimico.com\/wp-content\/uploads\/2025\/05\/FORMATO-ISOLAB-61-150x150.jpg",150,150,true],"full":["https:\/\/elrincondelquimico.com\/wp-content\/uploads\/2025\/05\/FORMATO-ISOLAB-61.jpg",1338,1338,false]},"categories":null,"categories_names":null,"comments_number":"0","_links":{"self":[{"href":"https:\/\/elrincondelquimico.com\/index.php?rest_route=\/wp\/v2\/product\/2118","targetHints":{"allow":["GET"]}}],"collection":[{"href":"https:\/\/elrincondelquimico.com\/index.php?rest_route=\/wp\/v2\/product"}],"about":[{"href":"https:\/\/elrincondelquimico.com\/index.php?rest_route=\/wp\/v2\/types\/product"}],"replies":[{"embeddable":true,"href":"https:\/\/elrincondelquimico.com\/index.php?rest_route=%2Fwp%2Fv2%2Fcomments&post=2118"}],"wp:featuredmedia":[{"embeddable":true,"href":"https:\/\/elrincondelquimico.com\/index.php?rest_route=\/wp\/v2\/media\/2119"}],"wp:attachment":[{"href":"https:\/\/elrincondelquimico.com\/index.php?rest_route=%2Fwp%2Fv2%2Fmedia&parent=2118"}],"wp:term":[{"taxonomy":"product_brand","embeddable":true,"href":"https:\/\/elrincondelquimico.com\/index.php?rest_route=%2Fwp%2Fv2%2Fproduct_brand&post=2118"},{"taxonomy":"product_cat","embeddable":true,"href":"https:\/\/elrincondelquimico.com\/index.php?rest_route=%2Fwp%2Fv2%2Fproduct_cat&post=2118"},{"taxonomy":"product_tag","embeddable":true,"href":"https:\/\/elrincondelquimico.com\/index.php?rest_route=%2Fwp%2Fv2%2Fproduct_tag&post=2118"}],"curies":[{"name":"wp","href":"https:\/\/api.w.org\/{rel}","templated":true}]}}