{"id":2093,"date":"2025-05-14T12:53:37","date_gmt":"2025-05-14T17:53:37","guid":{"rendered":"https:\/\/elrincondelquimico.com\/?post_type=product&#038;p=2093"},"modified":"2025-05-14T12:54:07","modified_gmt":"2025-05-14T17:54:07","slug":"pipeta-graduada-de-vidrio-clase-a-de-2-ml-cod-021-01-002-isolab","status":"publish","type":"product","link":"https:\/\/elrincondelquimico.com\/?product=pipeta-graduada-de-vidrio-clase-a-de-2-ml-cod-021-01-002-isolab","title":{"rendered":"PIPETA GRADUADA DE VIDRIO CLASE A DE 2 ML COD 021.01.002 ISOLAB"},"content":{"rendered":"<p>Fabricadas con tubo neutro seg\u00fan las normas ISO 648 y DIN 12687 (para pipetas volum\u00e9tricas), ISO 835 y DIN 12699 (para pipetas graduadas).<br \/>\nCalibradas seg\u00fan la norma DIN\/ISO Clase \u201cAS\u201d.<br \/>\nMarca de conformidad (\u201cDE-M\u201d) y n\u00famero de lote impresos en la superficie del cuerpo.<br \/>\nEl certificado de lote puede descargarse del sitio web.<br \/>\nLas puntas cuidadosamente formadas y biseladas garantizan un caudal adecuado. Las marcas anulares con c\u00f3digo de colores permiten una r\u00e1pida selecci\u00f3n.<br \/>\nLas inscripciones y los valores nominales est\u00e1n impresos con esmalte de larga duraci\u00f3n.<\/p>\n<p>&nbsp;<\/p>\n","protected":false},"excerpt":{"rendered":"<p>Fabricadas con tubo neutro seg\u00fan las normas ISO 648 y DIN 12687 (para pipetas volum\u00e9tricas), ISO 835 y DIN 12699 (para pipetas graduadas). Calibradas seg\u00fan la norma DIN\/ISO Clase \u201cAS\u201d. Marca de conformidad (\u201cDE-M\u201d) y n\u00famero de lote impresos en la superficie del cuerpo. El certificado de lote puede descargarse del sitio web. Las puntas<\/p>\n<div class=\"more-link\">\n\t\t\t\t <a href=\"https:\/\/elrincondelquimico.com\/?product=pipeta-graduada-de-vidrio-clase-a-de-2-ml-cod-021-01-002-isolab\" class=\"link-btn\"><span>Continue Leyendo <\/span><i class=\"icofont-thin-double-right\"><\/i><\/a>\n\t\t\t<\/div>\n","protected":false},"featured_media":2092,"comment_status":"open","ping_status":"closed","template":"","meta":{"inline_featured_image":false},"product_brand":[],"product_cat":[27,24,87],"product_tag":[62,63,97,81],"class_list":{"0":"post-2093","1":"product","2":"type-product","3":"status-publish","4":"has-post-thumbnail","6":"product_cat-isolab","7":"product_cat-material-de-laboratorio","8":"product_cat-vidrio","9":"product_tag-aleman","10":"product_tag-isolab","11":"product_tag-pipeta","12":"product_tag-vidrio","14":"first","15":"instock","16":"shipping-taxable","17":"purchasable","18":"product-type-simple"},"blog_post_layout_featured_media_urls":{"thumbnail":["https:\/\/elrincondelquimico.com\/wp-content\/uploads\/2025\/05\/FORMATO-ISOLAB-58-150x150.jpg",150,150,true],"full":["https:\/\/elrincondelquimico.com\/wp-content\/uploads\/2025\/05\/FORMATO-ISOLAB-58.jpg",1338,1338,false]},"categories":null,"categories_names":null,"comments_number":"0","_links":{"self":[{"href":"https:\/\/elrincondelquimico.com\/index.php?rest_route=\/wp\/v2\/product\/2093","targetHints":{"allow":["GET"]}}],"collection":[{"href":"https:\/\/elrincondelquimico.com\/index.php?rest_route=\/wp\/v2\/product"}],"about":[{"href":"https:\/\/elrincondelquimico.com\/index.php?rest_route=\/wp\/v2\/types\/product"}],"replies":[{"embeddable":true,"href":"https:\/\/elrincondelquimico.com\/index.php?rest_route=%2Fwp%2Fv2%2Fcomments&post=2093"}],"wp:featuredmedia":[{"embeddable":true,"href":"https:\/\/elrincondelquimico.com\/index.php?rest_route=\/wp\/v2\/media\/2092"}],"wp:attachment":[{"href":"https:\/\/elrincondelquimico.com\/index.php?rest_route=%2Fwp%2Fv2%2Fmedia&parent=2093"}],"wp:term":[{"taxonomy":"product_brand","embeddable":true,"href":"https:\/\/elrincondelquimico.com\/index.php?rest_route=%2Fwp%2Fv2%2Fproduct_brand&post=2093"},{"taxonomy":"product_cat","embeddable":true,"href":"https:\/\/elrincondelquimico.com\/index.php?rest_route=%2Fwp%2Fv2%2Fproduct_cat&post=2093"},{"taxonomy":"product_tag","embeddable":true,"href":"https:\/\/elrincondelquimico.com\/index.php?rest_route=%2Fwp%2Fv2%2Fproduct_tag&post=2093"}],"curies":[{"name":"wp","href":"https:\/\/api.w.org\/{rel}","templated":true}]}}