{"id":2080,"date":"2025-05-12T17:07:50","date_gmt":"2025-05-12T22:07:50","guid":{"rendered":"https:\/\/elrincondelquimico.com\/?post_type=product&#038;p=2080"},"modified":"2025-05-12T17:13:23","modified_gmt":"2025-05-12T22:13:23","slug":"pinza-para-matraz-de-300mm-cod-029-03-002-isolab","status":"publish","type":"product","link":"https:\/\/elrincondelquimico.com\/?product=pinza-para-matraz-de-300mm-cod-029-03-002-isolab","title":{"rendered":"PINZA PARA MATRAZ DE 300MM COD 029.03.002 ISOLAB"},"content":{"rendered":"<p>Para mantener la m\u00e1xima seguridad, los term\u00f3metros se producen del acero cromado que es resistente al calor, a la corrosi\u00f3n y a los golpes.<br \/>\nMand\u00edbulas aislado con recubrimiento de PVC, garantizan excelente aislamiento t\u00e9rmico. Material aislante flexible. Evita la posible ruptura gracias a su agarre.<\/p>\n<p>&nbsp;<\/p>\n","protected":false},"excerpt":{"rendered":"<p>Para mantener la m\u00e1xima seguridad, los term\u00f3metros se producen del acero cromado que es resistente al calor, a la corrosi\u00f3n y a los golpes. Mand\u00edbulas aislado con recubrimiento de PVC, garantizan excelente aislamiento t\u00e9rmico. Material aislante flexible. Evita la posible ruptura gracias a su agarre. &nbsp;<\/p>\n","protected":false},"featured_media":2081,"comment_status":"open","ping_status":"closed","template":"","meta":{"inline_featured_image":false},"product_brand":[],"product_cat":[27,24,103],"product_tag":[62,63,241],"class_list":{"0":"post-2080","1":"product","2":"type-product","3":"status-publish","4":"has-post-thumbnail","6":"product_cat-isolab","7":"product_cat-material-de-laboratorio","8":"product_cat-otros","9":"product_tag-aleman","10":"product_tag-isolab","11":"product_tag-pinza","13":"first","14":"instock","15":"shipping-taxable","16":"purchasable","17":"product-type-simple"},"blog_post_layout_featured_media_urls":{"thumbnail":["https:\/\/elrincondelquimico.com\/wp-content\/uploads\/2025\/05\/FORMATO-ISOLAB-53-150x150.jpg",150,150,true],"full":["https:\/\/elrincondelquimico.com\/wp-content\/uploads\/2025\/05\/FORMATO-ISOLAB-53.jpg",1338,1338,false]},"categories":null,"categories_names":null,"comments_number":"0","_links":{"self":[{"href":"https:\/\/elrincondelquimico.com\/index.php?rest_route=\/wp\/v2\/product\/2080","targetHints":{"allow":["GET"]}}],"collection":[{"href":"https:\/\/elrincondelquimico.com\/index.php?rest_route=\/wp\/v2\/product"}],"about":[{"href":"https:\/\/elrincondelquimico.com\/index.php?rest_route=\/wp\/v2\/types\/product"}],"replies":[{"embeddable":true,"href":"https:\/\/elrincondelquimico.com\/index.php?rest_route=%2Fwp%2Fv2%2Fcomments&post=2080"}],"wp:featuredmedia":[{"embeddable":true,"href":"https:\/\/elrincondelquimico.com\/index.php?rest_route=\/wp\/v2\/media\/2081"}],"wp:attachment":[{"href":"https:\/\/elrincondelquimico.com\/index.php?rest_route=%2Fwp%2Fv2%2Fmedia&parent=2080"}],"wp:term":[{"taxonomy":"product_brand","embeddable":true,"href":"https:\/\/elrincondelquimico.com\/index.php?rest_route=%2Fwp%2Fv2%2Fproduct_brand&post=2080"},{"taxonomy":"product_cat","embeddable":true,"href":"https:\/\/elrincondelquimico.com\/index.php?rest_route=%2Fwp%2Fv2%2Fproduct_cat&post=2080"},{"taxonomy":"product_tag","embeddable":true,"href":"https:\/\/elrincondelquimico.com\/index.php?rest_route=%2Fwp%2Fv2%2Fproduct_tag&post=2080"}],"curies":[{"name":"wp","href":"https:\/\/api.w.org\/{rel}","templated":true}]}}