{"id":2059,"date":"2025-05-12T12:59:36","date_gmt":"2025-05-12T17:59:36","guid":{"rendered":"https:\/\/elrincondelquimico.com\/?post_type=product&#038;p=2059"},"modified":"2025-05-12T13:03:27","modified_gmt":"2025-05-12T18:03:27","slug":"pinza-con-nuez-3-dedos-de-70-mm-cod-045-06-001-isolab","status":"publish","type":"product","link":"https:\/\/elrincondelquimico.com\/?product=pinza-con-nuez-3-dedos-de-70-mm-cod-045-06-001-isolab","title":{"rendered":"PINZA CON NUEZ 3 DEDOS DE 70 MM COD 045.06.001 ISOLAB"},"content":{"rendered":"<p>Para mantener la m\u00e1xima seguridad, los term\u00f3metros se producen del acero cromado que es resistente al calor, a la corrosi\u00f3n ya los golpes.<br \/>\nLos productos mentidos est\u00e1n equipados con un nivel de un mecanismo que permite los productos que pueden dar un giro de 360 grados. Garant\u00eda la fijaci\u00f3n a la posici\u00f3n y a la ubicaci\u00f3n deseadas que el producto que mantiene el mecanismo de la cerradura del nivo. Pinzas proporciona excelente control de presi\u00f3n.<br \/>\nMandibulas recubierto con PVC, garantizan excelente aislamiento t\u00e9rmico Material aislante flexible, vidrio evita la posible ruptura por agarrando suavemente. Las almohadillas de presi\u00f3n se pueden abrir y cerrar hasta 70mm.<\/p>\n<p>&nbsp;<\/p>\n<p>&nbsp;<\/p>\n","protected":false},"excerpt":{"rendered":"<p>Para mantener la m\u00e1xima seguridad, los term\u00f3metros se producen del acero cromado que es resistente al calor, a la corrosi\u00f3n ya los golpes. Los productos mentidos est\u00e1n equipados con un nivel de un mecanismo que permite los productos que pueden dar un giro de 360 grados. Garant\u00eda la fijaci\u00f3n a la posici\u00f3n y a la<\/p>\n<div class=\"more-link\">\n\t\t\t\t <a href=\"https:\/\/elrincondelquimico.com\/?product=pinza-con-nuez-3-dedos-de-70-mm-cod-045-06-001-isolab\" class=\"link-btn\"><span>Continue Leyendo <\/span><i class=\"icofont-thin-double-right\"><\/i><\/a>\n\t\t\t<\/div>\n","protected":false},"featured_media":2060,"comment_status":"open","ping_status":"closed","template":"","meta":{"inline_featured_image":false},"product_brand":[],"product_cat":[27,24,103],"product_tag":[62,63,241],"class_list":{"0":"post-2059","1":"product","2":"type-product","3":"status-publish","4":"has-post-thumbnail","6":"product_cat-isolab","7":"product_cat-material-de-laboratorio","8":"product_cat-otros","9":"product_tag-aleman","10":"product_tag-isolab","11":"product_tag-pinza","13":"first","14":"instock","15":"shipping-taxable","16":"purchasable","17":"product-type-simple"},"blog_post_layout_featured_media_urls":{"thumbnail":["https:\/\/elrincondelquimico.com\/wp-content\/uploads\/2025\/05\/FORMATO-ISOLAB-44-150x150.jpg",150,150,true],"full":["https:\/\/elrincondelquimico.com\/wp-content\/uploads\/2025\/05\/FORMATO-ISOLAB-44.jpg",1338,1338,false]},"categories":null,"categories_names":null,"comments_number":"0","_links":{"self":[{"href":"https:\/\/elrincondelquimico.com\/index.php?rest_route=\/wp\/v2\/product\/2059","targetHints":{"allow":["GET"]}}],"collection":[{"href":"https:\/\/elrincondelquimico.com\/index.php?rest_route=\/wp\/v2\/product"}],"about":[{"href":"https:\/\/elrincondelquimico.com\/index.php?rest_route=\/wp\/v2\/types\/product"}],"replies":[{"embeddable":true,"href":"https:\/\/elrincondelquimico.com\/index.php?rest_route=%2Fwp%2Fv2%2Fcomments&post=2059"}],"wp:featuredmedia":[{"embeddable":true,"href":"https:\/\/elrincondelquimico.com\/index.php?rest_route=\/wp\/v2\/media\/2060"}],"wp:attachment":[{"href":"https:\/\/elrincondelquimico.com\/index.php?rest_route=%2Fwp%2Fv2%2Fmedia&parent=2059"}],"wp:term":[{"taxonomy":"product_brand","embeddable":true,"href":"https:\/\/elrincondelquimico.com\/index.php?rest_route=%2Fwp%2Fv2%2Fproduct_brand&post=2059"},{"taxonomy":"product_cat","embeddable":true,"href":"https:\/\/elrincondelquimico.com\/index.php?rest_route=%2Fwp%2Fv2%2Fproduct_cat&post=2059"},{"taxonomy":"product_tag","embeddable":true,"href":"https:\/\/elrincondelquimico.com\/index.php?rest_route=%2Fwp%2Fv2%2Fproduct_tag&post=2059"}],"curies":[{"name":"wp","href":"https:\/\/api.w.org\/{rel}","templated":true}]}}