{"id":2038,"date":"2025-05-11T19:08:58","date_gmt":"2025-05-12T00:08:58","guid":{"rendered":"https:\/\/elrincondelquimico.com\/?post_type=product&#038;p=2038"},"modified":"2025-05-11T19:26:14","modified_gmt":"2025-05-12T00:26:14","slug":"phmetro-digital-ph-mv-temp-cod-616-01-001-isolab","status":"publish","type":"product","link":"https:\/\/elrincondelquimico.com\/?product=phmetro-digital-ph-mv-temp-cod-616-01-001-isolab","title":{"rendered":"PHMETRO DIGITAL (Ph \u2013 Mv- Temp) COD 616.01.001 ISOLAB"},"content":{"rendered":"<p>Ofrece una soluci\u00f3n econ\u00f3mica para la medi- ci\u00f3n de pH, mV y temperatura. F\u00e1cil de calibrar mediante un teclado.<br \/>\nElectrodo f\u00e1cil de reemplazar. El electrodo nuevo se reconocer\u00e1 autom\u00e1ticamente y se mostrar\u00e1 en la pantalla<br \/>\nLa carcasa ergon\u00f3mica, liviana y a prueba de agua (que incluso puede flotar en el agua) per- mite una operaci\u00f3n perfecta al aire libre.<br \/>\nLos valores medidos se visualizan mediante un display LCD grande con microprocesador.<\/p>\n<p>Guarda en la memoria los valores m\u00e1ximos y minimos medidos.<br \/>\nPermite seleccionar la indicaci\u00f3n de tempera- tura entre \u00b0C 0 \u00b0F.<br \/>\nDispone de un indicador de bater\u00eda baja y de consumo de energia.<br \/>\nLa funci\u00f3n de apagado autom\u00e1tico desconec- ta el circuito despu\u00e9s de 10 minutos de inacti- vidad.<br \/>\nSe suministra en una caja de transporte, con manual de instrucciones y juego est\u00e1ndar de calibraci\u00f3n.<\/p>\n","protected":false},"excerpt":{"rendered":"<p>Ofrece una soluci\u00f3n econ\u00f3mica para la medi- ci\u00f3n de pH, mV y temperatura. F\u00e1cil de calibrar mediante un teclado. Electrodo f\u00e1cil de reemplazar. El electrodo nuevo se reconocer\u00e1 autom\u00e1ticamente y se mostrar\u00e1 en la pantalla La carcasa ergon\u00f3mica, liviana y a prueba de agua (que incluso puede flotar en el agua) per- mite una operaci\u00f3n<\/p>\n<div class=\"more-link\">\n\t\t\t\t <a href=\"https:\/\/elrincondelquimico.com\/?product=phmetro-digital-ph-mv-temp-cod-616-01-001-isolab\" class=\"link-btn\"><span>Continue Leyendo <\/span><i class=\"icofont-thin-double-right\"><\/i><\/a>\n\t\t\t<\/div>\n","protected":false},"featured_media":2039,"comment_status":"open","ping_status":"closed","template":"","meta":{"inline_featured_image":false},"product_brand":[],"product_cat":[30,183],"product_tag":[62,63,238],"class_list":{"0":"post-2038","1":"product","2":"type-product","3":"status-publish","4":"has-post-thumbnail","6":"product_cat-equipos-de-laboratorio","7":"product_cat-isolab-equipos-de-laboratorio","8":"product_tag-aleman","9":"product_tag-isolab","10":"product_tag-phmetro","12":"first","13":"instock","14":"shipping-taxable","15":"purchasable","16":"product-type-simple"},"blog_post_layout_featured_media_urls":{"thumbnail":["https:\/\/elrincondelquimico.com\/wp-content\/uploads\/2025\/05\/ISOLAB-FORMATO-150x150.png",150,150,true],"full":["https:\/\/elrincondelquimico.com\/wp-content\/uploads\/2025\/05\/ISOLAB-FORMATO.png",1497,1401,false]},"categories":null,"categories_names":null,"comments_number":"0","_links":{"self":[{"href":"https:\/\/elrincondelquimico.com\/index.php?rest_route=\/wp\/v2\/product\/2038","targetHints":{"allow":["GET"]}}],"collection":[{"href":"https:\/\/elrincondelquimico.com\/index.php?rest_route=\/wp\/v2\/product"}],"about":[{"href":"https:\/\/elrincondelquimico.com\/index.php?rest_route=\/wp\/v2\/types\/product"}],"replies":[{"embeddable":true,"href":"https:\/\/elrincondelquimico.com\/index.php?rest_route=%2Fwp%2Fv2%2Fcomments&post=2038"}],"wp:featuredmedia":[{"embeddable":true,"href":"https:\/\/elrincondelquimico.com\/index.php?rest_route=\/wp\/v2\/media\/2039"}],"wp:attachment":[{"href":"https:\/\/elrincondelquimico.com\/index.php?rest_route=%2Fwp%2Fv2%2Fmedia&parent=2038"}],"wp:term":[{"taxonomy":"product_brand","embeddable":true,"href":"https:\/\/elrincondelquimico.com\/index.php?rest_route=%2Fwp%2Fv2%2Fproduct_brand&post=2038"},{"taxonomy":"product_cat","embeddable":true,"href":"https:\/\/elrincondelquimico.com\/index.php?rest_route=%2Fwp%2Fv2%2Fproduct_cat&post=2038"},{"taxonomy":"product_tag","embeddable":true,"href":"https:\/\/elrincondelquimico.com\/index.php?rest_route=%2Fwp%2Fv2%2Fproduct_tag&post=2038"}],"curies":[{"name":"wp","href":"https:\/\/api.w.org\/{rel}","templated":true}]}}