{"id":1991,"date":"2025-05-09T17:17:43","date_gmt":"2025-05-09T22:17:43","guid":{"rendered":"https:\/\/elrincondelquimico.com\/?post_type=product&#038;p=1991"},"modified":"2025-05-09T17:21:38","modified_gmt":"2025-05-09T22:21:38","slug":"nuez-doble-de-20mm-cod-046-01-001-isolab","status":"publish","type":"product","link":"https:\/\/elrincondelquimico.com\/?product=nuez-doble-de-20mm-cod-046-01-001-isolab","title":{"rendered":"NUEZ DOBLE DE 20MM COD 046.01.001 ISOLAB"},"content":{"rendered":"<p>Para mantener la m\u00e1xima seguridad, los term\u00f3metros se producen del acero cromado que es resistente al calor, a la corrosi\u00f3n y a los golpes.<br \/>\nLas almohadillas de presi\u00f3n se pueden abrir y cerrar hasta 20 mm de di\u00e1metro.<\/p>\n","protected":false},"excerpt":{"rendered":"<p>Para mantener la m\u00e1xima seguridad, los term\u00f3metros se producen del acero cromado que es resistente al calor, a la corrosi\u00f3n y a los golpes. Las almohadillas de presi\u00f3n se pueden abrir y cerrar hasta 20 mm de di\u00e1metro.<\/p>\n","protected":false},"featured_media":1992,"comment_status":"open","ping_status":"closed","template":"","meta":{"inline_featured_image":false},"product_brand":[],"product_cat":[27,103],"product_tag":[62,63,232],"class_list":{"0":"post-1991","1":"product","2":"type-product","3":"status-publish","4":"has-post-thumbnail","6":"product_cat-isolab","7":"product_cat-otros","8":"product_tag-aleman","9":"product_tag-isolab","10":"product_tag-nuez","12":"first","13":"instock","14":"shipping-taxable","15":"purchasable","16":"product-type-simple"},"blog_post_layout_featured_media_urls":{"thumbnail":["https:\/\/elrincondelquimico.com\/wp-content\/uploads\/2025\/05\/FORMATO-ISOLAB-30-150x150.jpg",150,150,true],"full":["https:\/\/elrincondelquimico.com\/wp-content\/uploads\/2025\/05\/FORMATO-ISOLAB-30.jpg",1338,1338,false]},"categories":null,"categories_names":null,"comments_number":"0","_links":{"self":[{"href":"https:\/\/elrincondelquimico.com\/index.php?rest_route=\/wp\/v2\/product\/1991","targetHints":{"allow":["GET"]}}],"collection":[{"href":"https:\/\/elrincondelquimico.com\/index.php?rest_route=\/wp\/v2\/product"}],"about":[{"href":"https:\/\/elrincondelquimico.com\/index.php?rest_route=\/wp\/v2\/types\/product"}],"replies":[{"embeddable":true,"href":"https:\/\/elrincondelquimico.com\/index.php?rest_route=%2Fwp%2Fv2%2Fcomments&post=1991"}],"wp:featuredmedia":[{"embeddable":true,"href":"https:\/\/elrincondelquimico.com\/index.php?rest_route=\/wp\/v2\/media\/1992"}],"wp:attachment":[{"href":"https:\/\/elrincondelquimico.com\/index.php?rest_route=%2Fwp%2Fv2%2Fmedia&parent=1991"}],"wp:term":[{"taxonomy":"product_brand","embeddable":true,"href":"https:\/\/elrincondelquimico.com\/index.php?rest_route=%2Fwp%2Fv2%2Fproduct_brand&post=1991"},{"taxonomy":"product_cat","embeddable":true,"href":"https:\/\/elrincondelquimico.com\/index.php?rest_route=%2Fwp%2Fv2%2Fproduct_cat&post=1991"},{"taxonomy":"product_tag","embeddable":true,"href":"https:\/\/elrincondelquimico.com\/index.php?rest_route=%2Fwp%2Fv2%2Fproduct_tag&post=1991"}],"curies":[{"name":"wp","href":"https:\/\/api.w.org\/{rel}","templated":true}]}}