{"id":1971,"date":"2025-05-09T14:41:55","date_gmt":"2025-05-09T19:41:55","guid":{"rendered":"https:\/\/elrincondelquimico.com\/?post_type=product&#038;p=1971"},"modified":"2026-03-03T16:07:42","modified_gmt":"2026-03-03T21:07:42","slug":"micropipeta-automatica-rango-variable-de-20-200-ul-cod-011-05-200-isolab","status":"publish","type":"product","link":"https:\/\/elrincondelquimico.com\/?product=micropipeta-automatica-rango-variable-de-20-200-ul-cod-011-05-200-isolab","title":{"rendered":"MICROPIPETA AUTOMATICA RANGO VARIABLE DE 20-200 UL COD 011.05.200 ISOLAB"},"content":{"rendered":"<p>Cumple con los requisitos de todas las caracter\u00edsticas de una pipeta moderna y 9 pipetas que tiene el volumen entre 0,25 \u03bcl y 10 ml.<br \/>\nCada pipeta se calibre seg\u00fan los est\u00e1ndares de ISO 8655 con el certificado.<br \/>\nEl n\u00famero de serio est\u00e1 en el cuerpo.<br \/>\nLa estructura cuerpo ligero y equilibrio, garantiza el uso c\u00f3modo a largo tiempo.<br \/>\nLa estructura de su cuerpo ergon\u00f3mico y moderno, compatible para cada mano y su tama\u00f1o.<br \/>\nPunta de la pipeta insertada esta compatible con toda punta de pipeta<br \/>\nProporciona el control de volumen r\u00e1pido y f\u00e1cil con una sola mano. Se puede observar el indicador de volumen en cada paso.<br \/>\nProporciona trabajar c\u00f3modo y largo tiempo por funcionando con una presi\u00f3n m\u00ednima de pipeta de sistema de muelle blando<br \/>\nSe puede apretar f\u00e1cilmente y c\u00f3modo, por proporcionando el apoyo de carga para el uso c\u00f3modo de apoyo de dedo.<br \/>\nBot\u00f3n de pulso final de superficie amplio minimiza carga de presi\u00f3n de dedos, permite se salgan las puntas de pipetas.<br \/>\nSe entrega el test de ajuste de calibraci\u00f3n que proporciona el ajuste de calibraci\u00f3n seguro y r\u00e1pido y el certificado de test individual.<\/p>\n<table>\n<tbody>\n<tr>\n<td width=\"113\"><strong>N\u00famero de catalogo<\/strong><\/td>\n<td width=\"113\"><strong>Rango de volumen<\/strong><\/td>\n<td><strong>\u00a0<\/strong><\/p>\n<p><strong>Volum. test<\/strong><\/td>\n<td><strong>\u00a0<\/strong><\/p>\n<p><strong>Desviaci\u00f3n m\u00e1xima<\/strong><\/td>\n<td><strong>\u00a0<\/strong><\/p>\n<p><strong>Pack\/cantidad<\/strong><\/td>\n<\/tr>\n<tr>\n<td>011.05.002<\/td>\n<td>0.1-2.5 ul<\/td>\n<td>2.5 ul<\/td>\n<td>2.50 %<\/td>\n<td>1 pieza<\/td>\n<\/tr>\n<tr>\n<td>011.05.010<\/td>\n<td>0.5-10 ul<\/td>\n<td>10 ul<\/td>\n<td>1.00 %<\/td>\n<td>1 pieza<\/td>\n<\/tr>\n<tr>\n<td>011.05.020<\/td>\n<td>2-20 ul<\/td>\n<td>20 ul<\/td>\n<td>0.90 %<\/td>\n<td>1 pieza<\/td>\n<\/tr>\n<tr>\n<td>011.05.050<\/td>\n<td>5-50 ul<\/td>\n<td>50 ul<\/td>\n<td>0.60 %<\/td>\n<td>1 pieza<\/td>\n<\/tr>\n<tr>\n<td>011.05.100<\/td>\n<td>10-100 ul<\/td>\n<td>100 ul<\/td>\n<td>0.80 %<\/td>\n<td>1 pieza<\/td>\n<\/tr>\n<tr>\n<td>011.05.200<\/td>\n<td>20-200 ul<\/td>\n<td>200 ul<\/td>\n<td>0.60 %<\/td>\n<td>1 pieza<\/td>\n<\/tr>\n<tr>\n<td>011.05.901<\/td>\n<td>100-1000 ul<\/td>\n<td>1000 ul<\/td>\n<td>0.60 %<\/td>\n<td>1 pieza<\/td>\n<\/tr>\n<tr>\n<td>011.05.905<\/td>\n<td>1000-5000 ul<\/td>\n<td>5000 ul<\/td>\n<td>0.50 %<\/td>\n<td>1 pieza<\/td>\n<\/tr>\n<tr>\n<td>011.05.910<\/td>\n<td>2000-10000 ul<\/td>\n<td>10 ml<\/td>\n<td>0.70 %<\/td>\n<td>1 pieza<\/td>\n<\/tr>\n<\/tbody>\n<\/table>\n","protected":false},"excerpt":{"rendered":"<p>Cumple con los requisitos de todas las caracter\u00edsticas de una pipeta moderna y 9 pipetas que tiene el volumen entre 0,25 \u03bcl y 10 ml. Cada pipeta se calibre seg\u00fan los est\u00e1ndares de ISO 8655 con el certificado. El n\u00famero de serio est\u00e1 en el cuerpo. La estructura cuerpo ligero y equilibrio, garantiza el uso<\/p>\n<div class=\"more-link\">\n\t\t\t\t <a href=\"https:\/\/elrincondelquimico.com\/?product=micropipeta-automatica-rango-variable-de-20-200-ul-cod-011-05-200-isolab\" class=\"link-btn\"><span>Continue Leyendo <\/span><i class=\"icofont-thin-double-right\"><\/i><\/a>\n\t\t\t<\/div>\n","protected":false},"featured_media":1967,"comment_status":"open","ping_status":"closed","template":"","meta":{"inline_featured_image":false},"product_brand":[],"product_cat":[30,183],"product_tag":[62,63,229],"class_list":{"0":"post-1971","1":"product","2":"type-product","3":"status-publish","4":"has-post-thumbnail","6":"product_cat-equipos-de-laboratorio","7":"product_cat-isolab-equipos-de-laboratorio","8":"product_tag-aleman","9":"product_tag-isolab","10":"product_tag-micropipeta","12":"first","13":"instock","14":"shipping-taxable","15":"purchasable","16":"product-type-simple"},"blog_post_layout_featured_media_urls":{"thumbnail":["https:\/\/elrincondelquimico.com\/wp-content\/uploads\/2025\/05\/FORMATO-ISOLAB-26-150x150.jpg",150,150,true],"full":["https:\/\/elrincondelquimico.com\/wp-content\/uploads\/2025\/05\/FORMATO-ISOLAB-26.jpg",1338,1338,false]},"categories":null,"categories_names":null,"comments_number":"0","_links":{"self":[{"href":"https:\/\/elrincondelquimico.com\/index.php?rest_route=\/wp\/v2\/product\/1971","targetHints":{"allow":["GET"]}}],"collection":[{"href":"https:\/\/elrincondelquimico.com\/index.php?rest_route=\/wp\/v2\/product"}],"about":[{"href":"https:\/\/elrincondelquimico.com\/index.php?rest_route=\/wp\/v2\/types\/product"}],"replies":[{"embeddable":true,"href":"https:\/\/elrincondelquimico.com\/index.php?rest_route=%2Fwp%2Fv2%2Fcomments&post=1971"}],"wp:featuredmedia":[{"embeddable":true,"href":"https:\/\/elrincondelquimico.com\/index.php?rest_route=\/wp\/v2\/media\/1967"}],"wp:attachment":[{"href":"https:\/\/elrincondelquimico.com\/index.php?rest_route=%2Fwp%2Fv2%2Fmedia&parent=1971"}],"wp:term":[{"taxonomy":"product_brand","embeddable":true,"href":"https:\/\/elrincondelquimico.com\/index.php?rest_route=%2Fwp%2Fv2%2Fproduct_brand&post=1971"},{"taxonomy":"product_cat","embeddable":true,"href":"https:\/\/elrincondelquimico.com\/index.php?rest_route=%2Fwp%2Fv2%2Fproduct_cat&post=1971"},{"taxonomy":"product_tag","embeddable":true,"href":"https:\/\/elrincondelquimico.com\/index.php?rest_route=%2Fwp%2Fv2%2Fproduct_tag&post=1971"}],"curies":[{"name":"wp","href":"https:\/\/api.w.org\/{rel}","templated":true}]}}