{"id":1889,"date":"2025-05-05T17:53:57","date_gmt":"2025-05-05T22:53:57","guid":{"rendered":"https:\/\/elrincondelquimico.com\/?post_type=product&#038;p=1889"},"modified":"2025-05-05T17:58:47","modified_gmt":"2025-05-05T22:58:47","slug":"lupa-manual-de-100-mm-de-3x-5x-cod-065-10-006-isolab","status":"publish","type":"product","link":"https:\/\/elrincondelquimico.com\/?product=lupa-manual-de-100-mm-de-3x-5x-cod-065-10-006-isolab","title":{"rendered":"LUPA MANUAL DE 100 MM DE 3X &#038; 5X COD 065.10.006 ISOLAB"},"content":{"rendered":"<p>La lupa de mano ofrece aumentos de 3X y 5X seg\u00fan la direcci\u00f3n de la vista.<br \/>\nEl mango se adapta perfectamente a la mano y ofrece un agarre c\u00f3modo.<br \/>\nLa lente asf\u00e9rica proporciona im\u00e1genes sin aberraciones esf\u00e9ricas ni distorsi\u00f3n con una nitidez total.<br \/>\nLa bombilla LED con control de encendido\/apagado proporciona una iluminaci\u00f3n potente y brillante.<br \/>\nUn joystick giratorio permite ajustar el \u00e1ngulo de iluminaci\u00f3n en todos los \u00e1ngulos.<\/p>\n<p>CATALOGO: 065.10.006<\/p>\n<p>DIMENSIONES EXTERNAS: 230 x 100 mm<\/p>\n<p>DIMENSIONES LENTE: 100 mm<\/p>\n<p>&nbsp;<\/p>\n<p>&nbsp;<\/p>\n","protected":false},"excerpt":{"rendered":"<p>La lupa de mano ofrece aumentos de 3X y 5X seg\u00fan la direcci\u00f3n de la vista. El mango se adapta perfectamente a la mano y ofrece un agarre c\u00f3modo. La lente asf\u00e9rica proporciona im\u00e1genes sin aberraciones esf\u00e9ricas ni distorsi\u00f3n con una nitidez total. La bombilla LED con control de encendido\/apagado proporciona una iluminaci\u00f3n potente y<\/p>\n<div class=\"more-link\">\n\t\t\t\t <a href=\"https:\/\/elrincondelquimico.com\/?product=lupa-manual-de-100-mm-de-3x-5x-cod-065-10-006-isolab\" class=\"link-btn\"><span>Continue Leyendo <\/span><i class=\"icofont-thin-double-right\"><\/i><\/a>\n\t\t\t<\/div>\n","protected":false},"featured_media":1890,"comment_status":"open","ping_status":"closed","template":"","meta":{"inline_featured_image":false},"product_brand":[],"product_cat":[27,103],"product_tag":[62,63,219,81],"class_list":{"0":"post-1889","1":"product","2":"type-product","3":"status-publish","4":"has-post-thumbnail","6":"product_cat-isolab","7":"product_cat-otros","8":"product_tag-aleman","9":"product_tag-isolab","10":"product_tag-lupa","11":"product_tag-vidrio","13":"first","14":"instock","15":"shipping-taxable","16":"purchasable","17":"product-type-simple"},"blog_post_layout_featured_media_urls":{"thumbnail":["https:\/\/elrincondelquimico.com\/wp-content\/uploads\/2025\/05\/FORMATO-ISOLAB-13-150x150.jpg",150,150,true],"full":["https:\/\/elrincondelquimico.com\/wp-content\/uploads\/2025\/05\/FORMATO-ISOLAB-13.jpg",1338,1338,false]},"categories":null,"categories_names":null,"comments_number":"0","_links":{"self":[{"href":"https:\/\/elrincondelquimico.com\/index.php?rest_route=\/wp\/v2\/product\/1889","targetHints":{"allow":["GET"]}}],"collection":[{"href":"https:\/\/elrincondelquimico.com\/index.php?rest_route=\/wp\/v2\/product"}],"about":[{"href":"https:\/\/elrincondelquimico.com\/index.php?rest_route=\/wp\/v2\/types\/product"}],"replies":[{"embeddable":true,"href":"https:\/\/elrincondelquimico.com\/index.php?rest_route=%2Fwp%2Fv2%2Fcomments&post=1889"}],"wp:featuredmedia":[{"embeddable":true,"href":"https:\/\/elrincondelquimico.com\/index.php?rest_route=\/wp\/v2\/media\/1890"}],"wp:attachment":[{"href":"https:\/\/elrincondelquimico.com\/index.php?rest_route=%2Fwp%2Fv2%2Fmedia&parent=1889"}],"wp:term":[{"taxonomy":"product_brand","embeddable":true,"href":"https:\/\/elrincondelquimico.com\/index.php?rest_route=%2Fwp%2Fv2%2Fproduct_brand&post=1889"},{"taxonomy":"product_cat","embeddable":true,"href":"https:\/\/elrincondelquimico.com\/index.php?rest_route=%2Fwp%2Fv2%2Fproduct_cat&post=1889"},{"taxonomy":"product_tag","embeddable":true,"href":"https:\/\/elrincondelquimico.com\/index.php?rest_route=%2Fwp%2Fv2%2Fproduct_tag&post=1889"}],"curies":[{"name":"wp","href":"https:\/\/api.w.org\/{rel}","templated":true}]}}