{"id":1885,"date":"2025-05-05T17:43:39","date_gmt":"2025-05-05T22:43:39","guid":{"rendered":"https:\/\/elrincondelquimico.com\/?post_type=product&#038;p=1885"},"modified":"2025-05-05T17:48:49","modified_gmt":"2025-05-05T22:48:49","slug":"lupa-de-mesa-profesional-de-3x-5x-cod-065-10-001-isolab","status":"publish","type":"product","link":"https:\/\/elrincondelquimico.com\/?product=lupa-de-mesa-profesional-de-3x-5x-cod-065-10-001-isolab","title":{"rendered":"LUPA DE MESA PROFESIONAL DE 3X &#038; 5X COD 065.10.001 ISOLAB"},"content":{"rendered":"<p>Lupa multifuncional de sobremesa con aumentos de 3X y 5X seg\u00fan la direcci\u00f3n de la mirada.<br \/>\nSe maneja con una sola mano. Su uso es suave y sencillo, tanto con lentes de visi\u00f3n lejana como cercana.<br \/>\nSus 4 bombillas LED con control de encendido\/apagado proporcionan una iluminaci\u00f3n potente y brillante.<br \/>\nDos soportes de cuello de cisne flexibles independientes permiten ajustar la lente de aumento y el \u00e1ngulo de iluminaci\u00f3n en m\u00faltiples ejes.<br \/>\nLa iluminaci\u00f3n sin sombras ni parpadeos, sin generaci\u00f3n de calor, proporciona una concentraci\u00f3n \u00f3ptima de la luz.<br \/>\nLa lente asf\u00e9rica proporciona im\u00e1genes sin aberraciones esf\u00e9ricas ni distorsiones, con una nitidez de borde a borde.<br \/>\nEl cuerpo principal extra\u00edble se puede fijar a la esquina de la mesa con una abrazadera.<br \/>\nLa robusta placa base aumenta la eficiencia de la posici\u00f3n vertical. El mecanismo de sujeci\u00f3n en la base permite fijar los objetos firmemente en su lugar.<\/p>\n<p>&nbsp;<\/p>\n","protected":false},"excerpt":{"rendered":"<p>Lupa multifuncional de sobremesa con aumentos de 3X y 5X seg\u00fan la direcci\u00f3n de la mirada. Se maneja con una sola mano. Su uso es suave y sencillo, tanto con lentes de visi\u00f3n lejana como cercana. Sus 4 bombillas LED con control de encendido\/apagado proporcionan una iluminaci\u00f3n potente y brillante. Dos soportes de cuello de<\/p>\n<div class=\"more-link\">\n\t\t\t\t <a href=\"https:\/\/elrincondelquimico.com\/?product=lupa-de-mesa-profesional-de-3x-5x-cod-065-10-001-isolab\" class=\"link-btn\"><span>Continue Leyendo <\/span><i class=\"icofont-thin-double-right\"><\/i><\/a>\n\t\t\t<\/div>\n","protected":false},"featured_media":1886,"comment_status":"open","ping_status":"closed","template":"","meta":{"inline_featured_image":false},"product_brand":[],"product_cat":[27,103],"product_tag":[62,63,219,81],"class_list":{"0":"post-1885","1":"product","2":"type-product","3":"status-publish","4":"has-post-thumbnail","6":"product_cat-isolab","7":"product_cat-otros","8":"product_tag-aleman","9":"product_tag-isolab","10":"product_tag-lupa","11":"product_tag-vidrio","13":"first","14":"instock","15":"shipping-taxable","16":"purchasable","17":"product-type-simple"},"blog_post_layout_featured_media_urls":{"thumbnail":["https:\/\/elrincondelquimico.com\/wp-content\/uploads\/2025\/05\/FORMATO-ISOLAB-11-150x150.jpg",150,150,true],"full":["https:\/\/elrincondelquimico.com\/wp-content\/uploads\/2025\/05\/FORMATO-ISOLAB-11.jpg",1338,1338,false]},"categories":null,"categories_names":null,"comments_number":"0","_links":{"self":[{"href":"https:\/\/elrincondelquimico.com\/index.php?rest_route=\/wp\/v2\/product\/1885","targetHints":{"allow":["GET"]}}],"collection":[{"href":"https:\/\/elrincondelquimico.com\/index.php?rest_route=\/wp\/v2\/product"}],"about":[{"href":"https:\/\/elrincondelquimico.com\/index.php?rest_route=\/wp\/v2\/types\/product"}],"replies":[{"embeddable":true,"href":"https:\/\/elrincondelquimico.com\/index.php?rest_route=%2Fwp%2Fv2%2Fcomments&post=1885"}],"wp:featuredmedia":[{"embeddable":true,"href":"https:\/\/elrincondelquimico.com\/index.php?rest_route=\/wp\/v2\/media\/1886"}],"wp:attachment":[{"href":"https:\/\/elrincondelquimico.com\/index.php?rest_route=%2Fwp%2Fv2%2Fmedia&parent=1885"}],"wp:term":[{"taxonomy":"product_brand","embeddable":true,"href":"https:\/\/elrincondelquimico.com\/index.php?rest_route=%2Fwp%2Fv2%2Fproduct_brand&post=1885"},{"taxonomy":"product_cat","embeddable":true,"href":"https:\/\/elrincondelquimico.com\/index.php?rest_route=%2Fwp%2Fv2%2Fproduct_cat&post=1885"},{"taxonomy":"product_tag","embeddable":true,"href":"https:\/\/elrincondelquimico.com\/index.php?rest_route=%2Fwp%2Fv2%2Fproduct_tag&post=1885"}],"curies":[{"name":"wp","href":"https:\/\/api.w.org\/{rel}","templated":true}]}}