{"id":1875,"date":"2025-05-04T21:40:44","date_gmt":"2025-05-05T02:40:44","guid":{"rendered":"https:\/\/elrincondelquimico.com\/?post_type=product&#038;p=1875"},"modified":"2025-05-04T21:41:03","modified_gmt":"2025-05-05T02:41:03","slug":"luna-de-reloj-boro-3-3-de-70mm-cod-037-01-070-isolab","status":"publish","type":"product","link":"https:\/\/elrincondelquimico.com\/?product=luna-de-reloj-boro-3-3-de-70mm-cod-037-01-070-isolab","title":{"rendered":"LUNA DE RELOJ BORO 3.3 DE 70MM COD 037.01.070 ISOLAB"},"content":{"rendered":"<p>Fabricado en vidrio s\u00f3dico-c\u00e1lcico seg\u00fan la norma DIN 12341. Ideal tambi\u00e9n para aplicaciones de evaporaci\u00f3n y para cubrir vasos de precipitados calientes.<br \/>\nLos bordes pulidos al fuego evitan el astillado y la rotura.<\/p>\n<table>\n<tbody>\n<tr>\n<td width=\"123\"><strong>C\u00f3digo <\/strong><\/td>\n<td width=\"255\"><strong>Di\u00e1metro (mm)<\/strong><\/td>\n<td width=\"189\"><strong>Cantidad (caja)<\/strong><\/td>\n<\/tr>\n<tr>\n<td width=\"123\"><strong>037.01.050<\/strong><\/td>\n<td width=\"255\">50<\/td>\n<td width=\"189\">10 pieza<\/td>\n<\/tr>\n<tr>\n<td width=\"123\"><strong>037.01.060<\/strong><\/td>\n<td width=\"255\">60<\/td>\n<td width=\"189\">10 pieza<\/td>\n<\/tr>\n<tr>\n<td width=\"123\"><strong>037.01.070<\/strong><\/td>\n<td width=\"255\">70<\/td>\n<td width=\"189\">10 pieza<\/td>\n<\/tr>\n<tr>\n<td width=\"123\"><strong>037.01.080<\/strong><\/td>\n<td width=\"255\">80<\/td>\n<td width=\"189\">10 pieza<\/td>\n<\/tr>\n<tr>\n<td width=\"123\"><strong>037.01.100<\/strong><\/td>\n<td width=\"255\">100<\/td>\n<td width=\"189\">10 pieza<\/td>\n<\/tr>\n<tr>\n<td width=\"123\"><strong>037.01.125<\/strong><\/td>\n<td width=\"255\">125<\/td>\n<td width=\"189\">10 pieza<\/td>\n<\/tr>\n<tr>\n<td width=\"123\"><strong>037.01.150<\/strong><\/td>\n<td width=\"255\">150<\/td>\n<td width=\"189\">10 pieza<\/td>\n<\/tr>\n<tr>\n<td width=\"123\"><strong>037.01.200<\/strong><\/td>\n<td width=\"255\">200<\/td>\n<td width=\"189\">10 pieza<\/td>\n<\/tr>\n<\/tbody>\n<\/table>\n","protected":false},"excerpt":{"rendered":"<p>Fabricado en vidrio s\u00f3dico-c\u00e1lcico seg\u00fan la norma DIN 12341. Ideal tambi\u00e9n para aplicaciones de evaporaci\u00f3n y para cubrir vasos de precipitados calientes. Los bordes pulidos al fuego evitan el astillado y la rotura. C\u00f3digo Di\u00e1metro (mm) Cantidad (caja) 037.01.050 50 10 pieza 037.01.060 60 10 pieza 037.01.070 70 10 pieza 037.01.080 80 10 pieza 037.01.100<\/p>\n<div class=\"more-link\">\n\t\t\t\t <a href=\"https:\/\/elrincondelquimico.com\/?product=luna-de-reloj-boro-3-3-de-70mm-cod-037-01-070-isolab\" class=\"link-btn\"><span>Continue Leyendo <\/span><i class=\"icofont-thin-double-right\"><\/i><\/a>\n\t\t\t<\/div>\n","protected":false},"featured_media":1873,"comment_status":"open","ping_status":"closed","template":"","meta":{"inline_featured_image":false},"product_brand":[],"product_cat":[27,87],"product_tag":[62,63,217,81],"class_list":{"0":"post-1875","1":"product","2":"type-product","3":"status-publish","4":"has-post-thumbnail","6":"product_cat-isolab","7":"product_cat-vidrio","8":"product_tag-aleman","9":"product_tag-isolab","10":"product_tag-luna","11":"product_tag-vidrio","13":"first","14":"instock","15":"shipping-taxable","16":"purchasable","17":"product-type-simple"},"blog_post_layout_featured_media_urls":{"thumbnail":["https:\/\/elrincondelquimico.com\/wp-content\/uploads\/2025\/05\/Sin-titulo-1-30-150x150.jpg",150,150,true],"full":["https:\/\/elrincondelquimico.com\/wp-content\/uploads\/2025\/05\/Sin-titulo-1-30.jpg",1338,1338,false]},"categories":null,"categories_names":null,"comments_number":"0","_links":{"self":[{"href":"https:\/\/elrincondelquimico.com\/index.php?rest_route=\/wp\/v2\/product\/1875","targetHints":{"allow":["GET"]}}],"collection":[{"href":"https:\/\/elrincondelquimico.com\/index.php?rest_route=\/wp\/v2\/product"}],"about":[{"href":"https:\/\/elrincondelquimico.com\/index.php?rest_route=\/wp\/v2\/types\/product"}],"replies":[{"embeddable":true,"href":"https:\/\/elrincondelquimico.com\/index.php?rest_route=%2Fwp%2Fv2%2Fcomments&post=1875"}],"wp:featuredmedia":[{"embeddable":true,"href":"https:\/\/elrincondelquimico.com\/index.php?rest_route=\/wp\/v2\/media\/1873"}],"wp:attachment":[{"href":"https:\/\/elrincondelquimico.com\/index.php?rest_route=%2Fwp%2Fv2%2Fmedia&parent=1875"}],"wp:term":[{"taxonomy":"product_brand","embeddable":true,"href":"https:\/\/elrincondelquimico.com\/index.php?rest_route=%2Fwp%2Fv2%2Fproduct_brand&post=1875"},{"taxonomy":"product_cat","embeddable":true,"href":"https:\/\/elrincondelquimico.com\/index.php?rest_route=%2Fwp%2Fv2%2Fproduct_cat&post=1875"},{"taxonomy":"product_tag","embeddable":true,"href":"https:\/\/elrincondelquimico.com\/index.php?rest_route=%2Fwp%2Fv2%2Fproduct_tag&post=1875"}],"curies":[{"name":"wp","href":"https:\/\/api.w.org\/{rel}","templated":true}]}}