{"id":1871,"date":"2025-05-04T21:26:26","date_gmt":"2025-05-05T02:26:26","guid":{"rendered":"https:\/\/elrincondelquimico.com\/?post_type=product&#038;p=1871"},"modified":"2025-05-04T21:27:05","modified_gmt":"2025-05-05T02:27:05","slug":"lavaojos-frasco-de-660-ml-cod-069-05-660-isolab","status":"publish","type":"product","link":"https:\/\/elrincondelquimico.com\/?product=lavaojos-frasco-de-660-ml-cod-069-05-660-isolab","title":{"rendered":"LAVAOJOS FRASCO DE 660 ML COD 069.05.660 ISOLAB"},"content":{"rendered":"<p>La soluci\u00f3n salina est\u00e9ril para enjuague contiene 0,9 % de cloruro de sodio. Es \u00fatil para eliminar polvo, residuos y otros irritantes da\u00f1inos.<br \/>\nNo presenta efectos secundarios, ya que su pH es similar al de las l\u00e1grimas humanas.<br \/>\nEvita que cuerpos extra\u00f1os se adhieran al ojo y causen da\u00f1os graves.<br \/>\nNo contiene pat\u00f3genos que puedan causar infecciones y no da\u00f1a el tejido ocular ni la piel durante el enjuague prolongado.<\/p>\n","protected":false},"excerpt":{"rendered":"<p>La soluci\u00f3n salina est\u00e9ril para enjuague contiene 0,9 % de cloruro de sodio. Es \u00fatil para eliminar polvo, residuos y otros irritantes da\u00f1inos. No presenta efectos secundarios, ya que su pH es similar al de las l\u00e1grimas humanas. Evita que cuerpos extra\u00f1os se adhieran al ojo y causen da\u00f1os graves. No contiene pat\u00f3genos que puedan<\/p>\n<div class=\"more-link\">\n\t\t\t\t <a href=\"https:\/\/elrincondelquimico.com\/?product=lavaojos-frasco-de-660-ml-cod-069-05-660-isolab\" class=\"link-btn\"><span>Continue Leyendo <\/span><i class=\"icofont-thin-double-right\"><\/i><\/a>\n\t\t\t<\/div>\n","protected":false},"featured_media":1870,"comment_status":"open","ping_status":"closed","template":"","meta":{"inline_featured_image":false},"product_brand":[],"product_cat":[27,103],"product_tag":[62,63],"class_list":{"0":"post-1871","1":"product","2":"type-product","3":"status-publish","4":"has-post-thumbnail","6":"product_cat-isolab","7":"product_cat-otros","8":"product_tag-aleman","9":"product_tag-isolab","11":"first","12":"instock","13":"shipping-taxable","14":"purchasable","15":"product-type-simple"},"blog_post_layout_featured_media_urls":{"thumbnail":["https:\/\/elrincondelquimico.com\/wp-content\/uploads\/2025\/05\/isolab-069-05-175-lavaojos-frasco-x-175-ml-175-ml-150x150.png",150,150,true],"full":["https:\/\/elrincondelquimico.com\/wp-content\/uploads\/2025\/05\/isolab-069-05-175-lavaojos-frasco-x-175-ml-175-ml.png",500,500,false]},"categories":null,"categories_names":null,"comments_number":"0","_links":{"self":[{"href":"https:\/\/elrincondelquimico.com\/index.php?rest_route=\/wp\/v2\/product\/1871","targetHints":{"allow":["GET"]}}],"collection":[{"href":"https:\/\/elrincondelquimico.com\/index.php?rest_route=\/wp\/v2\/product"}],"about":[{"href":"https:\/\/elrincondelquimico.com\/index.php?rest_route=\/wp\/v2\/types\/product"}],"replies":[{"embeddable":true,"href":"https:\/\/elrincondelquimico.com\/index.php?rest_route=%2Fwp%2Fv2%2Fcomments&post=1871"}],"wp:featuredmedia":[{"embeddable":true,"href":"https:\/\/elrincondelquimico.com\/index.php?rest_route=\/wp\/v2\/media\/1870"}],"wp:attachment":[{"href":"https:\/\/elrincondelquimico.com\/index.php?rest_route=%2Fwp%2Fv2%2Fmedia&parent=1871"}],"wp:term":[{"taxonomy":"product_brand","embeddable":true,"href":"https:\/\/elrincondelquimico.com\/index.php?rest_route=%2Fwp%2Fv2%2Fproduct_brand&post=1871"},{"taxonomy":"product_cat","embeddable":true,"href":"https:\/\/elrincondelquimico.com\/index.php?rest_route=%2Fwp%2Fv2%2Fproduct_cat&post=1871"},{"taxonomy":"product_tag","embeddable":true,"href":"https:\/\/elrincondelquimico.com\/index.php?rest_route=%2Fwp%2Fv2%2Fproduct_tag&post=1871"}],"curies":[{"name":"wp","href":"https:\/\/api.w.org\/{rel}","templated":true}]}}