{"id":1837,"date":"2025-05-04T19:52:02","date_gmt":"2025-05-05T00:52:02","guid":{"rendered":"https:\/\/elrincondelquimico.com\/?post_type=product&#038;p=1837"},"modified":"2025-05-04T19:55:40","modified_gmt":"2025-05-05T00:55:40","slug":"gradilla-para-microtubos-0-2-0-5-1-5-ml-de-96-hoyos-cod-080-06-002b-isolab","status":"publish","type":"product","link":"https:\/\/elrincondelquimico.com\/?product=gradilla-para-microtubos-0-2-0-5-1-5-ml-de-96-hoyos-cod-080-06-002b-isolab","title":{"rendered":"GRADILLA PARA MICROTUBOS (0.2 &#8211; 0.5 &#8211; 1.5 ml) DE 96 HOYOS COD 080.06.002B ISOLAB"},"content":{"rendered":"<p>Fabricado en polipropileno con alta resistencia mec\u00e1nica.<br \/>\nResistente a la mayor\u00eda de \u00e1cidos, bases y disolventes. Garantiza una alta resistencia a temperaturas entre -20 \u00b0C y +121 \u00b0C.<br \/>\nEl rack tiene dos lados y cada lado admite tubos de microcentr\u00edfuga de diferentes tama\u00f1os y combinaciones.<br \/>\nLa tapa transparente de la caja facilita la identificaci\u00f3n del contenido del rack y protege los tubos del polvo, la humedad y otros agentes atmosf\u00e9ricos.<br \/>\nEl \u00edndice alfanum\u00e9rico en las filas de tubos facilita la identificaci\u00f3n de su posici\u00f3n. Las zonas de marcado en los laterales facilitan el marcado y etiquetado.<br \/>\nLas diferentes opciones de color permiten la clasificaci\u00f3n y organizaci\u00f3n visual de las diferentes muestras.<br \/>\nLos racks se pueden apilar uno sobre otro para ahorrar espacio.<br \/>\nDise\u00f1o exclusivo para transportar<\/p>\n<p>&nbsp;<\/p>\n<p>&nbsp;<\/p>\n","protected":false},"excerpt":{"rendered":"<p>Fabricado en polipropileno con alta resistencia mec\u00e1nica. Resistente a la mayor\u00eda de \u00e1cidos, bases y disolventes. Garantiza una alta resistencia a temperaturas entre -20 \u00b0C y +121 \u00b0C. El rack tiene dos lados y cada lado admite tubos de microcentr\u00edfuga de diferentes tama\u00f1os y combinaciones. La tapa transparente de la caja facilita la identificaci\u00f3n del<\/p>\n<div class=\"more-link\">\n\t\t\t\t <a href=\"https:\/\/elrincondelquimico.com\/?product=gradilla-para-microtubos-0-2-0-5-1-5-ml-de-96-hoyos-cod-080-06-002b-isolab\" class=\"link-btn\"><span>Continue Leyendo <\/span><i class=\"icofont-thin-double-right\"><\/i><\/a>\n\t\t\t<\/div>\n","protected":false},"featured_media":1838,"comment_status":"open","ping_status":"closed","template":"","meta":{"inline_featured_image":false},"product_brand":[],"product_cat":[27,93],"product_tag":[62,213,216,63],"class_list":{"0":"post-1837","1":"product","2":"type-product","3":"status-publish","4":"has-post-thumbnail","6":"product_cat-isolab","7":"product_cat-plastico","8":"product_tag-aleman","9":"product_tag-autoclavable","10":"product_tag-gradilla","11":"product_tag-isolab","13":"first","14":"instock","15":"shipping-taxable","16":"purchasable","17":"product-type-simple"},"blog_post_layout_featured_media_urls":{"thumbnail":["https:\/\/elrincondelquimico.com\/wp-content\/uploads\/2025\/05\/Sin-titulo-1-17-150x150.jpg",150,150,true],"full":["https:\/\/elrincondelquimico.com\/wp-content\/uploads\/2025\/05\/Sin-titulo-1-17.jpg",1338,1338,false]},"categories":null,"categories_names":null,"comments_number":"0","_links":{"self":[{"href":"https:\/\/elrincondelquimico.com\/index.php?rest_route=\/wp\/v2\/product\/1837","targetHints":{"allow":["GET"]}}],"collection":[{"href":"https:\/\/elrincondelquimico.com\/index.php?rest_route=\/wp\/v2\/product"}],"about":[{"href":"https:\/\/elrincondelquimico.com\/index.php?rest_route=\/wp\/v2\/types\/product"}],"replies":[{"embeddable":true,"href":"https:\/\/elrincondelquimico.com\/index.php?rest_route=%2Fwp%2Fv2%2Fcomments&post=1837"}],"wp:featuredmedia":[{"embeddable":true,"href":"https:\/\/elrincondelquimico.com\/index.php?rest_route=\/wp\/v2\/media\/1838"}],"wp:attachment":[{"href":"https:\/\/elrincondelquimico.com\/index.php?rest_route=%2Fwp%2Fv2%2Fmedia&parent=1837"}],"wp:term":[{"taxonomy":"product_brand","embeddable":true,"href":"https:\/\/elrincondelquimico.com\/index.php?rest_route=%2Fwp%2Fv2%2Fproduct_brand&post=1837"},{"taxonomy":"product_cat","embeddable":true,"href":"https:\/\/elrincondelquimico.com\/index.php?rest_route=%2Fwp%2Fv2%2Fproduct_cat&post=1837"},{"taxonomy":"product_tag","embeddable":true,"href":"https:\/\/elrincondelquimico.com\/index.php?rest_route=%2Fwp%2Fv2%2Fproduct_tag&post=1837"}],"curies":[{"name":"wp","href":"https:\/\/api.w.org\/{rel}","templated":true}]}}