{"id":1833,"date":"2025-05-04T19:41:11","date_gmt":"2025-05-05T00:41:11","guid":{"rendered":"https:\/\/elrincondelquimico.com\/?post_type=product&#038;p=1833"},"modified":"2025-05-04T19:46:49","modified_gmt":"2025-05-05T00:46:49","slug":"gradilla-para-micropipeta-carrusel-para-6-und-cod-006-11-005-isolab","status":"publish","type":"product","link":"https:\/\/elrincondelquimico.com\/?product=gradilla-para-micropipeta-carrusel-para-6-und-cod-006-11-005-isolab","title":{"rendered":"GRADILLA PARA MICROPIPETA CARRUSEL PARA 6 UND COD 006.11.005 ISOLAB"},"content":{"rendered":"<p>Fabricado en polipropileno para su uso con las marcas de micropipetas m\u00e1s comunes. Este soporte robusto y compacto puede albergar c\u00f3modamente hasta 6 pipetas. El soporte circular tipo carrusel gira 360\u00b0 sobre su eje, lo que facilita el acceso a cualquier pipeta.<\/p>\n<p>N\u00famero de cat\u00e1logo: 006.11.005<br \/>\nAltura total: 320 mm<br \/>\nDi\u00e1metro de la base: 160 mm<br \/>\nCantidad por paquete: 1 unidad<\/p>\n<p>&nbsp;<\/p>\n<p>&nbsp;<\/p>\n<p>&nbsp;<\/p>\n","protected":false},"excerpt":{"rendered":"<p>Fabricado en polipropileno para su uso con las marcas de micropipetas m\u00e1s comunes. Este soporte robusto y compacto puede albergar c\u00f3modamente hasta 6 pipetas. El soporte circular tipo carrusel gira 360\u00b0 sobre su eje, lo que facilita el acceso a cualquier pipeta. N\u00famero de cat\u00e1logo: 006.11.005 Altura total: 320 mm Di\u00e1metro de la base: 160<\/p>\n<div class=\"more-link\">\n\t\t\t\t <a href=\"https:\/\/elrincondelquimico.com\/?product=gradilla-para-micropipeta-carrusel-para-6-und-cod-006-11-005-isolab\" class=\"link-btn\"><span>Continue Leyendo <\/span><i class=\"icofont-thin-double-right\"><\/i><\/a>\n\t\t\t<\/div>\n","protected":false},"featured_media":1834,"comment_status":"open","ping_status":"closed","template":"","meta":{"inline_featured_image":false},"product_brand":[],"product_cat":[27,93],"product_tag":[62,213,216,63],"class_list":{"0":"post-1833","1":"product","2":"type-product","3":"status-publish","4":"has-post-thumbnail","6":"product_cat-isolab","7":"product_cat-plastico","8":"product_tag-aleman","9":"product_tag-autoclavable","10":"product_tag-gradilla","11":"product_tag-isolab","13":"first","14":"instock","15":"shipping-taxable","16":"purchasable","17":"product-type-simple"},"blog_post_layout_featured_media_urls":{"thumbnail":["https:\/\/elrincondelquimico.com\/wp-content\/uploads\/2025\/05\/Sin-titulo-1-15-150x150.jpg",150,150,true],"full":["https:\/\/elrincondelquimico.com\/wp-content\/uploads\/2025\/05\/Sin-titulo-1-15.jpg",1338,1338,false]},"categories":null,"categories_names":null,"comments_number":"0","_links":{"self":[{"href":"https:\/\/elrincondelquimico.com\/index.php?rest_route=\/wp\/v2\/product\/1833","targetHints":{"allow":["GET"]}}],"collection":[{"href":"https:\/\/elrincondelquimico.com\/index.php?rest_route=\/wp\/v2\/product"}],"about":[{"href":"https:\/\/elrincondelquimico.com\/index.php?rest_route=\/wp\/v2\/types\/product"}],"replies":[{"embeddable":true,"href":"https:\/\/elrincondelquimico.com\/index.php?rest_route=%2Fwp%2Fv2%2Fcomments&post=1833"}],"wp:featuredmedia":[{"embeddable":true,"href":"https:\/\/elrincondelquimico.com\/index.php?rest_route=\/wp\/v2\/media\/1834"}],"wp:attachment":[{"href":"https:\/\/elrincondelquimico.com\/index.php?rest_route=%2Fwp%2Fv2%2Fmedia&parent=1833"}],"wp:term":[{"taxonomy":"product_brand","embeddable":true,"href":"https:\/\/elrincondelquimico.com\/index.php?rest_route=%2Fwp%2Fv2%2Fproduct_brand&post=1833"},{"taxonomy":"product_cat","embeddable":true,"href":"https:\/\/elrincondelquimico.com\/index.php?rest_route=%2Fwp%2Fv2%2Fproduct_cat&post=1833"},{"taxonomy":"product_tag","embeddable":true,"href":"https:\/\/elrincondelquimico.com\/index.php?rest_route=%2Fwp%2Fv2%2Fproduct_tag&post=1833"}],"curies":[{"name":"wp","href":"https:\/\/api.w.org\/{rel}","templated":true}]}}