{"id":1829,"date":"2025-05-04T19:31:48","date_gmt":"2025-05-05T00:31:48","guid":{"rendered":"https:\/\/elrincondelquimico.com\/?post_type=product&#038;p=1829"},"modified":"2026-03-03T16:55:24","modified_gmt":"2026-03-03T21:55:24","slug":"gradilla-para-cono-imhoff-cod-043-22-002-isolab","status":"publish","type":"product","link":"https:\/\/elrincondelquimico.com\/?product=gradilla-para-cono-imhoff-cod-043-22-002-isolab","title":{"rendered":"GRADILLA PARA CONO IMHOFF COD 043.22.002 ISOLAB"},"content":{"rendered":"<p>Dise\u00f1ado para albergar dos conos de sedimentaci\u00f3n Imhoff de cualquier tipo. Su dise\u00f1o compacto permite transportar f\u00e1cilmente los conos Imhoff incluso cuando est\u00e1n llenos.<\/p>\n<p>&nbsp;<\/p>\n<p>&nbsp;<\/p>\n<p>&nbsp;<\/p>\n","protected":false},"excerpt":{"rendered":"<p>Dise\u00f1ado para albergar dos conos de sedimentaci\u00f3n Imhoff de cualquier tipo. Su dise\u00f1o compacto permite transportar f\u00e1cilmente los conos Imhoff incluso cuando est\u00e1n llenos. &nbsp; &nbsp; &nbsp;<\/p>\n","protected":false},"featured_media":1830,"comment_status":"open","ping_status":"closed","template":"","meta":{"inline_featured_image":false},"product_brand":[],"product_cat":[27,93],"product_tag":[62,213,216,63],"class_list":{"0":"post-1829","1":"product","2":"type-product","3":"status-publish","4":"has-post-thumbnail","6":"product_cat-isolab","7":"product_cat-plastico","8":"product_tag-aleman","9":"product_tag-autoclavable","10":"product_tag-gradilla","11":"product_tag-isolab","13":"first","14":"instock","15":"shipping-taxable","16":"purchasable","17":"product-type-simple"},"blog_post_layout_featured_media_urls":{"thumbnail":["https:\/\/elrincondelquimico.com\/wp-content\/uploads\/2025\/05\/Sin-titulo-1-13-150x150.jpg",150,150,true],"full":["https:\/\/elrincondelquimico.com\/wp-content\/uploads\/2025\/05\/Sin-titulo-1-13.jpg",1338,1338,false]},"categories":null,"categories_names":null,"comments_number":"0","_links":{"self":[{"href":"https:\/\/elrincondelquimico.com\/index.php?rest_route=\/wp\/v2\/product\/1829","targetHints":{"allow":["GET"]}}],"collection":[{"href":"https:\/\/elrincondelquimico.com\/index.php?rest_route=\/wp\/v2\/product"}],"about":[{"href":"https:\/\/elrincondelquimico.com\/index.php?rest_route=\/wp\/v2\/types\/product"}],"replies":[{"embeddable":true,"href":"https:\/\/elrincondelquimico.com\/index.php?rest_route=%2Fwp%2Fv2%2Fcomments&post=1829"}],"wp:featuredmedia":[{"embeddable":true,"href":"https:\/\/elrincondelquimico.com\/index.php?rest_route=\/wp\/v2\/media\/1830"}],"wp:attachment":[{"href":"https:\/\/elrincondelquimico.com\/index.php?rest_route=%2Fwp%2Fv2%2Fmedia&parent=1829"}],"wp:term":[{"taxonomy":"product_brand","embeddable":true,"href":"https:\/\/elrincondelquimico.com\/index.php?rest_route=%2Fwp%2Fv2%2Fproduct_brand&post=1829"},{"taxonomy":"product_cat","embeddable":true,"href":"https:\/\/elrincondelquimico.com\/index.php?rest_route=%2Fwp%2Fv2%2Fproduct_cat&post=1829"},{"taxonomy":"product_tag","embeddable":true,"href":"https:\/\/elrincondelquimico.com\/index.php?rest_route=%2Fwp%2Fv2%2Fproduct_tag&post=1829"}],"curies":[{"name":"wp","href":"https:\/\/api.w.org\/{rel}","templated":true}]}}