{"id":1827,"date":"2025-05-04T18:44:24","date_gmt":"2025-05-04T23:44:24","guid":{"rendered":"https:\/\/elrincondelquimico.com\/?post_type=product&#038;p=1827"},"modified":"2025-11-24T17:11:08","modified_gmt":"2025-11-24T22:11:08","slug":"gradilla-de-plastico-autoclavable-tubos-25mm-32-hoyos-cod-079-01-005b-isolab","status":"publish","type":"product","link":"https:\/\/elrincondelquimico.com\/?product=gradilla-de-plastico-autoclavable-tubos-25mm-32-hoyos-cod-079-01-005b-isolab","title":{"rendered":"GRADILLA DE PLASTICO AUTOCLAVABLE TUBOS 25MM (32 HOYOS) COD 079.01.005B ISOLAB"},"content":{"rendered":"<p>Fabricadas con polipropileno modificado, lo que permite su uso en ba\u00f1os de agua sin flotaci\u00f3n.<br \/>\nGarantizan una resistencia a temperaturas entre -20 \u00b0C y +121 \u00b0C.<br \/>\n4 opciones de color diferentes permiten la clasificaci\u00f3n y organizaci\u00f3n visual de las diferentes muestras.<br \/>\nLa referencia alfanum\u00e9rica de la cuadr\u00edcula en el nivel superior de la gradilla facilita la ubicaci\u00f3n de los tubos y el posicionamiento de las muestras.<br \/>\nLas gradillas se suministran desmontadas para reducir el espacio de almacenamiento.<br \/>\nLas gradillas se montan f\u00e1cilmente en menos de medio minuto.<\/p>\n<p>&nbsp;<\/p>\n<p>&nbsp;<\/p>\n<p>&nbsp;<\/p>\n","protected":false},"excerpt":{"rendered":"<p>Fabricadas con polipropileno modificado, lo que permite su uso en ba\u00f1os de agua sin flotaci\u00f3n. Garantizan una resistencia a temperaturas entre -20 \u00b0C y +121 \u00b0C. 4 opciones de color diferentes permiten la clasificaci\u00f3n y organizaci\u00f3n visual de las diferentes muestras. La referencia alfanum\u00e9rica de la cuadr\u00edcula en el nivel superior de la gradilla facilita<\/p>\n<div class=\"more-link\">\n\t\t\t\t <a href=\"https:\/\/elrincondelquimico.com\/?product=gradilla-de-plastico-autoclavable-tubos-25mm-32-hoyos-cod-079-01-005b-isolab\" class=\"link-btn\"><span>Continue Leyendo <\/span><i class=\"icofont-thin-double-right\"><\/i><\/a>\n\t\t\t<\/div>\n","protected":false},"featured_media":1823,"comment_status":"open","ping_status":"closed","template":"","meta":{"inline_featured_image":false},"product_brand":[],"product_cat":[27,93],"product_tag":[62,213,216,63],"class_list":{"0":"post-1827","1":"product","2":"type-product","3":"status-publish","4":"has-post-thumbnail","6":"product_cat-isolab","7":"product_cat-plastico","8":"product_tag-aleman","9":"product_tag-autoclavable","10":"product_tag-gradilla","11":"product_tag-isolab","13":"first","14":"instock","15":"shipping-taxable","16":"purchasable","17":"product-type-simple"},"blog_post_layout_featured_media_urls":{"thumbnail":["https:\/\/elrincondelquimico.com\/wp-content\/uploads\/2025\/05\/Sin-titulo-1-12-150x150.jpg",150,150,true],"full":["https:\/\/elrincondelquimico.com\/wp-content\/uploads\/2025\/05\/Sin-titulo-1-12.jpg",1338,1338,false]},"categories":null,"categories_names":null,"comments_number":"0","_links":{"self":[{"href":"https:\/\/elrincondelquimico.com\/index.php?rest_route=\/wp\/v2\/product\/1827","targetHints":{"allow":["GET"]}}],"collection":[{"href":"https:\/\/elrincondelquimico.com\/index.php?rest_route=\/wp\/v2\/product"}],"about":[{"href":"https:\/\/elrincondelquimico.com\/index.php?rest_route=\/wp\/v2\/types\/product"}],"replies":[{"embeddable":true,"href":"https:\/\/elrincondelquimico.com\/index.php?rest_route=%2Fwp%2Fv2%2Fcomments&post=1827"}],"wp:featuredmedia":[{"embeddable":true,"href":"https:\/\/elrincondelquimico.com\/index.php?rest_route=\/wp\/v2\/media\/1823"}],"wp:attachment":[{"href":"https:\/\/elrincondelquimico.com\/index.php?rest_route=%2Fwp%2Fv2%2Fmedia&parent=1827"}],"wp:term":[{"taxonomy":"product_brand","embeddable":true,"href":"https:\/\/elrincondelquimico.com\/index.php?rest_route=%2Fwp%2Fv2%2Fproduct_brand&post=1827"},{"taxonomy":"product_cat","embeddable":true,"href":"https:\/\/elrincondelquimico.com\/index.php?rest_route=%2Fwp%2Fv2%2Fproduct_cat&post=1827"},{"taxonomy":"product_tag","embeddable":true,"href":"https:\/\/elrincondelquimico.com\/index.php?rest_route=%2Fwp%2Fv2%2Fproduct_tag&post=1827"}],"curies":[{"name":"wp","href":"https:\/\/api.w.org\/{rel}","templated":true}]}}